{"id":16801,"date":"2026-04-16T01:02:49","date_gmt":"2026-04-16T05:02:49","guid":{"rendered":"https:\/\/hunterproboutique.com\/product\/pince-a-poils-recourbee-5\/"},"modified":"2026-04-16T03:16:23","modified_gmt":"2026-04-16T07:16:23","slug":"pince-a-poils-recourbee-5","status":"publish","type":"product","link":"https:\/\/hunterproboutique.com\/fr\/produit\/pince-a-poils-recourbee-5\/","title":{"rendered":"PINCE A POILS RECOURBEE, 5&#8242;"},"content":{"rendered":"<p>PINCE \u00c0 POILS &#8211; RECOURB\u00c9E, 5&#8242;  Le soin des oreilles est une partie importante du toilettage d&#8217;entretien qui a un impact direct sur le confort et la sant\u00e9 du chien. L&#8217;int\u00e9rieur d&#8217;une oreille saine est naturellement rose et ne d\u00e9gage aucune odeur. Une petite quantit\u00e9 de c\u00e9rumen dans le canal est normale.   *Fabriqu\u00e9es en acier inoxydable avec une charni\u00e8re qui se tend toute seule et reste en place jusqu&#8217;\u00e0 ce qu&#8217;on la d\u00e9place.  *Ils n&#8217;ont pas de cliquet de verrouillage et sont faciles \u00e0 d\u00e9sinfecter. *Le nez dentel\u00e9 facilite la manipulation<\/p>\n","protected":false},"excerpt":{"rendered":"<p>PINCE \u00c0 POILS &#8211; RECOURB\u00c9E, 5&#8242;  Le soin des oreilles est une partie importante du toilettage d&#8217;entretien qui a un impact direct sur le confort et la sant\u00e9 du chien. L&#8217;int\u00e9rieur d&#8217;une oreille saine est naturellement rose et ne d\u00e9gage aucune odeur. Une petite quantit\u00e9 de c\u00e9rumen dans le canal est normale.   *Fabriqu\u00e9es en acier inoxydable avec une charni\u00e8re qui se tend toute seule et reste en place jusqu&#8217;\u00e0 ce qu&#8217;on la d\u00e9place.  *Ils n&#8217;ont pas de cliquet de verrouillage et sont faciles \u00e0 d\u00e9sinfecter. *Le nez dentel\u00e9 facilite la manipulation<\/p>\n","protected":false},"featured_media":27861,"template":"","meta":[],"product_brand":[],"product_cat":[360,364,345],"product_tag":[],"class_list":{"0":"post-16801","1":"product","2":"type-product","3":"status-publish","4":"has-post-thumbnail","6":"product_cat-hygiene-et-soins-chien","7":"product_cat-soin-des-yeux-oreille-et-buccale-et-instruments","8":"product_cat-toilettage","10":"first","11":"instock","12":"taxable","13":"shipping-taxable","14":"purchasable","15":"product-type-simple"},"aioseo_notices":[],"_links":{"self":[{"href":"https:\/\/hunterproboutique.com\/fr\/wp-json\/wp\/v2\/product\/16801","targetHints":{"allow":["GET"]}}],"collection":[{"href":"https:\/\/hunterproboutique.com\/fr\/wp-json\/wp\/v2\/product"}],"about":[{"href":"https:\/\/hunterproboutique.com\/fr\/wp-json\/wp\/v2\/types\/product"}],"wp:featuredmedia":[{"embeddable":true,"href":"https:\/\/hunterproboutique.com\/fr\/wp-json\/wp\/v2\/media\/27861"}],"wp:attachment":[{"href":"https:\/\/hunterproboutique.com\/fr\/wp-json\/wp\/v2\/media?parent=16801"}],"wp:term":[{"taxonomy":"product_brand","embeddable":true,"href":"https:\/\/hunterproboutique.com\/fr\/wp-json\/wp\/v2\/product_brand?post=16801"},{"taxonomy":"product_cat","embeddable":true,"href":"https:\/\/hunterproboutique.com\/fr\/wp-json\/wp\/v2\/product_cat?post=16801"},{"taxonomy":"product_tag","embeddable":true,"href":"https:\/\/hunterproboutique.com\/fr\/wp-json\/wp\/v2\/product_tag?post=16801"}],"curies":[{"name":"wp","href":"https:\/\/api.w.org\/{rel}","templated":true}]}}