{"id":16809,"date":"2026-04-16T01:02:08","date_gmt":"2026-04-16T05:02:08","guid":{"rendered":"https:\/\/hunterproboutique.com\/product\/vitacoat-diamond-eyes-125ml\/"},"modified":"2026-04-15T03:15:09","modified_gmt":"2026-04-15T07:15:09","slug":"vitacoat-diamond-eyes-125ml","status":"publish","type":"product","link":"https:\/\/hunterproboutique.com\/fr\/produit\/vitacoat-diamond-eyes-125ml\/","title":{"rendered":"VITACOAT DIAMOND EYES 125ml"},"content":{"rendered":"<p>DIAMOND EYES 125ML  Diamond Eyes est un nettoyeur anti-cernes con\u00e7u pour les chiens, les chats et autres petits animaux.   *Son utilisation autour des yeux est efficace et s\u00e9curitaire. *Il rendra la fourrure plus l\u00e9g\u00e8re et lumineuse.  *Disponible en 125 et 250 ml.<\/p>\n","protected":false},"excerpt":{"rendered":"<p>DIAMOND EYES 125ML  Diamond Eyes est un nettoyeur anti-cernes con\u00e7u pour les chiens, les chats et autres petits animaux.   *Son utilisation autour des yeux est efficace et s\u00e9curitaire. *Il rendra la fourrure plus l\u00e9g\u00e8re et lumineuse.  *Disponible en 125 et 250 ml.<\/p>\n","protected":false},"featured_media":17879,"template":"","meta":[],"product_brand":[],"product_cat":[360,364,345],"product_tag":[],"class_list":{"0":"post-16809","1":"product","2":"type-product","3":"status-publish","4":"has-post-thumbnail","6":"product_cat-hygiene-et-soins-chien","7":"product_cat-soin-des-yeux-oreille-et-buccale-et-instruments","8":"product_cat-toilettage","10":"first","11":"outofstock","12":"taxable","13":"shipping-taxable","14":"purchasable","15":"product-type-simple"},"aioseo_notices":[],"_links":{"self":[{"href":"https:\/\/hunterproboutique.com\/fr\/wp-json\/wp\/v2\/product\/16809","targetHints":{"allow":["GET"]}}],"collection":[{"href":"https:\/\/hunterproboutique.com\/fr\/wp-json\/wp\/v2\/product"}],"about":[{"href":"https:\/\/hunterproboutique.com\/fr\/wp-json\/wp\/v2\/types\/product"}],"wp:featuredmedia":[{"embeddable":true,"href":"https:\/\/hunterproboutique.com\/fr\/wp-json\/wp\/v2\/media\/17879"}],"wp:attachment":[{"href":"https:\/\/hunterproboutique.com\/fr\/wp-json\/wp\/v2\/media?parent=16809"}],"wp:term":[{"taxonomy":"product_brand","embeddable":true,"href":"https:\/\/hunterproboutique.com\/fr\/wp-json\/wp\/v2\/product_brand?post=16809"},{"taxonomy":"product_cat","embeddable":true,"href":"https:\/\/hunterproboutique.com\/fr\/wp-json\/wp\/v2\/product_cat?post=16809"},{"taxonomy":"product_tag","embeddable":true,"href":"https:\/\/hunterproboutique.com\/fr\/wp-json\/wp\/v2\/product_tag?post=16809"}],"curies":[{"name":"wp","href":"https:\/\/api.w.org\/{rel}","templated":true}]}}