{"id":17661,"date":"2026-04-23T01:02:04","date_gmt":"2026-04-23T05:02:04","guid":{"rendered":"https:\/\/hunterproboutique.com\/product\/100ml-nettoie-oreilles\/"},"modified":"2026-04-23T03:15:12","modified_gmt":"2026-04-23T07:15:12","slug":"100ml-nettoie-oreilles","status":"publish","type":"product","link":"https:\/\/hunterproboutique.com\/fr\/produit\/100ml-nettoie-oreilles\/","title":{"rendered":"100ml LIQUIDE  NETTOIE-OREILLES"},"content":{"rendered":"<p>NETTOYEUR POUR OREILLES, LIQUIDE 100ml  Entretenir les oreilles de son chien est important pour sa sant\u00e9. Ce geste simple pr\u00e9vient contre les otites et autres maladies ORL.   *Ce produit Hunter compl\u00e8te la session du nettoyage d&#8217;oreilles.  *\u00c0 utiliser pour compl\u00e9ter le nettoyage, une fois l&#8217;\u00e9pilation avec la POUDRE \u00c0 OREILLES HUNTER termin\u00e9e *Aussi disponible en format 1L<\/p>\n","protected":false},"excerpt":{"rendered":"<p>NETTOYEUR POUR OREILLES, LIQUIDE 100ml  Entretenir les oreilles de son chien est important pour sa sant\u00e9. Ce geste simple pr\u00e9vient contre les otites et autres maladies ORL.   *Ce produit Hunter compl\u00e8te la session du nettoyage d&#8217;oreilles.  *\u00c0 utiliser pour compl\u00e9ter le nettoyage, une fois l&#8217;\u00e9pilation avec la POUDRE \u00c0 OREILLES HUNTER termin\u00e9e *Aussi disponible en format 1L<\/p>\n","protected":false},"featured_media":17871,"template":"","meta":[],"product_brand":[],"product_cat":[360,364,345],"product_tag":[],"class_list":{"0":"post-17661","1":"product","2":"type-product","3":"status-publish","4":"has-post-thumbnail","6":"product_cat-hygiene-et-soins-chien","7":"product_cat-soin-des-yeux-oreille-et-buccale-et-instruments","8":"product_cat-toilettage","10":"first","11":"instock","12":"taxable","13":"shipping-taxable","14":"purchasable","15":"product-type-simple"},"aioseo_notices":[],"_links":{"self":[{"href":"https:\/\/hunterproboutique.com\/fr\/wp-json\/wp\/v2\/product\/17661","targetHints":{"allow":["GET"]}}],"collection":[{"href":"https:\/\/hunterproboutique.com\/fr\/wp-json\/wp\/v2\/product"}],"about":[{"href":"https:\/\/hunterproboutique.com\/fr\/wp-json\/wp\/v2\/types\/product"}],"wp:featuredmedia":[{"embeddable":true,"href":"https:\/\/hunterproboutique.com\/fr\/wp-json\/wp\/v2\/media\/17871"}],"wp:attachment":[{"href":"https:\/\/hunterproboutique.com\/fr\/wp-json\/wp\/v2\/media?parent=17661"}],"wp:term":[{"taxonomy":"product_brand","embeddable":true,"href":"https:\/\/hunterproboutique.com\/fr\/wp-json\/wp\/v2\/product_brand?post=17661"},{"taxonomy":"product_cat","embeddable":true,"href":"https:\/\/hunterproboutique.com\/fr\/wp-json\/wp\/v2\/product_cat?post=17661"},{"taxonomy":"product_tag","embeddable":true,"href":"https:\/\/hunterproboutique.com\/fr\/wp-json\/wp\/v2\/product_tag?post=17661"}],"curies":[{"name":"wp","href":"https:\/\/api.w.org\/{rel}","templated":true}]}}