{"id":17720,"date":"2026-04-16T01:02:45","date_gmt":"2026-04-16T05:02:45","guid":{"rendered":"https:\/\/hunterproboutique.com\/product\/65730-7%c2%bd-peigne-droit\/"},"modified":"2026-04-16T03:16:17","modified_gmt":"2026-04-16T07:16:17","slug":"65730-7%c2%bd-peigne-droit","status":"publish","type":"product","link":"https:\/\/hunterproboutique.com\/fr\/produit\/65730-7%c2%bd-peigne-droit\/","title":{"rendered":"68550 7\u00bd PEIGNE DROIT"},"content":{"rendered":"<p>7\u00bd PEIGNE DROIT  Id\u00e9al pour toutes les tailles de chats et chiens.  *\u00c9limine les enchev\u00eatrements et la salet\u00e9 *Construction en acier. *Parfait pour la finition *L\u00e9ger pour un toilettage sans fatigue *Dents espac\u00e9es et fines<\/p>\n","protected":false},"excerpt":{"rendered":"<p>7\u00bd PEIGNE DROIT  Id\u00e9al pour toutes les tailles de chats et chiens.  *\u00c9limine les enchev\u00eatrements et la salet\u00e9 *Construction en acier. *Parfait pour la finition *L\u00e9ger pour un toilettage sans fatigue *Dents espac\u00e9es et fines<\/p>\n","protected":false},"featured_media":27785,"template":"","meta":[],"product_brand":[],"product_cat":[360,363,345],"product_tag":[],"class_list":{"0":"post-17720","1":"product","2":"type-product","3":"status-publish","4":"has-post-thumbnail","6":"product_cat-hygiene-et-soins-chien","7":"product_cat-peignes-et-rateaux","8":"product_cat-toilettage","10":"first","11":"instock","12":"taxable","13":"shipping-taxable","14":"purchasable","15":"product-type-simple"},"aioseo_notices":[],"_links":{"self":[{"href":"https:\/\/hunterproboutique.com\/fr\/wp-json\/wp\/v2\/product\/17720","targetHints":{"allow":["GET"]}}],"collection":[{"href":"https:\/\/hunterproboutique.com\/fr\/wp-json\/wp\/v2\/product"}],"about":[{"href":"https:\/\/hunterproboutique.com\/fr\/wp-json\/wp\/v2\/types\/product"}],"wp:featuredmedia":[{"embeddable":true,"href":"https:\/\/hunterproboutique.com\/fr\/wp-json\/wp\/v2\/media\/27785"}],"wp:attachment":[{"href":"https:\/\/hunterproboutique.com\/fr\/wp-json\/wp\/v2\/media?parent=17720"}],"wp:term":[{"taxonomy":"product_brand","embeddable":true,"href":"https:\/\/hunterproboutique.com\/fr\/wp-json\/wp\/v2\/product_brand?post=17720"},{"taxonomy":"product_cat","embeddable":true,"href":"https:\/\/hunterproboutique.com\/fr\/wp-json\/wp\/v2\/product_cat?post=17720"},{"taxonomy":"product_tag","embeddable":true,"href":"https:\/\/hunterproboutique.com\/fr\/wp-json\/wp\/v2\/product_tag?post=17720"}],"curies":[{"name":"wp","href":"https:\/\/api.w.org\/{rel}","templated":true}]}}