{"id":19782,"date":"2026-05-07T01:02:06","date_gmt":"2026-05-07T05:02:06","guid":{"rendered":"https:\/\/hunterproboutique.com\/product\/pulverisateur-anti-griffures-pour-chats\/"},"modified":"2026-05-07T03:15:18","modified_gmt":"2026-05-07T07:15:18","slug":"pulverisateur-anti-griffures-pour-chats","status":"publish","type":"product","link":"https:\/\/hunterproboutique.com\/fr\/produit\/pulverisateur-anti-griffures-pour-chats\/","title":{"rendered":"PULVERISATEUR ANTI-GRIFFURES POUR CHATS"},"content":{"rendered":"<p>PULVERISATEUR ANTI-GRIFFURES POUR CHATS, 400 mL  *Aide \u00e0 dissuader votre chat de griffer les meubles et autres surfaces  *A base d&#8217;ingr\u00e9dients d&#8217;origine v\u00e9g\u00e9tale *Pour assurer de meilleurs r\u00e9sultats, suivre le mode d&#8217;emploi<\/p>\n","protected":false},"excerpt":{"rendered":"<p>PULVERISATEUR ANTI-GRIFFURES POUR CHATS, 400 mL  *Aide \u00e0 dissuader votre chat de griffer les meubles et autres surfaces  *A base d&#8217;ingr\u00e9dients d&#8217;origine v\u00e9g\u00e9tale *Pour assurer de meilleurs r\u00e9sultats, suivre le mode d&#8217;emploi<\/p>\n","protected":false},"featured_media":26606,"template":"","meta":[],"product_brand":[],"product_cat":[360,513,345],"product_tag":[],"class_list":{"0":"post-19782","1":"product","2":"type-product","3":"status-publish","4":"has-post-thumbnail","6":"product_cat-hygiene-et-soins-chien","7":"product_cat-produits","8":"product_cat-toilettage","10":"first","11":"instock","12":"taxable","13":"shipping-taxable","14":"purchasable","15":"product-type-simple"},"aioseo_notices":[],"_links":{"self":[{"href":"https:\/\/hunterproboutique.com\/fr\/wp-json\/wp\/v2\/product\/19782","targetHints":{"allow":["GET"]}}],"collection":[{"href":"https:\/\/hunterproboutique.com\/fr\/wp-json\/wp\/v2\/product"}],"about":[{"href":"https:\/\/hunterproboutique.com\/fr\/wp-json\/wp\/v2\/types\/product"}],"wp:featuredmedia":[{"embeddable":true,"href":"https:\/\/hunterproboutique.com\/fr\/wp-json\/wp\/v2\/media\/26606"}],"wp:attachment":[{"href":"https:\/\/hunterproboutique.com\/fr\/wp-json\/wp\/v2\/media?parent=19782"}],"wp:term":[{"taxonomy":"product_brand","embeddable":true,"href":"https:\/\/hunterproboutique.com\/fr\/wp-json\/wp\/v2\/product_brand?post=19782"},{"taxonomy":"product_cat","embeddable":true,"href":"https:\/\/hunterproboutique.com\/fr\/wp-json\/wp\/v2\/product_cat?post=19782"},{"taxonomy":"product_tag","embeddable":true,"href":"https:\/\/hunterproboutique.com\/fr\/wp-json\/wp\/v2\/product_tag?post=19782"}],"curies":[{"name":"wp","href":"https:\/\/api.w.org\/{rel}","templated":true}]}}