{"id":19784,"date":"2026-04-15T01:02:10","date_gmt":"2026-04-15T05:02:10","guid":{"rendered":"https:\/\/hunterproboutique.com\/product\/8oz-vap-sensations-brulures-et-demengeaisons\/"},"modified":"2026-04-15T03:15:11","modified_gmt":"2026-04-15T07:15:11","slug":"8oz-vap-sensations-brulures-et-demengeaisons","status":"publish","type":"product","link":"https:\/\/hunterproboutique.com\/fr\/produit\/8oz-vap-sensations-brulures-et-demengeaisons\/","title":{"rendered":"8oz    VAP. SENSATIONS BR\u00dbLURES ET D\u00c9MENGEAISONS"},"content":{"rendered":"<p>WAHL VAPORISATEUR SENSATIONS BR\u00dbLURES ET D\u00c9MENGEAISONS,240 ml  *Formule apaisante et rafra\u00eechissante  *Aide \u00e0 soulager la br\u00fblure et les d\u00e9mangeaisons d\u00fbes aux &#8221;hot spots&#8221;, puces,  champignons de pelouse et allergies alimentaires. *Convient aux chiens, chats, chiots, chatons, furets, chevaux et autres animaux de ferme.  *Pr\u00eat \u00e0 \u00eatre utilis\u00e9, ce produit  emp\u00eache l&#8217;animal de se mordre ou se l\u00e9cher *Il ne contient pas de st\u00e9ro\u00efdes.  *Naturel, biod\u00e9gradable et organique, ce produit au pH \u00e9quilibr\u00e9 est doux pour les yeux *Enrichi de vitamines et d&#8217;huile de th\u00e9ier afin d&#8217;apaiser, hydrater et conditionner la peau.<\/p>\n","protected":false},"excerpt":{"rendered":"<p>WAHL VAPORISATEUR SENSATIONS BR\u00dbLURES ET D\u00c9MENGEAISONS,240 ml  *Formule apaisante et rafra\u00eechissante  *Aide \u00e0 soulager la br\u00fblure et les d\u00e9mangeaisons d\u00fbes aux &#8221;hot spots&#8221;, puces,  champignons de pelouse et allergies alimentaires. *Convient aux chiens, chats, chiots, chatons, furets, chevaux et autres animaux de ferme.  *Pr\u00eat \u00e0 \u00eatre utilis\u00e9, ce produit  emp\u00eache l&#8217;animal de se mordre ou se l\u00e9cher *Il ne contient pas de st\u00e9ro\u00efdes.  *Naturel, biod\u00e9gradable et organique, ce produit au pH \u00e9quilibr\u00e9 est doux pour les yeux *Enrichi de vitamines et d&#8217;huile de th\u00e9ier afin d&#8217;apaiser, hydrater et conditionner la peau.<\/p>\n","protected":false},"featured_media":26608,"template":"","meta":[],"product_brand":[],"product_cat":[360,364,345],"product_tag":[],"class_list":{"0":"post-19784","1":"product","2":"type-product","3":"status-publish","4":"has-post-thumbnail","6":"product_cat-hygiene-et-soins-chien","7":"product_cat-soin-des-yeux-oreille-et-buccale-et-instruments","8":"product_cat-toilettage","10":"first","11":"outofstock","12":"taxable","13":"shipping-taxable","14":"purchasable","15":"product-type-simple"},"aioseo_notices":[],"_links":{"self":[{"href":"https:\/\/hunterproboutique.com\/fr\/wp-json\/wp\/v2\/product\/19784","targetHints":{"allow":["GET"]}}],"collection":[{"href":"https:\/\/hunterproboutique.com\/fr\/wp-json\/wp\/v2\/product"}],"about":[{"href":"https:\/\/hunterproboutique.com\/fr\/wp-json\/wp\/v2\/types\/product"}],"wp:featuredmedia":[{"embeddable":true,"href":"https:\/\/hunterproboutique.com\/fr\/wp-json\/wp\/v2\/media\/26608"}],"wp:attachment":[{"href":"https:\/\/hunterproboutique.com\/fr\/wp-json\/wp\/v2\/media?parent=19784"}],"wp:term":[{"taxonomy":"product_brand","embeddable":true,"href":"https:\/\/hunterproboutique.com\/fr\/wp-json\/wp\/v2\/product_brand?post=19784"},{"taxonomy":"product_cat","embeddable":true,"href":"https:\/\/hunterproboutique.com\/fr\/wp-json\/wp\/v2\/product_cat?post=19784"},{"taxonomy":"product_tag","embeddable":true,"href":"https:\/\/hunterproboutique.com\/fr\/wp-json\/wp\/v2\/product_tag?post=19784"}],"curies":[{"name":"wp","href":"https:\/\/api.w.org\/{rel}","templated":true}]}}