{"id":19793,"date":"2026-04-16T01:02:11","date_gmt":"2026-04-16T05:02:11","guid":{"rendered":"https:\/\/hunterproboutique.com\/product\/ensemble-de-2-brosses-a-dents-au-charbon-wahl\/"},"modified":"2026-04-16T03:15:17","modified_gmt":"2026-04-16T07:15:17","slug":"ensemble-de-2-brosses-a-dents-au-charbon-wahl","status":"publish","type":"product","link":"https:\/\/hunterproboutique.com\/fr\/produit\/ensemble-de-2-brosses-a-dents-au-charbon-wahl\/","title":{"rendered":"ENSEMBLE DE 2 BROSSES \u00c0 DENTS, AU CHARBON, WAHL"},"content":{"rendered":"<p>ENSEMBLE DE 2 BROSSES \u00c0 DENTS, SOIES INFUS\u00c9ES AU CHARBON  Un brossage r\u00e9gulier des dents peut aider \u00e0 pr\u00e9venir la formation de plaque et la mauvaise haleine.  *Soies infus\u00e9es au charbon, d\u00e9sodorisant naturel et sans danger *Aide \u00e0 lutter contre la mauvaise haleine *Poign\u00e9e \u00e9cologique en bambou, r\u00e9siste \u00e0 l&#8217;eau et ne se fend pas *Paquet de 2 brosses: 1 de taille r\u00e9guli\u00e8re pour chiens de grande taille *1 de petite taille pour les endroits difficiles \u00e0 atteindre et parfaite pour chiot ou chien petite taille<\/p>\n","protected":false},"excerpt":{"rendered":"<p>ENSEMBLE DE 2 BROSSES \u00c0 DENTS, SOIES INFUS\u00c9ES AU CHARBON  Un brossage r\u00e9gulier des dents peut aider \u00e0 pr\u00e9venir la formation de plaque et la mauvaise haleine.  *Soies infus\u00e9es au charbon, d\u00e9sodorisant naturel et sans danger *Aide \u00e0 lutter contre la mauvaise haleine *Poign\u00e9e \u00e9cologique en bambou, r\u00e9siste \u00e0 l&#8217;eau et ne se fend pas *Paquet de 2 brosses: 1 de taille r\u00e9guli\u00e8re pour chiens de grande taille *1 de petite taille pour les endroits difficiles \u00e0 atteindre et parfaite pour chiot ou chien petite taille<\/p>\n","protected":false},"featured_media":26724,"template":"","meta":[],"product_brand":[],"product_cat":[360,364,345],"product_tag":[],"class_list":{"0":"post-19793","1":"product","2":"type-product","3":"status-publish","4":"has-post-thumbnail","6":"product_cat-hygiene-et-soins-chien","7":"product_cat-soin-des-yeux-oreille-et-buccale-et-instruments","8":"product_cat-toilettage","10":"first","11":"outofstock","12":"taxable","13":"shipping-taxable","14":"purchasable","15":"product-type-simple"},"aioseo_notices":[],"_links":{"self":[{"href":"https:\/\/hunterproboutique.com\/fr\/wp-json\/wp\/v2\/product\/19793","targetHints":{"allow":["GET"]}}],"collection":[{"href":"https:\/\/hunterproboutique.com\/fr\/wp-json\/wp\/v2\/product"}],"about":[{"href":"https:\/\/hunterproboutique.com\/fr\/wp-json\/wp\/v2\/types\/product"}],"wp:featuredmedia":[{"embeddable":true,"href":"https:\/\/hunterproboutique.com\/fr\/wp-json\/wp\/v2\/media\/26724"}],"wp:attachment":[{"href":"https:\/\/hunterproboutique.com\/fr\/wp-json\/wp\/v2\/media?parent=19793"}],"wp:term":[{"taxonomy":"product_brand","embeddable":true,"href":"https:\/\/hunterproboutique.com\/fr\/wp-json\/wp\/v2\/product_brand?post=19793"},{"taxonomy":"product_cat","embeddable":true,"href":"https:\/\/hunterproboutique.com\/fr\/wp-json\/wp\/v2\/product_cat?post=19793"},{"taxonomy":"product_tag","embeddable":true,"href":"https:\/\/hunterproboutique.com\/fr\/wp-json\/wp\/v2\/product_tag?post=19793"}],"curies":[{"name":"wp","href":"https:\/\/api.w.org\/{rel}","templated":true}]}}