{"id":19796,"date":"2026-04-16T01:02:11","date_gmt":"2026-04-16T05:02:11","guid":{"rendered":"https:\/\/hunterproboutique.com\/product\/bain-inoxydable-ajust-elect-complet-avec-accessoires\/"},"modified":"2026-04-16T03:15:17","modified_gmt":"2026-04-16T07:15:17","slug":"bain-inoxydable-ajust-elect-complet-avec-accessoires","status":"publish","type":"product","link":"https:\/\/hunterproboutique.com\/fr\/produit\/bain-inoxydable-ajust-elect-complet-avec-accessoires\/","title":{"rendered":"BAIN INOXYDABLE AJUST., ELECT.complet avec accessoires"},"content":{"rendered":"<p>BAIN ELECTRIQUE EN ACIER INOXYDABLE COMPLET AVEC ACCESSOIRES  Comprend tous les accessoires n\u00e9cessaires \u00e0 l&#8217;installation et \u00e0 l&#8217;utilisation.  *Ascenseur \u00e9lectrique, actionneur et transformateur Linak et p\u00e9dale  *Porte coulissante de gauche \u00e0 droite, pour un acc\u00e8s facile *Kit complet de robinetterie comprend, tuyaux d&#8217;eau chaude et froide, panier de vidange en acier inoxydable, \u00e9crous de blocage pour l&#8217;installation, plus le tuyau flexible et pulv\u00e9risateur pour le toilettage *Support de shampooing ,barre de toilettage, anneau pour loupe de toilettage  *Rehausseur pour chiots pour ajustement selon la taille  Dimensions: :  51L x 27W x 43 \u00e0 69 H pouces                       130L x 69W x 109,5 \u00e0 175,5 H cm                        poids net 92 kgs  &#8211;  poids brut 140 kgs  NOTE: Bien que facile d&#8217;entretien, il vaut mieux toujours nettoyer le bain quotidiennement avec un produit doux pour l&#8217;inox, Rincer, appliquer un d\u00e9sinfectant si d\u00e9sir\u00e9. Rincer \u00e0 nouveau pour \u00e9liminer tous r\u00e9sidus.  *** NOTER QUE DES FRAIS DE TRANSPORT SONT APPLICABLES POUR CE PRODUIT. NOUS VOUS CONTACTERONS AVEC LES DETAILS UNE FOIS LA COMMANDE CONFIRMEE. &#8212;&#8212;&#8212;&#8212;&#8212;&#8212;&#8212;&#8212;&#8212;&#8212;&#8212;&#8212;&#8212;&#8212;&#8212;&#8212;&#8212;&#8212;&#8212;&#8212;&#8212;&#8212;&#8212;&#8212;&#8212;&#8212;&#8212;&#8212;&#8212;&#8212;&#8212;&#8212;&#8212;&#8212;&#8212;&#8212;&#8212;&#8212;&#8212;&#8212;&#8212;&#8212;&#8212;&#8212;&#8212;&#8212;&#8212;&#8212;&#8212;&#8212;&#8211;<\/p>\n","protected":false},"excerpt":{"rendered":"<p>BAIN ELECTRIQUE EN ACIER INOXYDABLE COMPLET AVEC ACCESSOIRES  Comprend tous les accessoires n\u00e9cessaires \u00e0 l&#8217;installation et \u00e0 l&#8217;utilisation.  *Ascenseur \u00e9lectrique, actionneur et transformateur Linak et p\u00e9dale  *Porte coulissante de gauche \u00e0 droite, pour un acc\u00e8s facile *Kit complet de robinetterie comprend, tuyaux d&#8217;eau chaude et froide, panier de vidange en acier inoxydable, \u00e9crous de blocage pour l&#8217;installation, plus le tuyau flexible et pulv\u00e9risateur pour le toilettage *Support de shampooing ,barre de toilettage, anneau pour loupe de toilettage  *Rehausseur pour chiots pour ajustement selon la taille  Dimensions: :  51L x 27W x 43 \u00e0 69 H pouces                       130L x 69W x 109,5 \u00e0 175,5 H cm                        poids net 92 kgs  &#8211;  poids brut 140 kgs  NOTE: Bien que facile d&#8217;entretien, il vaut mieux toujours nettoyer le bain quotidiennement avec un produit doux pour l&#8217;inox, Rincer, appliquer un d\u00e9sinfectant si d\u00e9sir\u00e9. Rincer \u00e0 nouveau pour \u00e9liminer tous r\u00e9sidus.  *** NOTER QUE DES FRAIS DE TRANSPORT SONT APPLICABLES POUR CE PRODUIT. NOUS VOUS CONTACTERONS AVEC LES DETAILS UNE FOIS LA COMMANDE CONFIRMEE. &#8212;&#8212;&#8212;&#8212;&#8212;&#8212;&#8212;&#8212;&#8212;&#8212;&#8212;&#8212;&#8212;&#8212;&#8212;&#8212;&#8212;&#8212;&#8212;&#8212;&#8212;&#8212;&#8212;&#8212;&#8212;&#8212;&#8212;&#8212;&#8212;&#8212;&#8212;&#8212;&#8212;&#8212;&#8212;&#8212;&#8212;&#8212;&#8212;&#8212;&#8212;&#8212;&#8212;&#8212;&#8212;&#8212;&#8212;&#8212;&#8212;&#8212;&#8211;<\/p>\n","protected":false},"featured_media":26736,"template":"","meta":[],"product_brand":[],"product_cat":[346,348,345],"product_tag":[],"class_list":{"0":"post-19796","1":"product","2":"type-product","3":"status-publish","4":"has-post-thumbnail","6":"product_cat-bain-douches-et-accessoires","7":"product_cat-bains","8":"product_cat-toilettage","10":"first","11":"instock","12":"taxable","13":"shipping-taxable","14":"purchasable","15":"product-type-simple"},"aioseo_notices":[],"_links":{"self":[{"href":"https:\/\/hunterproboutique.com\/fr\/wp-json\/wp\/v2\/product\/19796","targetHints":{"allow":["GET"]}}],"collection":[{"href":"https:\/\/hunterproboutique.com\/fr\/wp-json\/wp\/v2\/product"}],"about":[{"href":"https:\/\/hunterproboutique.com\/fr\/wp-json\/wp\/v2\/types\/product"}],"wp:featuredmedia":[{"embeddable":true,"href":"https:\/\/hunterproboutique.com\/fr\/wp-json\/wp\/v2\/media\/26736"}],"wp:attachment":[{"href":"https:\/\/hunterproboutique.com\/fr\/wp-json\/wp\/v2\/media?parent=19796"}],"wp:term":[{"taxonomy":"product_brand","embeddable":true,"href":"https:\/\/hunterproboutique.com\/fr\/wp-json\/wp\/v2\/product_brand?post=19796"},{"taxonomy":"product_cat","embeddable":true,"href":"https:\/\/hunterproboutique.com\/fr\/wp-json\/wp\/v2\/product_cat?post=19796"},{"taxonomy":"product_tag","embeddable":true,"href":"https:\/\/hunterproboutique.com\/fr\/wp-json\/wp\/v2\/product_tag?post=19796"}],"curies":[{"name":"wp","href":"https:\/\/api.w.org\/{rel}","templated":true}]}}