{"id":19800,"date":"2026-04-16T01:02:11","date_gmt":"2026-04-16T05:02:11","guid":{"rendered":"https:\/\/hunterproboutique.com\/product\/bain-acrylique-avec-base-solide-et-acc-inclus\/"},"modified":"2026-04-16T03:15:17","modified_gmt":"2026-04-16T07:15:17","slug":"bain-acrylique-avec-base-solide-et-acc-inclus","status":"publish","type":"product","link":"https:\/\/hunterproboutique.com\/fr\/produit\/bain-acrylique-avec-base-solide-et-acc-inclus\/","title":{"rendered":"BAIN ACRYLIQUE AVEC BASE SOLIDE ET ACC. INCLUS"},"content":{"rendered":"<p>BAIGNOIRE EN ACRYLIQUE BASE SOLIDE ET ACCESSOIRES  Fabriqu\u00e9 en fibre de verre de qualit\u00e9 nautique comme pour la construction d&#8217;un yatch, ce produit est une baignoire de qualit\u00e9 sup\u00e9rieure et de design \u00e9l\u00e9gant.  *R\u00e9servoir enti\u00e8rement scell\u00e9, fabriqu\u00e9 \u00e0 partir d&#8217;un moule \u00e0 injection, assurant  durabilit\u00e9 et fiabilit\u00e9 *Toucher plus doux et sensation plus chaude que les baignoires ordinaires en acier inoxydable *Lles animaux domestiques l&#8217;adorent. *Surface de fond antid\u00e9rapante *Connexion simple et solide *Fourni avec une base solide et stable. *Inclus : Drainage en acier inoxydable, filtre \u00e0 cheveux et tuyau d&#8217;\u00e9vacuation flexible. *Bras de toilettage inclus Dimensions: 39.x23x45.&#8217;  &#8212;-80x50x114cm Profondeur:  13&#8242; &#8212; 33cm contour avant, Dosseret arri\u00e8re: 23&#8242; &#8212; 58cm  ** NOTER QUE DES FRAIS DE TRANSPORT SONT APPLICABLES POUR CE PRODUIT. NOUS VOUS CONTACTERONS AVEC LES DETAILS UNE FOIS LA COMMANDE CONFIRMEE. &#8212;&#8212;&#8212;&#8212;&#8212;&#8212;&#8212;&#8212;&#8212;&#8212;&#8212;&#8212;&#8212;&#8212;&#8212;&#8212;&#8212;&#8212;&#8212;&#8212;&#8212;&#8212;&#8212;&#8212;&#8212;&#8212;&#8212;&#8212;&#8212;&#8212;&#8212;&#8212;&#8212;&#8212;&#8212;&#8212;&#8212;&#8212;&#8212;&#8212;&#8212;&#8212;&#8212;&#8212;&#8212;&#8212;&#8212;&#8212;&#8212;&#8212;&#8211;<\/p>\n","protected":false},"excerpt":{"rendered":"<p>BAIGNOIRE EN ACRYLIQUE BASE SOLIDE ET ACCESSOIRES  Fabriqu\u00e9 en fibre de verre de qualit\u00e9 nautique comme pour la construction d&#8217;un yatch, ce produit est une baignoire de qualit\u00e9 sup\u00e9rieure et de design \u00e9l\u00e9gant.  *R\u00e9servoir enti\u00e8rement scell\u00e9, fabriqu\u00e9 \u00e0 partir d&#8217;un moule \u00e0 injection, assurant  durabilit\u00e9 et fiabilit\u00e9 *Toucher plus doux et sensation plus chaude que les baignoires ordinaires en acier inoxydable *Lles animaux domestiques l&#8217;adorent. *Surface de fond antid\u00e9rapante *Connexion simple et solide *Fourni avec une base solide et stable. *Inclus : Drainage en acier inoxydable, filtre \u00e0 cheveux et tuyau d&#8217;\u00e9vacuation flexible. *Bras de toilettage inclus Dimensions: 39.x23x45.&#8217;  &#8212;-80x50x114cm Profondeur:  13&#8242; &#8212; 33cm contour avant, Dosseret arri\u00e8re: 23&#8242; &#8212; 58cm  ** NOTER QUE DES FRAIS DE TRANSPORT SONT APPLICABLES POUR CE PRODUIT. NOUS VOUS CONTACTERONS AVEC LES DETAILS UNE FOIS LA COMMANDE CONFIRMEE. &#8212;&#8212;&#8212;&#8212;&#8212;&#8212;&#8212;&#8212;&#8212;&#8212;&#8212;&#8212;&#8212;&#8212;&#8212;&#8212;&#8212;&#8212;&#8212;&#8212;&#8212;&#8212;&#8212;&#8212;&#8212;&#8212;&#8212;&#8212;&#8212;&#8212;&#8212;&#8212;&#8212;&#8212;&#8212;&#8212;&#8212;&#8212;&#8212;&#8212;&#8212;&#8212;&#8212;&#8212;&#8212;&#8212;&#8212;&#8212;&#8212;&#8212;&#8211;<\/p>\n","protected":false},"featured_media":26742,"template":"","meta":[],"product_brand":[],"product_cat":[346,348,345],"product_tag":[],"class_list":{"0":"post-19800","1":"product","2":"type-product","3":"status-publish","4":"has-post-thumbnail","6":"product_cat-bain-douches-et-accessoires","7":"product_cat-bains","8":"product_cat-toilettage","10":"first","11":"outofstock","12":"taxable","13":"shipping-taxable","14":"purchasable","15":"product-type-simple"},"aioseo_notices":[],"_links":{"self":[{"href":"https:\/\/hunterproboutique.com\/fr\/wp-json\/wp\/v2\/product\/19800","targetHints":{"allow":["GET"]}}],"collection":[{"href":"https:\/\/hunterproboutique.com\/fr\/wp-json\/wp\/v2\/product"}],"about":[{"href":"https:\/\/hunterproboutique.com\/fr\/wp-json\/wp\/v2\/types\/product"}],"wp:featuredmedia":[{"embeddable":true,"href":"https:\/\/hunterproboutique.com\/fr\/wp-json\/wp\/v2\/media\/26742"}],"wp:attachment":[{"href":"https:\/\/hunterproboutique.com\/fr\/wp-json\/wp\/v2\/media?parent=19800"}],"wp:term":[{"taxonomy":"product_brand","embeddable":true,"href":"https:\/\/hunterproboutique.com\/fr\/wp-json\/wp\/v2\/product_brand?post=19800"},{"taxonomy":"product_cat","embeddable":true,"href":"https:\/\/hunterproboutique.com\/fr\/wp-json\/wp\/v2\/product_cat?post=19800"},{"taxonomy":"product_tag","embeddable":true,"href":"https:\/\/hunterproboutique.com\/fr\/wp-json\/wp\/v2\/product_tag?post=19800"}],"curies":[{"name":"wp","href":"https:\/\/api.w.org\/{rel}","templated":true}]}}