{"id":19806,"date":"2026-04-16T01:02:12","date_gmt":"2026-04-16T05:02:12","guid":{"rendered":"https:\/\/hunterproboutique.com\/product\/ensemble-3-anneaux-caoutchouc-pour-34520\/"},"modified":"2026-04-16T03:15:19","modified_gmt":"2026-04-16T07:15:19","slug":"ensemble-3-anneaux-caoutchouc-pour-34520","status":"publish","type":"product","link":"https:\/\/hunterproboutique.com\/fr\/produit\/ensemble-3-anneaux-caoutchouc-pour-34520\/","title":{"rendered":"ENSEMBLE 3 ANNEAUX CAOUTCHOUC pour # 34520"},"content":{"rendered":"<p>ENSEMBLE 3 RONDELLES CAOUTCHOUC POUR # 34520  Rondelles de remplacement pour \u00e9tanch\u00e9it\u00e9 du drain.<\/p>\n","protected":false},"excerpt":{"rendered":"<p>ENSEMBLE 3 RONDELLES CAOUTCHOUC POUR # 34520  Rondelles de remplacement pour \u00e9tanch\u00e9it\u00e9 du drain.<\/p>\n","protected":false},"featured_media":26791,"template":"","meta":[],"product_brand":[],"product_cat":[347,346,345],"product_tag":[],"class_list":{"0":"post-19806","1":"product","2":"type-product","3":"status-publish","4":"has-post-thumbnail","6":"product_cat-accessoires","7":"product_cat-bain-douches-et-accessoires","8":"product_cat-toilettage","10":"first","11":"instock","12":"taxable","13":"shipping-taxable","14":"purchasable","15":"product-type-simple"},"aioseo_notices":[],"_links":{"self":[{"href":"https:\/\/hunterproboutique.com\/fr\/wp-json\/wp\/v2\/product\/19806","targetHints":{"allow":["GET"]}}],"collection":[{"href":"https:\/\/hunterproboutique.com\/fr\/wp-json\/wp\/v2\/product"}],"about":[{"href":"https:\/\/hunterproboutique.com\/fr\/wp-json\/wp\/v2\/types\/product"}],"wp:featuredmedia":[{"embeddable":true,"href":"https:\/\/hunterproboutique.com\/fr\/wp-json\/wp\/v2\/media\/26791"}],"wp:attachment":[{"href":"https:\/\/hunterproboutique.com\/fr\/wp-json\/wp\/v2\/media?parent=19806"}],"wp:term":[{"taxonomy":"product_brand","embeddable":true,"href":"https:\/\/hunterproboutique.com\/fr\/wp-json\/wp\/v2\/product_brand?post=19806"},{"taxonomy":"product_cat","embeddable":true,"href":"https:\/\/hunterproboutique.com\/fr\/wp-json\/wp\/v2\/product_cat?post=19806"},{"taxonomy":"product_tag","embeddable":true,"href":"https:\/\/hunterproboutique.com\/fr\/wp-json\/wp\/v2\/product_tag?post=19806"}],"curies":[{"name":"wp","href":"https:\/\/api.w.org\/{rel}","templated":true}]}}