{"id":19820,"date":"2026-05-12T01:02:10","date_gmt":"2026-05-12T05:02:10","guid":{"rendered":"https:\/\/hunterproboutique.com\/product\/col-tube-happy-hoodie-toilettage-xgrand\/"},"modified":"2026-05-12T03:15:12","modified_gmt":"2026-05-12T07:15:12","slug":"col-tube-happy-hoodie-toilettage-xgrand","status":"publish","type":"product","link":"https:\/\/hunterproboutique.com\/fr\/produit\/col-tube-happy-hoodie-toilettage-xgrand\/","title":{"rendered":"COL TUBE HAPPY HOODIE, TOILETTAGE, XGRAND"},"content":{"rendered":"<p>COL TUBE, HAPPY HOODIE POUR TOILETTAGE  XGRAND   Cette innovation r\u00e9duit le travail des toiletteurs et contribue au bien-\u00eatre de l&#8217;animal.  *Le Happy Hoodie est le premier et seul produit disponible pour calmer et prot\u00e9ger les chiens et les chats contre le bruit du s\u00e9choir durant le s\u00e9chage *Il est fait de doux tissu  extensible qui exerce un l\u00e9g\u00e8re compression sur les oreilles qui calme l&#8217;anxi\u00e9t\u00e9 due au bruit fort et l&#8217;air en haute pression du s\u00e9choir durant le toillettage *Il est si efficace qu&#8217;on l&#8217;utilise mainenant pour calmer les animaux durant des situation stressantes, non seulement au salon de toilettage mais dans beaucoup d&#8217;autres occasions \u00e0 la maison *Un ajustement plus serr\u00e9 est pr\u00e9f\u00e9rable pour les chiens qui sont stress\u00e9s, pour r\u00e9duire le bruit et est moins facile \u00e0 enlever *Un ajustement moins serr\u00e9 est pr\u00e9f\u00e9rable pour pr\u00e9venir ou gu\u00e9rir les h\u00e9matomes, a\u00e9rer les oreilles et maintenir les oreilles et les poils \u00e0 l&#8217;\u00e9cart *Taille: XGrand  &#8211; circonf\u00e9rence de t\u00eate 16-27&#8242;   *Convient \u00e0 la plupart de grandes et \u00e9normes races *Exemple: Newfoundland, Labrador, Bully Breeds, Rottweiler, Mastiff, etc. *Cette grandeur vient en Marine seulement *Aussi disponible en Petit et Grand &#8211; ref: Hunter # 34846 &#8211; 34847<\/p>\n","protected":false},"excerpt":{"rendered":"<p>COL TUBE, HAPPY HOODIE POUR TOILETTAGE  XGRAND   Cette innovation r\u00e9duit le travail des toiletteurs et contribue au bien-\u00eatre de l&#8217;animal.  *Le Happy Hoodie est le premier et seul produit disponible pour calmer et prot\u00e9ger les chiens et les chats contre le bruit du s\u00e9choir durant le s\u00e9chage *Il est fait de doux tissu  extensible qui exerce un l\u00e9g\u00e8re compression sur les oreilles qui calme l&#8217;anxi\u00e9t\u00e9 due au bruit fort et l&#8217;air en haute pression du s\u00e9choir durant le toillettage *Il est si efficace qu&#8217;on l&#8217;utilise mainenant pour calmer les animaux durant des situation stressantes, non seulement au salon de toilettage mais dans beaucoup d&#8217;autres occasions \u00e0 la maison *Un ajustement plus serr\u00e9 est pr\u00e9f\u00e9rable pour les chiens qui sont stress\u00e9s, pour r\u00e9duire le bruit et est moins facile \u00e0 enlever *Un ajustement moins serr\u00e9 est pr\u00e9f\u00e9rable pour pr\u00e9venir ou gu\u00e9rir les h\u00e9matomes, a\u00e9rer les oreilles et maintenir les oreilles et les poils \u00e0 l&#8217;\u00e9cart *Taille: XGrand  &#8211; circonf\u00e9rence de t\u00eate 16-27&#8242;   *Convient \u00e0 la plupart de grandes et \u00e9normes races *Exemple: Newfoundland, Labrador, Bully Breeds, Rottweiler, Mastiff, etc. *Cette grandeur vient en Marine seulement *Aussi disponible en Petit et Grand &#8211; ref: Hunter # 34846 &#8211; 34847<\/p>\n","protected":false},"featured_media":26944,"template":"","meta":[],"product_brand":[],"product_cat":[360,364,345],"product_tag":[],"class_list":{"0":"post-19820","1":"product","2":"type-product","3":"status-publish","4":"has-post-thumbnail","6":"product_cat-hygiene-et-soins-chien","7":"product_cat-soin-des-yeux-oreille-et-buccale-et-instruments","8":"product_cat-toilettage","10":"first","11":"instock","12":"taxable","13":"shipping-taxable","14":"purchasable","15":"product-type-simple"},"aioseo_notices":[],"_links":{"self":[{"href":"https:\/\/hunterproboutique.com\/fr\/wp-json\/wp\/v2\/product\/19820","targetHints":{"allow":["GET"]}}],"collection":[{"href":"https:\/\/hunterproboutique.com\/fr\/wp-json\/wp\/v2\/product"}],"about":[{"href":"https:\/\/hunterproboutique.com\/fr\/wp-json\/wp\/v2\/types\/product"}],"wp:featuredmedia":[{"embeddable":true,"href":"https:\/\/hunterproboutique.com\/fr\/wp-json\/wp\/v2\/media\/26944"}],"wp:attachment":[{"href":"https:\/\/hunterproboutique.com\/fr\/wp-json\/wp\/v2\/media?parent=19820"}],"wp:term":[{"taxonomy":"product_brand","embeddable":true,"href":"https:\/\/hunterproboutique.com\/fr\/wp-json\/wp\/v2\/product_brand?post=19820"},{"taxonomy":"product_cat","embeddable":true,"href":"https:\/\/hunterproboutique.com\/fr\/wp-json\/wp\/v2\/product_cat?post=19820"},{"taxonomy":"product_tag","embeddable":true,"href":"https:\/\/hunterproboutique.com\/fr\/wp-json\/wp\/v2\/product_tag?post=19820"}],"curies":[{"name":"wp","href":"https:\/\/api.w.org\/{rel}","templated":true}]}}