{"id":19822,"date":"2026-04-16T01:02:19","date_gmt":"2026-04-16T05:02:19","guid":{"rendered":"https:\/\/hunterproboutique.com\/product\/65955-trousse-ponceuse-a-griffes-sans-fil-andis\/"},"modified":"2026-04-16T03:15:30","modified_gmt":"2026-04-16T07:15:30","slug":"65955-trousse-ponceuse-a-griffes-sans-fil-andis","status":"publish","type":"product","link":"https:\/\/hunterproboutique.com\/fr\/produit\/65955-trousse-ponceuse-a-griffes-sans-fil-andis\/","title":{"rendered":"66815 TROUSSE  PONCEUSE \u00c0 GRIFFES SANS FIL ANDIS"},"content":{"rendered":"<p>TROUSSE COUPE-ONGLES SANS FIL 6 VITESSES POUR ANIMAUX DE COMPAGNIE  Cet outil professionnel vous permet de couper les ongles de votre animal en toute s\u00e9curit\u00e9.  Le kit comprend tous les accessoires n\u00e9cessaires (11) pour une manucure parfaite de votre animal.  *Fonctionne pour toutes les tailles de chiens *6 vitesses pour couper rapidement les griffes de votre chien &#8211; 5,000 &#8211; 16,000 TR\/MIN *Design ergonomique pour le confort et la s\u00e9curit\u00e9 d&#8217;utilisation. *Fonctionnement sans fil &#8211; la batterie lithium-ion offre jusqu&#8217;\u00e0 3 heures d&#8217;autonomie.<\/p>\n","protected":false},"excerpt":{"rendered":"<p>TROUSSE COUPE-ONGLES SANS FIL 6 VITESSES POUR ANIMAUX DE COMPAGNIE  Cet outil professionnel vous permet de couper les ongles de votre animal en toute s\u00e9curit\u00e9.  Le kit comprend tous les accessoires n\u00e9cessaires (11) pour une manucure parfaite de votre animal.  *Fonctionne pour toutes les tailles de chiens *6 vitesses pour couper rapidement les griffes de votre chien &#8211; 5,000 &#8211; 16,000 TR\/MIN *Design ergonomique pour le confort et la s\u00e9curit\u00e9 d&#8217;utilisation. *Fonctionnement sans fil &#8211; la batterie lithium-ion offre jusqu&#8217;\u00e0 3 heures d&#8217;autonomie.<\/p>\n","protected":false},"featured_media":28753,"template":"","meta":[],"product_brand":[],"product_cat":[366,360,345],"product_tag":[],"class_list":{"0":"post-19822","1":"product","2":"type-product","3":"status-publish","4":"has-post-thumbnail","6":"product_cat-coupe-griffe","7":"product_cat-hygiene-et-soins-chien","8":"product_cat-toilettage","10":"first","11":"outofstock","12":"taxable","13":"shipping-taxable","14":"purchasable","15":"product-type-simple"},"aioseo_notices":[],"_links":{"self":[{"href":"https:\/\/hunterproboutique.com\/fr\/wp-json\/wp\/v2\/product\/19822","targetHints":{"allow":["GET"]}}],"collection":[{"href":"https:\/\/hunterproboutique.com\/fr\/wp-json\/wp\/v2\/product"}],"about":[{"href":"https:\/\/hunterproboutique.com\/fr\/wp-json\/wp\/v2\/types\/product"}],"wp:featuredmedia":[{"embeddable":true,"href":"https:\/\/hunterproboutique.com\/fr\/wp-json\/wp\/v2\/media\/28753"}],"wp:attachment":[{"href":"https:\/\/hunterproboutique.com\/fr\/wp-json\/wp\/v2\/media?parent=19822"}],"wp:term":[{"taxonomy":"product_brand","embeddable":true,"href":"https:\/\/hunterproboutique.com\/fr\/wp-json\/wp\/v2\/product_brand?post=19822"},{"taxonomy":"product_cat","embeddable":true,"href":"https:\/\/hunterproboutique.com\/fr\/wp-json\/wp\/v2\/product_cat?post=19822"},{"taxonomy":"product_tag","embeddable":true,"href":"https:\/\/hunterproboutique.com\/fr\/wp-json\/wp\/v2\/product_tag?post=19822"}],"curies":[{"name":"wp","href":"https:\/\/api.w.org\/{rel}","templated":true}]}}