{"id":19835,"date":"2026-04-17T01:02:24","date_gmt":"2026-04-17T05:02:24","guid":{"rendered":"https:\/\/hunterproboutique.com\/product\/sechoir-sur-pied\/"},"modified":"2026-04-17T03:15:30","modified_gmt":"2026-04-17T07:15:30","slug":"sechoir-sur-pied","status":"publish","type":"product","link":"https:\/\/hunterproboutique.com\/fr\/produit\/sechoir-sur-pied\/","title":{"rendered":"SECHOIR SUR PIED"},"content":{"rendered":"<p>S\u00c9CHOIR SUR PIED   Nouvelle g\u00e9n\u00e9ration de s\u00e9choir. Conception Ma\u00eetre designer italien Vitesse du vent variable et contr\u00f4le de la temp\u00e9rature Les ions n\u00e9gatifs contribuent \u00e0 purifier l&#8217;air et \u00e0 cr\u00e9er un environnement plus sain  *La vitesse maximale du vent est de 38m\/s *Contr\u00f4les s\u00e9par\u00e9s pour g\u00e9n\u00e9rateur d&#8217;ions n\u00e9gatifs et \u00e9l\u00e9ment de chauffage *Ventilateur d&#8217;une puissance de 1 CV *L&#8217;\u00e9l\u00e9ment chauffant varie entre 25 et 75 degr\u00e9s Celsius *Pas de graissage, pas d&#8217;huilage *Extr\u00eamement silencieux : moins de 40db *Compartiment du corps de l&#8217;ABS, r\u00e9sistant aux produits chimiques agressifs et aux \u00e9raflures *Base sur 4 roues en plastique anti-rouille *R\u00e9glage ergonomique facile pour le r\u00e9glage de la hauteur  Ensemble de bras mural et de s\u00e9choir Pi\u00e8ce n\u00b0 1 &#8211; 65&#215;27,5\u00e0 33cm &#8211; CBM : .058 Pi\u00e8ce n\u00b0 2 : 78x17x57cm &#8211; CBM : .075<\/p>\n","protected":false},"excerpt":{"rendered":"<p>S\u00c9CHOIR SUR PIED   Nouvelle g\u00e9n\u00e9ration de s\u00e9choir. Conception Ma\u00eetre designer italien Vitesse du vent variable et contr\u00f4le de la temp\u00e9rature Les ions n\u00e9gatifs contribuent \u00e0 purifier l&#8217;air et \u00e0 cr\u00e9er un environnement plus sain  *La vitesse maximale du vent est de 38m\/s *Contr\u00f4les s\u00e9par\u00e9s pour g\u00e9n\u00e9rateur d&#8217;ions n\u00e9gatifs et \u00e9l\u00e9ment de chauffage *Ventilateur d&#8217;une puissance de 1 CV *L&#8217;\u00e9l\u00e9ment chauffant varie entre 25 et 75 degr\u00e9s Celsius *Pas de graissage, pas d&#8217;huilage *Extr\u00eamement silencieux : moins de 40db *Compartiment du corps de l&#8217;ABS, r\u00e9sistant aux produits chimiques agressifs et aux \u00e9raflures *Base sur 4 roues en plastique anti-rouille *R\u00e9glage ergonomique facile pour le r\u00e9glage de la hauteur  Ensemble de bras mural et de s\u00e9choir Pi\u00e8ce n\u00b0 1 &#8211; 65&#215;27,5\u00e0 33cm &#8211; CBM : .058 Pi\u00e8ce n\u00b0 2 : 78x17x57cm &#8211; CBM : .075<\/p>\n","protected":false},"featured_media":27201,"template":"","meta":[],"product_brand":[],"product_cat":[369,345],"product_tag":[],"class_list":{"0":"post-19835","1":"product","2":"type-product","3":"status-publish","4":"has-post-thumbnail","6":"product_cat-sechoir","7":"product_cat-toilettage","9":"first","10":"outofstock","11":"taxable","12":"shipping-taxable","13":"purchasable","14":"product-type-simple"},"aioseo_notices":[],"_links":{"self":[{"href":"https:\/\/hunterproboutique.com\/fr\/wp-json\/wp\/v2\/product\/19835","targetHints":{"allow":["GET"]}}],"collection":[{"href":"https:\/\/hunterproboutique.com\/fr\/wp-json\/wp\/v2\/product"}],"about":[{"href":"https:\/\/hunterproboutique.com\/fr\/wp-json\/wp\/v2\/types\/product"}],"wp:featuredmedia":[{"embeddable":true,"href":"https:\/\/hunterproboutique.com\/fr\/wp-json\/wp\/v2\/media\/27201"}],"wp:attachment":[{"href":"https:\/\/hunterproboutique.com\/fr\/wp-json\/wp\/v2\/media?parent=19835"}],"wp:term":[{"taxonomy":"product_brand","embeddable":true,"href":"https:\/\/hunterproboutique.com\/fr\/wp-json\/wp\/v2\/product_brand?post=19835"},{"taxonomy":"product_cat","embeddable":true,"href":"https:\/\/hunterproboutique.com\/fr\/wp-json\/wp\/v2\/product_cat?post=19835"},{"taxonomy":"product_tag","embeddable":true,"href":"https:\/\/hunterproboutique.com\/fr\/wp-json\/wp\/v2\/product_tag?post=19835"}],"curies":[{"name":"wp","href":"https:\/\/api.w.org\/{rel}","templated":true}]}}