{"id":19841,"date":"2026-04-16T01:02:26","date_gmt":"2026-04-16T05:02:26","guid":{"rendered":"https:\/\/hunterproboutique.com\/product\/souffleur-deux-moteurs-hercule\/"},"modified":"2026-04-15T03:15:35","modified_gmt":"2026-04-15T07:15:35","slug":"souffleur-deux-moteurs-hercule","status":"publish","type":"product","link":"https:\/\/hunterproboutique.com\/fr\/produit\/souffleur-deux-moteurs-hercule\/","title":{"rendered":"SOUFFLEUR DEUX MOTEURS HERCULE"},"content":{"rendered":"<p>HERCULES DOUBLE MOTOR DRYER  *Une force de frappe incroyable  *Brosse de carbone de 38mm, 1,5inch *30% Dur\u00e9e de vie plus longue que les mod\u00e8les pr\u00e9c\u00e9dents *Le plus puissant des s\u00e9choirs \u00e0 double moteur : Vitesse du vent et force de soufflage sup\u00e9rieures  *Inclut un tuyau de 10 pieds pour se promener autour de la table de toilettage *Contr\u00f4le variable de la chaleur et de la puissance *Comprend 3 buses : 1 ronde, 1 plate \u00e9troite et 1 plate large *Puissance maximale : 2400 watts *Vitesse maximale : 95m\/s *Force de frappe : 955G *Temp\u00e9rature maximale : 65 degr\u00e9s Celsius *Bruit : 85dbA *Poids net : 6.4 kg *Dimension : 48,5x16x21cm &#8212; 19,1&#215;6,3&#215;8,3 pouces *Mesure de l&#8217;emballage : 60x30x24 cm *Utilisez notre support mural vendu s\u00e9par\u00e9ment pour \u00e9viter qu&#8217;il ne touche le sol, ref: # 35542<\/p>\n","protected":false},"excerpt":{"rendered":"<p>HERCULES DOUBLE MOTOR DRYER  *Une force de frappe incroyable  *Brosse de carbone de 38mm, 1,5inch *30% Dur\u00e9e de vie plus longue que les mod\u00e8les pr\u00e9c\u00e9dents *Le plus puissant des s\u00e9choirs \u00e0 double moteur : Vitesse du vent et force de soufflage sup\u00e9rieures  *Inclut un tuyau de 10 pieds pour se promener autour de la table de toilettage *Contr\u00f4le variable de la chaleur et de la puissance *Comprend 3 buses : 1 ronde, 1 plate \u00e9troite et 1 plate large *Puissance maximale : 2400 watts *Vitesse maximale : 95m\/s *Force de frappe : 955G *Temp\u00e9rature maximale : 65 degr\u00e9s Celsius *Bruit : 85dbA *Poids net : 6.4 kg *Dimension : 48,5x16x21cm &#8212; 19,1&#215;6,3&#215;8,3 pouces *Mesure de l&#8217;emballage : 60x30x24 cm *Utilisez notre support mural vendu s\u00e9par\u00e9ment pour \u00e9viter qu&#8217;il ne touche le sol, ref: # 35542<\/p>\n","protected":false},"featured_media":27209,"template":"","meta":[],"product_brand":[],"product_cat":[369,345],"product_tag":[],"class_list":{"0":"post-19841","1":"product","2":"type-product","3":"status-publish","4":"has-post-thumbnail","6":"product_cat-sechoir","7":"product_cat-toilettage","9":"first","10":"instock","11":"taxable","12":"shipping-taxable","13":"purchasable","14":"product-type-simple"},"aioseo_notices":[],"_links":{"self":[{"href":"https:\/\/hunterproboutique.com\/fr\/wp-json\/wp\/v2\/product\/19841","targetHints":{"allow":["GET"]}}],"collection":[{"href":"https:\/\/hunterproboutique.com\/fr\/wp-json\/wp\/v2\/product"}],"about":[{"href":"https:\/\/hunterproboutique.com\/fr\/wp-json\/wp\/v2\/types\/product"}],"wp:featuredmedia":[{"embeddable":true,"href":"https:\/\/hunterproboutique.com\/fr\/wp-json\/wp\/v2\/media\/27209"}],"wp:attachment":[{"href":"https:\/\/hunterproboutique.com\/fr\/wp-json\/wp\/v2\/media?parent=19841"}],"wp:term":[{"taxonomy":"product_brand","embeddable":true,"href":"https:\/\/hunterproboutique.com\/fr\/wp-json\/wp\/v2\/product_brand?post=19841"},{"taxonomy":"product_cat","embeddable":true,"href":"https:\/\/hunterproboutique.com\/fr\/wp-json\/wp\/v2\/product_cat?post=19841"},{"taxonomy":"product_tag","embeddable":true,"href":"https:\/\/hunterproboutique.com\/fr\/wp-json\/wp\/v2\/product_tag?post=19841"}],"curies":[{"name":"wp","href":"https:\/\/api.w.org\/{rel}","templated":true}]}}