{"id":19858,"date":"2026-04-16T01:02:32","date_gmt":"2026-04-16T05:02:32","guid":{"rendered":"https:\/\/hunterproboutique.com\/product\/18x24-table-portable-pour-competitions-poteauloupe\/"},"modified":"2026-04-15T03:15:43","modified_gmt":"2026-04-15T07:15:43","slug":"18x24-table-portable-pour-competitions-poteauloupe","status":"publish","type":"product","link":"https:\/\/hunterproboutique.com\/fr\/produit\/18x24-table-portable-pour-competitions-poteauloupe\/","title":{"rendered":"18&#8217;x24&#8242; TABLE PORTABLE POUR COMPETITIONS\/Poteau,loupe"},"content":{"rendered":"<p>TABLE POUR COMP\u00c9TITIONS PORTABLE ET L\u00c9G\u00c8RE   La table portable parfaite.  L\u00e9g\u00e8re et facile \u00e0 manipuler, mais suffisamment robuste pour vous permettre de travailler confortablement.  *Id\u00e9ale pour les comp\u00e9titions  *Peut servir  pour les chats et les petits chiens *Plateau en plastique *Vient avec dessus en bleu *Dimensions : 18&#215;24 pouces -45&#215;50 cm *Double ajustement de hauteur : 29 et 33 pouces- 73 et 82cm<\/p>\n","protected":false},"excerpt":{"rendered":"<p>TABLE POUR COMP\u00c9TITIONS PORTABLE ET L\u00c9G\u00c8RE   La table portable parfaite.  L\u00e9g\u00e8re et facile \u00e0 manipuler, mais suffisamment robuste pour vous permettre de travailler confortablement.  *Id\u00e9ale pour les comp\u00e9titions  *Peut servir  pour les chats et les petits chiens *Plateau en plastique *Vient avec dessus en bleu *Dimensions : 18&#215;24 pouces -45&#215;50 cm *Double ajustement de hauteur : 29 et 33 pouces- 73 et 82cm<\/p>\n","protected":false},"featured_media":27347,"template":"","meta":[],"product_brand":[],"product_cat":[378,324,345],"product_tag":[],"class_list":{"0":"post-19858","1":"product","2":"type-product","3":"status-publish","4":"has-post-thumbnail","6":"product_cat-table","7":"product_cat-tables-grooming-arms","8":"product_cat-toilettage","10":"first","11":"instock","12":"taxable","13":"shipping-taxable","14":"purchasable","15":"product-type-simple"},"aioseo_notices":[],"_links":{"self":[{"href":"https:\/\/hunterproboutique.com\/fr\/wp-json\/wp\/v2\/product\/19858","targetHints":{"allow":["GET"]}}],"collection":[{"href":"https:\/\/hunterproboutique.com\/fr\/wp-json\/wp\/v2\/product"}],"about":[{"href":"https:\/\/hunterproboutique.com\/fr\/wp-json\/wp\/v2\/types\/product"}],"wp:featuredmedia":[{"embeddable":true,"href":"https:\/\/hunterproboutique.com\/fr\/wp-json\/wp\/v2\/media\/27347"}],"wp:attachment":[{"href":"https:\/\/hunterproboutique.com\/fr\/wp-json\/wp\/v2\/media?parent=19858"}],"wp:term":[{"taxonomy":"product_brand","embeddable":true,"href":"https:\/\/hunterproboutique.com\/fr\/wp-json\/wp\/v2\/product_brand?post=19858"},{"taxonomy":"product_cat","embeddable":true,"href":"https:\/\/hunterproboutique.com\/fr\/wp-json\/wp\/v2\/product_cat?post=19858"},{"taxonomy":"product_tag","embeddable":true,"href":"https:\/\/hunterproboutique.com\/fr\/wp-json\/wp\/v2\/product_tag?post=19858"}],"curies":[{"name":"wp","href":"https:\/\/api.w.org\/{rel}","templated":true}]}}