{"id":19874,"date":"2026-04-16T01:02:36","date_gmt":"2026-04-16T05:02:36","guid":{"rendered":"https:\/\/hunterproboutique.com\/product\/bras-toilettage-pour-boyau-de-sechoir-et-sechoir-a-main\/"},"modified":"2026-04-15T03:15:49","modified_gmt":"2026-04-15T07:15:49","slug":"bras-toilettage-pour-boyau-de-sechoir-et-sechoir-a-main","status":"publish","type":"product","link":"https:\/\/hunterproboutique.com\/fr\/produit\/bras-toilettage-pour-boyau-de-sechoir-et-sechoir-a-main\/","title":{"rendered":"SUPPORT POUR BOYAU DE SECHOIR ET SECHOIR A MAIN"},"content":{"rendered":"<p>SUPPORT POUR BOYAU DE S\u00c9CHOIR ET S\u00c9CHOIR \u00c0 MAIN  Ce support simplifie le s\u00e9chage, vous donnant enti\u00e8re libert\u00e9 d&#8217;action.    *S&#8217;attache \u00e0 la table de toilettage par une pince solide *Flexible, il se positionne \u00e0 n&#8217;importe quel angle<\/p>\n","protected":false},"excerpt":{"rendered":"<p>SUPPORT POUR BOYAU DE S\u00c9CHOIR ET S\u00c9CHOIR \u00c0 MAIN  Ce support simplifie le s\u00e9chage, vous donnant enti\u00e8re libert\u00e9 d&#8217;action.    *S&#8217;attache \u00e0 la table de toilettage par une pince solide *Flexible, il se positionne \u00e0 n&#8217;importe quel angle<\/p>\n","protected":false},"featured_media":27459,"template":"","meta":[],"product_brand":[],"product_cat":[470,324,345],"product_tag":[],"class_list":{"0":"post-19874","1":"product","2":"type-product","3":"status-publish","4":"has-post-thumbnail","6":"product_cat-supports-fr","7":"product_cat-tables-grooming-arms","8":"product_cat-toilettage","10":"first","11":"instock","12":"taxable","13":"shipping-taxable","14":"purchasable","15":"product-type-simple"},"aioseo_notices":[],"_links":{"self":[{"href":"https:\/\/hunterproboutique.com\/fr\/wp-json\/wp\/v2\/product\/19874","targetHints":{"allow":["GET"]}}],"collection":[{"href":"https:\/\/hunterproboutique.com\/fr\/wp-json\/wp\/v2\/product"}],"about":[{"href":"https:\/\/hunterproboutique.com\/fr\/wp-json\/wp\/v2\/types\/product"}],"wp:featuredmedia":[{"embeddable":true,"href":"https:\/\/hunterproboutique.com\/fr\/wp-json\/wp\/v2\/media\/27459"}],"wp:attachment":[{"href":"https:\/\/hunterproboutique.com\/fr\/wp-json\/wp\/v2\/media?parent=19874"}],"wp:term":[{"taxonomy":"product_brand","embeddable":true,"href":"https:\/\/hunterproboutique.com\/fr\/wp-json\/wp\/v2\/product_brand?post=19874"},{"taxonomy":"product_cat","embeddable":true,"href":"https:\/\/hunterproboutique.com\/fr\/wp-json\/wp\/v2\/product_cat?post=19874"},{"taxonomy":"product_tag","embeddable":true,"href":"https:\/\/hunterproboutique.com\/fr\/wp-json\/wp\/v2\/product_tag?post=19874"}],"curies":[{"name":"wp","href":"https:\/\/api.w.org\/{rel}","templated":true}]}}