{"id":19882,"date":"2026-04-23T01:02:33","date_gmt":"2026-04-23T05:02:33","guid":{"rendered":"https:\/\/hunterproboutique.com\/product\/1-roulette-fixe-avec-4-vis-pour-table-35683\/"},"modified":"2026-04-23T03:15:53","modified_gmt":"2026-04-23T07:15:53","slug":"1-roulette-fixe-avec-4-vis-pour-table-35683","status":"publish","type":"product","link":"https:\/\/hunterproboutique.com\/fr\/produit\/1-roulette-fixe-avec-4-vis-pour-table-35683\/","title":{"rendered":"1 ROULETTE FIXE AVEC 4 VIS POUR TABLE 35683"},"content":{"rendered":"<p>ROULETTE FIXE AVEC 4 ECROUS POUR TABLE #35683  *Prend 2 roulettes pour d\u00e9placer la table en ligne droite *Se vend \u00e0 l&#8217;unit\u00e9 pour remplacement<\/p>\n","protected":false},"excerpt":{"rendered":"<p>ROULETTE FIXE AVEC 4 ECROUS POUR TABLE #35683  *Prend 2 roulettes pour d\u00e9placer la table en ligne droite *Se vend \u00e0 l&#8217;unit\u00e9 pour remplacement<\/p>\n","protected":false},"featured_media":27470,"template":"","meta":[],"product_brand":[],"product_cat":[378,324,345],"product_tag":[],"class_list":{"0":"post-19882","1":"product","2":"type-product","3":"status-publish","4":"has-post-thumbnail","6":"product_cat-table","7":"product_cat-tables-grooming-arms","8":"product_cat-toilettage","10":"first","11":"instock","12":"taxable","13":"shipping-taxable","14":"purchasable","15":"product-type-simple"},"aioseo_notices":[],"_links":{"self":[{"href":"https:\/\/hunterproboutique.com\/fr\/wp-json\/wp\/v2\/product\/19882","targetHints":{"allow":["GET"]}}],"collection":[{"href":"https:\/\/hunterproboutique.com\/fr\/wp-json\/wp\/v2\/product"}],"about":[{"href":"https:\/\/hunterproboutique.com\/fr\/wp-json\/wp\/v2\/types\/product"}],"wp:featuredmedia":[{"embeddable":true,"href":"https:\/\/hunterproboutique.com\/fr\/wp-json\/wp\/v2\/media\/27470"}],"wp:attachment":[{"href":"https:\/\/hunterproboutique.com\/fr\/wp-json\/wp\/v2\/media?parent=19882"}],"wp:term":[{"taxonomy":"product_brand","embeddable":true,"href":"https:\/\/hunterproboutique.com\/fr\/wp-json\/wp\/v2\/product_brand?post=19882"},{"taxonomy":"product_cat","embeddable":true,"href":"https:\/\/hunterproboutique.com\/fr\/wp-json\/wp\/v2\/product_cat?post=19882"},{"taxonomy":"product_tag","embeddable":true,"href":"https:\/\/hunterproboutique.com\/fr\/wp-json\/wp\/v2\/product_tag?post=19882"}],"curies":[{"name":"wp","href":"https:\/\/api.w.org\/{rel}","templated":true}]}}