{"id":19945,"date":"2026-05-07T01:02:35","date_gmt":"2026-05-07T05:02:35","guid":{"rendered":"https:\/\/hunterproboutique.com\/product\/peigne-a-puces-poignee-bois-dents-1-2\/"},"modified":"2026-05-07T03:16:06","modified_gmt":"2026-05-07T07:16:06","slug":"peigne-a-puces-poignee-bois-dents-1-2","status":"publish","type":"product","link":"https:\/\/hunterproboutique.com\/fr\/produit\/peigne-a-puces-poignee-bois-dents-1-2\/","title":{"rendered":"PEIGNE A PUCES, POIGNEE BOIS, DENTS 1\/2&#8242;"},"content":{"rendered":"<p>PEIGNE A PUCES, POIGNEE BOIS, DENTS SERR\u00c9ES 6 1\/2&#8221;  Le peigne anti puces est un outil de toilettage n\u00e9cessaire pour l&#8217;entretien de votre pitou ou minou. C&#8217;est un moyen naturel et facile de d\u00e9tecter les puces et d&#8217;en d\u00e9barrasser votre animal.   *Pr\u00e9parez le poil par l&#8217;utilisation d&#8217;un peigne d\u00e9m\u00ealeur ou brosse pour enlever noeuds et emm\u00ealement *Ensuite, proc\u00e9dez \u00e0 l&#8217;utilisation du peigne \u00e0 puces pour faire dispara\u00eetre non seulement les puces, mais aussi les d\u00e9bris et les oeufs qui s&#8217;accrochent \u00e0 la fourrure de votre animal de compagnie *C&#8217;est aussi un outil effiace pour v\u00e9rifier la sant\u00e9 de la peau de votre animal *Vendu en vrac *Dimensions: Hors-tout 6 1\/2&#8221; &#8211; dents 2 1\/2 x 5\/8&#8242; Haut                    l               16.51cm             6.35cm x1.58 cm<\/p>\n","protected":false},"excerpt":{"rendered":"<p>PEIGNE A PUCES, POIGNEE BOIS, DENTS SERR\u00c9ES 6 1\/2&#8221;  Le peigne anti puces est un outil de toilettage n\u00e9cessaire pour l&#8217;entretien de votre pitou ou minou. C&#8217;est un moyen naturel et facile de d\u00e9tecter les puces et d&#8217;en d\u00e9barrasser votre animal.   *Pr\u00e9parez le poil par l&#8217;utilisation d&#8217;un peigne d\u00e9m\u00ealeur ou brosse pour enlever noeuds et emm\u00ealement *Ensuite, proc\u00e9dez \u00e0 l&#8217;utilisation du peigne \u00e0 puces pour faire dispara\u00eetre non seulement les puces, mais aussi les d\u00e9bris et les oeufs qui s&#8217;accrochent \u00e0 la fourrure de votre animal de compagnie *C&#8217;est aussi un outil effiace pour v\u00e9rifier la sant\u00e9 de la peau de votre animal *Vendu en vrac *Dimensions: Hors-tout 6 1\/2&#8221; &#8211; dents 2 1\/2 x 5\/8&#8242; Haut                    l               16.51cm             6.35cm x1.58 cm<\/p>\n","protected":false},"featured_media":28471,"template":"","meta":[],"product_brand":[],"product_cat":[360,363,345],"product_tag":[],"class_list":{"0":"post-19945","1":"product","2":"type-product","3":"status-publish","4":"has-post-thumbnail","6":"product_cat-hygiene-et-soins-chien","7":"product_cat-peignes-et-rateaux","8":"product_cat-toilettage","10":"first","11":"instock","12":"taxable","13":"shipping-taxable","14":"purchasable","15":"product-type-simple"},"aioseo_notices":[],"_links":{"self":[{"href":"https:\/\/hunterproboutique.com\/fr\/wp-json\/wp\/v2\/product\/19945","targetHints":{"allow":["GET"]}}],"collection":[{"href":"https:\/\/hunterproboutique.com\/fr\/wp-json\/wp\/v2\/product"}],"about":[{"href":"https:\/\/hunterproboutique.com\/fr\/wp-json\/wp\/v2\/types\/product"}],"wp:featuredmedia":[{"embeddable":true,"href":"https:\/\/hunterproboutique.com\/fr\/wp-json\/wp\/v2\/media\/28471"}],"wp:attachment":[{"href":"https:\/\/hunterproboutique.com\/fr\/wp-json\/wp\/v2\/media?parent=19945"}],"wp:term":[{"taxonomy":"product_brand","embeddable":true,"href":"https:\/\/hunterproboutique.com\/fr\/wp-json\/wp\/v2\/product_brand?post=19945"},{"taxonomy":"product_cat","embeddable":true,"href":"https:\/\/hunterproboutique.com\/fr\/wp-json\/wp\/v2\/product_cat?post=19945"},{"taxonomy":"product_tag","embeddable":true,"href":"https:\/\/hunterproboutique.com\/fr\/wp-json\/wp\/v2\/product_tag?post=19945"}],"curies":[{"name":"wp","href":"https:\/\/api.w.org\/{rel}","templated":true}]}}