{"id":19955,"date":"2026-04-16T01:02:47","date_gmt":"2026-04-16T05:02:47","guid":{"rendered":"https:\/\/hunterproboutique.com\/product\/peigne-a-queue-pro-7-%c2%bd-pelages-fins\/"},"modified":"2026-04-15T03:16:02","modified_gmt":"2026-04-15T07:16:02","slug":"peigne-a-queue-pro-7-%c2%bd-pelages-fins","status":"publish","type":"product","link":"https:\/\/hunterproboutique.com\/fr\/produit\/peigne-a-queue-pro-7-%c2%bd-pelages-fins\/","title":{"rendered":"PEIGNE A QUEUE PRO 7 \u00bd&#8217;  PELAGES FINS"},"content":{"rendered":"<p>PEIGNE DE TOILETTAGE A QUEUE AVEC DENTS EXTRA-LONGUES 7 1\/2&#8221;  Outils de toilettage haut de gamme con\u00e7us pour le toiletteur professionnel  *Con\u00e7u pur le pelage fin *Peigne en laiton et acier au fini chrom\u00e9 *Dents extra-longues avec bouts arrondis *Con\u00e7u pour les pelages fins *Test\u00e9 par des toiletteurs professionnels canadiens<\/p>\n","protected":false},"excerpt":{"rendered":"<p>PEIGNE DE TOILETTAGE A QUEUE AVEC DENTS EXTRA-LONGUES 7 1\/2&#8221;  Outils de toilettage haut de gamme con\u00e7us pour le toiletteur professionnel  *Con\u00e7u pur le pelage fin *Peigne en laiton et acier au fini chrom\u00e9 *Dents extra-longues avec bouts arrondis *Con\u00e7u pour les pelages fins *Test\u00e9 par des toiletteurs professionnels canadiens<\/p>\n","protected":false},"featured_media":27807,"template":"","meta":[],"product_brand":[],"product_cat":[360,363,345],"product_tag":[],"class_list":{"0":"post-19955","1":"product","2":"type-product","3":"status-publish","4":"has-post-thumbnail","6":"product_cat-hygiene-et-soins-chien","7":"product_cat-peignes-et-rateaux","8":"product_cat-toilettage","10":"first","11":"outofstock","12":"taxable","13":"shipping-taxable","14":"purchasable","15":"product-type-simple"},"aioseo_notices":[],"_links":{"self":[{"href":"https:\/\/hunterproboutique.com\/fr\/wp-json\/wp\/v2\/product\/19955","targetHints":{"allow":["GET"]}}],"collection":[{"href":"https:\/\/hunterproboutique.com\/fr\/wp-json\/wp\/v2\/product"}],"about":[{"href":"https:\/\/hunterproboutique.com\/fr\/wp-json\/wp\/v2\/types\/product"}],"wp:featuredmedia":[{"embeddable":true,"href":"https:\/\/hunterproboutique.com\/fr\/wp-json\/wp\/v2\/media\/27807"}],"wp:attachment":[{"href":"https:\/\/hunterproboutique.com\/fr\/wp-json\/wp\/v2\/media?parent=19955"}],"wp:term":[{"taxonomy":"product_brand","embeddable":true,"href":"https:\/\/hunterproboutique.com\/fr\/wp-json\/wp\/v2\/product_brand?post=19955"},{"taxonomy":"product_cat","embeddable":true,"href":"https:\/\/hunterproboutique.com\/fr\/wp-json\/wp\/v2\/product_cat?post=19955"},{"taxonomy":"product_tag","embeddable":true,"href":"https:\/\/hunterproboutique.com\/fr\/wp-json\/wp\/v2\/product_tag?post=19955"}],"curies":[{"name":"wp","href":"https:\/\/api.w.org\/{rel}","templated":true}]}}