{"id":19959,"date":"2026-04-16T01:02:47","date_gmt":"2026-04-16T05:02:47","guid":{"rendered":"https:\/\/hunterproboutique.com\/product\/7-5-peigne-titanium-arc-en-ciel-dents-1-1-16\/"},"modified":"2026-04-16T03:16:19","modified_gmt":"2026-04-16T07:16:19","slug":"7-5-peigne-titanium-arc-en-ciel-dents-1-1-16","status":"publish","type":"product","link":"https:\/\/hunterproboutique.com\/fr\/produit\/7-5-peigne-titanium-arc-en-ciel-dents-1-1-16\/","title":{"rendered":"7.5&#8242; PEIGNE TITANIUM ARC-EN-CIEL, DENTS 1 1\/18&#8242;"},"content":{"rendered":"<p>PEIGNE PROFESSIONNEL AU PLACAGE DE TITANE ARC-EN-CIEL, 7.5 &#8216; &#8211; 19cm  Les peignes Titanium Arc-en-Ciel sont les pr\u00e9f\u00e9r\u00e9s des toiletteurs professionnels depuis longtemps.  S\u00e9lectionn\u00e9s et recommand\u00e9s par les instructeurs et les ma\u00eetres toiletteurs,   *Excellent peigne de finition avec des dents moyennes\/grossi\u00e8res de 1 1\/l8&#8217; &#8211; 3cm *Placage de titane arc-en-ciel unique, r\u00e9sistant \u00e0 la rouille *Dents durcies perc\u00e9es dans le dos plat de 5 mm de m\u00e9tal massif *Doux au toucher. *Dossier antid\u00e9rapant, profil\u00e9 pour une meilleure prise en main et une facilit\u00e9 d&#8217;utilisation *Dents arrondies, lisses et \u00e9l\u00e9gantes<\/p>\n","protected":false},"excerpt":{"rendered":"<p>PEIGNE PROFESSIONNEL AU PLACAGE DE TITANE ARC-EN-CIEL, 7.5 &#8216; &#8211; 19cm  Les peignes Titanium Arc-en-Ciel sont les pr\u00e9f\u00e9r\u00e9s des toiletteurs professionnels depuis longtemps.  S\u00e9lectionn\u00e9s et recommand\u00e9s par les instructeurs et les ma\u00eetres toiletteurs,   *Excellent peigne de finition avec des dents moyennes\/grossi\u00e8res de 1 1\/l8&#8217; &#8211; 3cm *Placage de titane arc-en-ciel unique, r\u00e9sistant \u00e0 la rouille *Dents durcies perc\u00e9es dans le dos plat de 5 mm de m\u00e9tal massif *Doux au toucher. *Dossier antid\u00e9rapant, profil\u00e9 pour une meilleure prise en main et une facilit\u00e9 d&#8217;utilisation *Dents arrondies, lisses et \u00e9l\u00e9gantes<\/p>\n","protected":false},"featured_media":27813,"template":"","meta":[],"product_brand":[],"product_cat":[360,363,345],"product_tag":[],"class_list":{"0":"post-19959","1":"product","2":"type-product","3":"status-publish","4":"has-post-thumbnail","6":"product_cat-hygiene-et-soins-chien","7":"product_cat-peignes-et-rateaux","8":"product_cat-toilettage","10":"first","11":"instock","12":"taxable","13":"shipping-taxable","14":"purchasable","15":"product-type-simple"},"aioseo_notices":[],"_links":{"self":[{"href":"https:\/\/hunterproboutique.com\/fr\/wp-json\/wp\/v2\/product\/19959","targetHints":{"allow":["GET"]}}],"collection":[{"href":"https:\/\/hunterproboutique.com\/fr\/wp-json\/wp\/v2\/product"}],"about":[{"href":"https:\/\/hunterproboutique.com\/fr\/wp-json\/wp\/v2\/types\/product"}],"wp:featuredmedia":[{"embeddable":true,"href":"https:\/\/hunterproboutique.com\/fr\/wp-json\/wp\/v2\/media\/27813"}],"wp:attachment":[{"href":"https:\/\/hunterproboutique.com\/fr\/wp-json\/wp\/v2\/media?parent=19959"}],"wp:term":[{"taxonomy":"product_brand","embeddable":true,"href":"https:\/\/hunterproboutique.com\/fr\/wp-json\/wp\/v2\/product_brand?post=19959"},{"taxonomy":"product_cat","embeddable":true,"href":"https:\/\/hunterproboutique.com\/fr\/wp-json\/wp\/v2\/product_cat?post=19959"},{"taxonomy":"product_tag","embeddable":true,"href":"https:\/\/hunterproboutique.com\/fr\/wp-json\/wp\/v2\/product_tag?post=19959"}],"curies":[{"name":"wp","href":"https:\/\/api.w.org\/{rel}","templated":true}]}}