{"id":19985,"date":"2026-04-16T01:02:54","date_gmt":"2026-04-16T05:02:54","guid":{"rendered":"https:\/\/hunterproboutique.com\/product\/filet-capture-chat\/"},"modified":"2026-04-16T03:16:31","modified_gmt":"2026-04-16T07:16:31","slug":"filet-capture-chat","status":"publish","type":"product","link":"https:\/\/hunterproboutique.com\/fr\/produit\/filet-capture-chat\/","title":{"rendered":"FILET CAPTURE"},"content":{"rendered":"<p>FILET DE CAPTURE   Un moyen s\u00fbr d&#8217;attraper une grande vari\u00e9t\u00e9 d&#8217;oiseaux, de chats et d&#8217;autres petits animaux, le filet \u00e0 mailles noires est attach\u00e9 \u00e0 un m\u00e9canisme de fermeture et \u00e0 un poteau fixe.Ce filet est solide, l\u00e9ger et facile \u00e0 manipuler. L&#8217;ouverture est contr\u00f4l\u00e9e par un m\u00e9canisme simple qui le maintient en forme de &#8216;cerf-volant&#8217; jusqu&#8217;au moment de la capture, o\u00f9 il peut \u00eatre referm\u00e9 rapidement en tirant sur le manchon de commande et en repliant le profil\u00e9 en acier.  *La forme de cerf-volant a \u00e9t\u00e9 choisie pour faciliter le travail du filet dans les coins.  *Filet ne s&#8217;emm\u00eale pas *M\u00e9canisme de fermeture *Facile \u00e0 ranger *Le filet en tissu et son m\u00e9canisme de fonctionnement sont port\u00e9s par un manche en acier inoxydable de 1220 mm (48 pouces).  *Toutes les pi\u00e8ces m\u00e9talliques sont plaqu\u00e9es en zinc brillant *Le filet est constitu\u00e9 de fines mailles en nid d&#8217;abeille et ne s&#8217;\u00e9tire pas, les animaux ne s&#8217;emm\u00ealent pas et il peut \u00eatre remplac\u00e9 assez facilement.  *Lorsqu&#8217;il n&#8217;est pas utilis\u00e9, le filet de capture se range facilement dans un v\u00e9hicule, une clinique ou un service. *Poids : 1,85 kg (environ)<\/p>\n","protected":false},"excerpt":{"rendered":"<p>FILET DE CAPTURE   Un moyen s\u00fbr d&#8217;attraper une grande vari\u00e9t\u00e9 d&#8217;oiseaux, de chats et d&#8217;autres petits animaux, le filet \u00e0 mailles noires est attach\u00e9 \u00e0 un m\u00e9canisme de fermeture et \u00e0 un poteau fixe.Ce filet est solide, l\u00e9ger et facile \u00e0 manipuler. L&#8217;ouverture est contr\u00f4l\u00e9e par un m\u00e9canisme simple qui le maintient en forme de &#8216;cerf-volant&#8217; jusqu&#8217;au moment de la capture, o\u00f9 il peut \u00eatre referm\u00e9 rapidement en tirant sur le manchon de commande et en repliant le profil\u00e9 en acier.  *La forme de cerf-volant a \u00e9t\u00e9 choisie pour faciliter le travail du filet dans les coins.  *Filet ne s&#8217;emm\u00eale pas *M\u00e9canisme de fermeture *Facile \u00e0 ranger *Le filet en tissu et son m\u00e9canisme de fonctionnement sont port\u00e9s par un manche en acier inoxydable de 1220 mm (48 pouces).  *Toutes les pi\u00e8ces m\u00e9talliques sont plaqu\u00e9es en zinc brillant *Le filet est constitu\u00e9 de fines mailles en nid d&#8217;abeille et ne s&#8217;\u00e9tire pas, les animaux ne s&#8217;emm\u00ealent pas et il peut \u00eatre remplac\u00e9 assez facilement.  *Lorsqu&#8217;il n&#8217;est pas utilis\u00e9, le filet de capture se range facilement dans un v\u00e9hicule, une clinique ou un service. *Poids : 1,85 kg (environ)<\/p>\n","protected":false},"featured_media":27897,"template":"","meta":[],"product_brand":[],"product_cat":[372,345],"product_tag":[],"class_list":{"0":"post-19985","1":"product","2":"type-product","3":"status-publish","4":"has-post-thumbnail","6":"product_cat-divers","7":"product_cat-toilettage","9":"first","10":"outofstock","11":"taxable","12":"shipping-taxable","13":"purchasable","14":"product-type-simple"},"aioseo_notices":[],"_links":{"self":[{"href":"https:\/\/hunterproboutique.com\/fr\/wp-json\/wp\/v2\/product\/19985","targetHints":{"allow":["GET"]}}],"collection":[{"href":"https:\/\/hunterproboutique.com\/fr\/wp-json\/wp\/v2\/product"}],"about":[{"href":"https:\/\/hunterproboutique.com\/fr\/wp-json\/wp\/v2\/types\/product"}],"wp:featuredmedia":[{"embeddable":true,"href":"https:\/\/hunterproboutique.com\/fr\/wp-json\/wp\/v2\/media\/27897"}],"wp:attachment":[{"href":"https:\/\/hunterproboutique.com\/fr\/wp-json\/wp\/v2\/media?parent=19985"}],"wp:term":[{"taxonomy":"product_brand","embeddable":true,"href":"https:\/\/hunterproboutique.com\/fr\/wp-json\/wp\/v2\/product_brand?post=19985"},{"taxonomy":"product_cat","embeddable":true,"href":"https:\/\/hunterproboutique.com\/fr\/wp-json\/wp\/v2\/product_cat?post=19985"},{"taxonomy":"product_tag","embeddable":true,"href":"https:\/\/hunterproboutique.com\/fr\/wp-json\/wp\/v2\/product_tag?post=19985"}],"curies":[{"name":"wp","href":"https:\/\/api.w.org\/{rel}","templated":true}]}}