{"id":26744,"date":"2026-04-18T01:02:10","date_gmt":"2026-04-18T05:02:10","guid":{"rendered":"https:\/\/hunterproboutique.com\/product\/tapis-de-fond-de-bain-toutou-endormi-36x24\/"},"modified":"2026-04-18T03:15:09","modified_gmt":"2026-04-18T07:15:09","slug":"tapis-de-fond-de-bain-toutou-endormi-36x24","status":"publish","type":"product","link":"https:\/\/hunterproboutique.com\/fr\/produit\/tapis-de-fond-de-bain-toutou-endormi-36x24\/","title":{"rendered":"TAPIS DE FOND DE BAIN &#8211; TOUTOU ENDORMI &#8211; 36&#215;24&#8242;"},"content":{"rendered":"<p>TAPIS DE FOND DE BAIN &#8211; TOUTOU ENDORMI &#8211;  Mettez de l&#8217;art dans votre travail.    *Tissu de base antid\u00e9rapant *Tapis en plastique pour un contact confortable et pour filtrer facilement les poils perdus *Facile \u00e0 d\u00e9couper \u00e0 votre taille pour s&#8217;adapter \u00e0 votre bain de toilettage *Convient au bain en acrylique # 34405  Dimension: 36&#215;24&#8242; &#8211; 90x60cm<\/p>\n","protected":false},"excerpt":{"rendered":"<p>TAPIS DE FOND DE BAIN &#8211; TOUTOU ENDORMI &#8211;  Mettez de l&#8217;art dans votre travail.    *Tissu de base antid\u00e9rapant *Tapis en plastique pour un contact confortable et pour filtrer facilement les poils perdus *Facile \u00e0 d\u00e9couper \u00e0 votre taille pour s&#8217;adapter \u00e0 votre bain de toilettage *Convient au bain en acrylique # 34405  Dimension: 36&#215;24&#8242; &#8211; 90x60cm<\/p>\n","protected":false},"featured_media":56459,"template":"","meta":[],"product_brand":[],"product_cat":[347,346,348,345],"product_tag":[],"class_list":{"0":"post-26744","1":"product","2":"type-product","3":"status-publish","4":"has-post-thumbnail","6":"product_cat-accessoires","7":"product_cat-bain-douches-et-accessoires","8":"product_cat-bains","9":"product_cat-toilettage","11":"first","12":"instock","13":"taxable","14":"shipping-taxable","15":"purchasable","16":"product-type-simple"},"aioseo_notices":[],"_links":{"self":[{"href":"https:\/\/hunterproboutique.com\/fr\/wp-json\/wp\/v2\/product\/26744","targetHints":{"allow":["GET"]}}],"collection":[{"href":"https:\/\/hunterproboutique.com\/fr\/wp-json\/wp\/v2\/product"}],"about":[{"href":"https:\/\/hunterproboutique.com\/fr\/wp-json\/wp\/v2\/types\/product"}],"wp:featuredmedia":[{"embeddable":true,"href":"https:\/\/hunterproboutique.com\/fr\/wp-json\/wp\/v2\/media\/56459"}],"wp:attachment":[{"href":"https:\/\/hunterproboutique.com\/fr\/wp-json\/wp\/v2\/media?parent=26744"}],"wp:term":[{"taxonomy":"product_brand","embeddable":true,"href":"https:\/\/hunterproboutique.com\/fr\/wp-json\/wp\/v2\/product_brand?post=26744"},{"taxonomy":"product_cat","embeddable":true,"href":"https:\/\/hunterproboutique.com\/fr\/wp-json\/wp\/v2\/product_cat?post=26744"},{"taxonomy":"product_tag","embeddable":true,"href":"https:\/\/hunterproboutique.com\/fr\/wp-json\/wp\/v2\/product_tag?post=26744"}],"curies":[{"name":"wp","href":"https:\/\/api.w.org\/{rel}","templated":true}]}}