{"id":28556,"date":"2026-04-16T01:02:34","date_gmt":"2026-04-16T05:02:34","guid":{"rendered":"https:\/\/hunterproboutique.com\/product\/support-de-tonte-double-robuste-avec-2-pinces\/"},"modified":"2026-04-15T03:15:46","modified_gmt":"2026-04-15T07:15:46","slug":"support-de-tonte-double-robuste-avec-2-pinces","status":"publish","type":"product","link":"https:\/\/hunterproboutique.com\/fr\/produit\/support-de-tonte-double-robuste-avec-2-pinces\/","title":{"rendered":"SUPPORT DE TONTE DOUBLE, ROBUSTE, AVEC 2 PINCES"},"content":{"rendered":"<p>SUPPORT DE TONTE TRANSVERSAL, TR\u00c8S ROBUSTE, 2 PINCES  Ce support de tonte combine  l&#8217;esth\u00e9tisme et la robustesse.. Il peut s&#8217;utiliser sur toutes es tables de tonte de dimension s48 pouces &#8211;  *Il r\u00e9sistera \u00e0 un usage intense *Il s&#8217;installe avec deux pinces solides *Six crochets de retenue efficaces pour accommoder les petits et les gros clients<\/p>\n","protected":false},"excerpt":{"rendered":"<p>SUPPORT DE TONTE TRANSVERSAL, TR\u00c8S ROBUSTE, 2 PINCES  Ce support de tonte combine  l&#8217;esth\u00e9tisme et la robustesse.. Il peut s&#8217;utiliser sur toutes es tables de tonte de dimension s48 pouces &#8211;  *Il r\u00e9sistera \u00e0 un usage intense *Il s&#8217;installe avec deux pinces solides *Six crochets de retenue efficaces pour accommoder les petits et les gros clients<\/p>\n","protected":false},"featured_media":30036,"template":"","meta":[],"product_brand":[],"product_cat":[470,324,345],"product_tag":[],"class_list":{"0":"post-28556","1":"product","2":"type-product","3":"status-publish","4":"has-post-thumbnail","6":"product_cat-supports-fr","7":"product_cat-tables-grooming-arms","8":"product_cat-toilettage","10":"first","11":"instock","12":"taxable","13":"shipping-taxable","14":"purchasable","15":"product-type-simple"},"aioseo_notices":[],"_links":{"self":[{"href":"https:\/\/hunterproboutique.com\/fr\/wp-json\/wp\/v2\/product\/28556","targetHints":{"allow":["GET"]}}],"collection":[{"href":"https:\/\/hunterproboutique.com\/fr\/wp-json\/wp\/v2\/product"}],"about":[{"href":"https:\/\/hunterproboutique.com\/fr\/wp-json\/wp\/v2\/types\/product"}],"wp:featuredmedia":[{"embeddable":true,"href":"https:\/\/hunterproboutique.com\/fr\/wp-json\/wp\/v2\/media\/30036"}],"wp:attachment":[{"href":"https:\/\/hunterproboutique.com\/fr\/wp-json\/wp\/v2\/media?parent=28556"}],"wp:term":[{"taxonomy":"product_brand","embeddable":true,"href":"https:\/\/hunterproboutique.com\/fr\/wp-json\/wp\/v2\/product_brand?post=28556"},{"taxonomy":"product_cat","embeddable":true,"href":"https:\/\/hunterproboutique.com\/fr\/wp-json\/wp\/v2\/product_cat?post=28556"},{"taxonomy":"product_tag","embeddable":true,"href":"https:\/\/hunterproboutique.com\/fr\/wp-json\/wp\/v2\/product_tag?post=28556"}],"curies":[{"name":"wp","href":"https:\/\/api.w.org\/{rel}","templated":true}]}}