{"id":28572,"date":"2026-04-20T01:02:47","date_gmt":"2026-04-20T05:02:47","guid":{"rendered":"https:\/\/hunterproboutique.com\/product\/peigne-en-cuivrefini-chrome-dents-1-4-fines-3-4-eloignees\/"},"modified":"2026-04-20T03:15:57","modified_gmt":"2026-04-20T07:15:57","slug":"peigne-en-cuivrefini-chrome-dents-1-4-fines-3-4-eloignees","status":"publish","type":"product","link":"https:\/\/hunterproboutique.com\/fr\/produit\/peigne-en-cuivrefini-chrome-dents-1-4-fines-3-4-eloignees\/","title":{"rendered":"PEIGNE EN LAITON,FINI CHROME, DENTS 1\/4 FINES 3\/4 \u00c9LOIGN\u00c9ES"},"content":{"rendered":"<p>PEIGNE EN LAITON, FINI CHROME, DENTS FINES\/DENTS \u00c9LOIGN\u00c9ES  Ce peigne de quality ultra-premium fait partie des peignes pr\u00e9f\u00e9r\u00e9s des toiletteurs professionnels depuis longtemps. S\u00e9lectionn\u00e9 et recommand\u00e9 par les instructeurs et les ma\u00eetres toiletteurs,   *Longueur hors-tout: 9.65&#8242; &#8211; 24.5 cm *Excellent peigne avec 1\/4 de dents fines et 3\/4 de dents \u00e9loign\u00e9es  longues de 1 .26&#8242; &#8211; &#8211; 3.2 cm *Doux au toucher. *Dossier antid\u00e9rapant, profil\u00e9 pour une meilleure prise en main et une facilit\u00e9 d&#8217;utilisation *Dents arrondies, lisses et \u00e9l\u00e9gantes<\/p>\n","protected":false},"excerpt":{"rendered":"<p>PEIGNE EN LAITON, FINI CHROME, DENTS FINES\/DENTS \u00c9LOIGN\u00c9ES  Ce peigne de quality ultra-premium fait partie des peignes pr\u00e9f\u00e9r\u00e9s des toiletteurs professionnels depuis longtemps. S\u00e9lectionn\u00e9 et recommand\u00e9 par les instructeurs et les ma\u00eetres toiletteurs,   *Longueur hors-tout: 9.65&#8242; &#8211; 24.5 cm *Excellent peigne avec 1\/4 de dents fines et 3\/4 de dents \u00e9loign\u00e9es  longues de 1 .26&#8242; &#8211; &#8211; 3.2 cm *Doux au toucher. *Dossier antid\u00e9rapant, profil\u00e9 pour une meilleure prise en main et une facilit\u00e9 d&#8217;utilisation *Dents arrondies, lisses et \u00e9l\u00e9gantes<\/p>\n","protected":false},"featured_media":27821,"template":"","meta":[],"product_brand":[],"product_cat":[360,363,345],"product_tag":[],"class_list":{"0":"post-28572","1":"product","2":"type-product","3":"status-publish","4":"has-post-thumbnail","6":"product_cat-hygiene-et-soins-chien","7":"product_cat-peignes-et-rateaux","8":"product_cat-toilettage","10":"first","11":"instock","12":"taxable","13":"shipping-taxable","14":"purchasable","15":"product-type-simple"},"aioseo_notices":[],"_links":{"self":[{"href":"https:\/\/hunterproboutique.com\/fr\/wp-json\/wp\/v2\/product\/28572","targetHints":{"allow":["GET"]}}],"collection":[{"href":"https:\/\/hunterproboutique.com\/fr\/wp-json\/wp\/v2\/product"}],"about":[{"href":"https:\/\/hunterproboutique.com\/fr\/wp-json\/wp\/v2\/types\/product"}],"wp:featuredmedia":[{"embeddable":true,"href":"https:\/\/hunterproboutique.com\/fr\/wp-json\/wp\/v2\/media\/27821"}],"wp:attachment":[{"href":"https:\/\/hunterproboutique.com\/fr\/wp-json\/wp\/v2\/media?parent=28572"}],"wp:term":[{"taxonomy":"product_brand","embeddable":true,"href":"https:\/\/hunterproboutique.com\/fr\/wp-json\/wp\/v2\/product_brand?post=28572"},{"taxonomy":"product_cat","embeddable":true,"href":"https:\/\/hunterproboutique.com\/fr\/wp-json\/wp\/v2\/product_cat?post=28572"},{"taxonomy":"product_tag","embeddable":true,"href":"https:\/\/hunterproboutique.com\/fr\/wp-json\/wp\/v2\/product_tag?post=28572"}],"curies":[{"name":"wp","href":"https:\/\/api.w.org\/{rel}","templated":true}]}}