{"id":28735,"date":"2026-05-07T01:02:31","date_gmt":"2026-05-07T05:02:31","guid":{"rendered":"https:\/\/hunterproboutique.com\/product\/dematteur-electrique-pour-pros-matti\/"},"modified":"2026-05-07T03:16:00","modified_gmt":"2026-05-07T07:16:00","slug":"dematteur-electrique-pour-pros-matti","status":"publish","type":"product","link":"https:\/\/hunterproboutique.com\/fr\/produit\/dematteur-electrique-pour-pros-matti\/","title":{"rendered":"DEMELEUR ELECTRIQUE POUR PROS &#8211; MATTI"},"content":{"rendered":"<p>MATTI DEMATTER \u00c9LECTRIQUE POUR LES TOILETTEURS PROFESSIONNELS  Le premier d\u00e9m\u00ealeur \u00e9lectrique du march\u00e9.  Une aide pr\u00e9cieuse pour le travail stressant de d\u00e9m\u00ealage. A utiliser sur les chiens dont la fourrure est longue,dense et difficile \u00e0 toiletter. e pas utiliser sur un chien dont la fourrure est feutr\u00e9e et a \u00e9t\u00e9 n\u00e9glig\u00e9e.  *Compact, l\u00e9ger, facile \u00e0 prendre en main, il r\u00e9duit la tension sur les mains, les poignets et les \u00e9paules des toiletteurs. *Les rails de guidage de s\u00e9curit\u00e9 emp\u00eachent tout inconfort pour le chien en \u00e9vitant les contacts avec sa peau *\u00c9quip\u00e9 d&#8217;un moteur sans balai, assurant une longue dur\u00e9e de vie. *Fonctionne sur une tension de 100-240V dans le monde entier. *Le collecteur de poils unique permet de rassembler facilement tous les poils d\u00e9tach\u00e9s. *La cassette rempla\u00e7able est \u00e9quip\u00e9e de broches en acier inoxydable, elle est facile \u00e0 remplacer en quelques \u00e9tapes simples.<\/p>\n","protected":false},"excerpt":{"rendered":"<p>MATTI DEMATTER \u00c9LECTRIQUE POUR LES TOILETTEURS PROFESSIONNELS  Le premier d\u00e9m\u00ealeur \u00e9lectrique du march\u00e9.  Une aide pr\u00e9cieuse pour le travail stressant de d\u00e9m\u00ealage. A utiliser sur les chiens dont la fourrure est longue,dense et difficile \u00e0 toiletter. e pas utiliser sur un chien dont la fourrure est feutr\u00e9e et a \u00e9t\u00e9 n\u00e9glig\u00e9e.  *Compact, l\u00e9ger, facile \u00e0 prendre en main, il r\u00e9duit la tension sur les mains, les poignets et les \u00e9paules des toiletteurs. *Les rails de guidage de s\u00e9curit\u00e9 emp\u00eachent tout inconfort pour le chien en \u00e9vitant les contacts avec sa peau *\u00c9quip\u00e9 d&#8217;un moteur sans balai, assurant une longue dur\u00e9e de vie. *Fonctionne sur une tension de 100-240V dans le monde entier. *Le collecteur de poils unique permet de rassembler facilement tous les poils d\u00e9tach\u00e9s. *La cassette rempla\u00e7able est \u00e9quip\u00e9e de broches en acier inoxydable, elle est facile \u00e0 remplacer en quelques \u00e9tapes simples.<\/p>\n","protected":false},"featured_media":29474,"template":"","meta":[],"product_brand":[],"product_cat":[360,345],"product_tag":[],"class_list":{"0":"post-28735","1":"product","2":"type-product","3":"status-publish","4":"has-post-thumbnail","6":"product_cat-hygiene-et-soins-chien","7":"product_cat-toilettage","9":"first","10":"outofstock","11":"taxable","12":"shipping-taxable","13":"purchasable","14":"product-type-simple"},"aioseo_notices":[],"_links":{"self":[{"href":"https:\/\/hunterproboutique.com\/fr\/wp-json\/wp\/v2\/product\/28735","targetHints":{"allow":["GET"]}}],"collection":[{"href":"https:\/\/hunterproboutique.com\/fr\/wp-json\/wp\/v2\/product"}],"about":[{"href":"https:\/\/hunterproboutique.com\/fr\/wp-json\/wp\/v2\/types\/product"}],"wp:featuredmedia":[{"embeddable":true,"href":"https:\/\/hunterproboutique.com\/fr\/wp-json\/wp\/v2\/media\/29474"}],"wp:attachment":[{"href":"https:\/\/hunterproboutique.com\/fr\/wp-json\/wp\/v2\/media?parent=28735"}],"wp:term":[{"taxonomy":"product_brand","embeddable":true,"href":"https:\/\/hunterproboutique.com\/fr\/wp-json\/wp\/v2\/product_brand?post=28735"},{"taxonomy":"product_cat","embeddable":true,"href":"https:\/\/hunterproboutique.com\/fr\/wp-json\/wp\/v2\/product_cat?post=28735"},{"taxonomy":"product_tag","embeddable":true,"href":"https:\/\/hunterproboutique.com\/fr\/wp-json\/wp\/v2\/product_tag?post=28735"}],"curies":[{"name":"wp","href":"https:\/\/api.w.org\/{rel}","templated":true}]}}