{"id":31991,"date":"2026-05-12T01:02:17","date_gmt":"2026-05-12T05:02:17","guid":{"rendered":"https:\/\/hunterproboutique.com\/product\/cordon-electrique-18-3-pour-la-plupart-des-modeles-air-force\/"},"modified":"2026-05-12T03:15:21","modified_gmt":"2026-05-12T07:15:21","slug":"cordon-electrique-18-3-pour-la-plupart-des-modeles-air-force","status":"publish","type":"product","link":"https:\/\/hunterproboutique.com\/fr\/produit\/cordon-electrique-18-3-pour-la-plupart-des-modeles-air-force\/","title":{"rendered":"CORDON ELECTRIQUE 18\/3 POUR LA PLUPART DES MODELES AIR FORCE"},"content":{"rendered":"<p>CORDON ELECTRIQUE 18\/3   Cordon \u00e9lectrique de remplacement pour la plupart des mod\u00e8les de S\u00e9choirs METRO<\/p>\n","protected":false},"excerpt":{"rendered":"<p>CORDON ELECTRIQUE 18\/3   Cordon \u00e9lectrique de remplacement pour la plupart des mod\u00e8les de S\u00e9choirs METRO<\/p>\n","protected":false},"featured_media":56367,"template":"","meta":[],"product_brand":[],"product_cat":[369,345],"product_tag":[],"class_list":{"0":"post-31991","1":"product","2":"type-product","3":"status-publish","4":"has-post-thumbnail","6":"product_cat-sechoir","7":"product_cat-toilettage","9":"first","10":"instock","11":"taxable","12":"shipping-taxable","13":"purchasable","14":"product-type-simple"},"aioseo_notices":[],"_links":{"self":[{"href":"https:\/\/hunterproboutique.com\/fr\/wp-json\/wp\/v2\/product\/31991","targetHints":{"allow":["GET"]}}],"collection":[{"href":"https:\/\/hunterproboutique.com\/fr\/wp-json\/wp\/v2\/product"}],"about":[{"href":"https:\/\/hunterproboutique.com\/fr\/wp-json\/wp\/v2\/types\/product"}],"wp:featuredmedia":[{"embeddable":true,"href":"https:\/\/hunterproboutique.com\/fr\/wp-json\/wp\/v2\/media\/56367"}],"wp:attachment":[{"href":"https:\/\/hunterproboutique.com\/fr\/wp-json\/wp\/v2\/media?parent=31991"}],"wp:term":[{"taxonomy":"product_brand","embeddable":true,"href":"https:\/\/hunterproboutique.com\/fr\/wp-json\/wp\/v2\/product_brand?post=31991"},{"taxonomy":"product_cat","embeddable":true,"href":"https:\/\/hunterproboutique.com\/fr\/wp-json\/wp\/v2\/product_cat?post=31991"},{"taxonomy":"product_tag","embeddable":true,"href":"https:\/\/hunterproboutique.com\/fr\/wp-json\/wp\/v2\/product_tag?post=31991"}],"curies":[{"name":"wp","href":"https:\/\/api.w.org\/{rel}","templated":true}]}}