{"id":33437,"date":"2026-04-19T01:02:35","date_gmt":"2026-04-19T05:02:35","guid":{"rendered":"https:\/\/hunterproboutique.com\/product\/actionneur-lineaire-pour-table-et-bain-de-toilettage\/"},"modified":"2026-04-19T03:15:41","modified_gmt":"2026-04-19T07:15:41","slug":"actionneur-lineaire-pour-table-et-bain-de-toilettage","status":"publish","type":"product","link":"https:\/\/hunterproboutique.com\/fr\/produit\/actionneur-lineaire-pour-table-et-bain-de-toilettage\/","title":{"rendered":"ACTIONNEUR LIN\u00c9AIRE POUR TABLE ET BAIN DE TOILETTAGE"},"content":{"rendered":"<p>ACTIONNEUR LIN\u00c9AIRE DE REMPLACEMENT  Cette pi\u00e8ce de remplacement convient aux bains et tables de toilettage.  Pri\u00e8re de sp\u00e9cifier l&#8217;ann\u00e9e de l&#8217;achat du produit pur recevoir le bon mod\u00e8le.<\/p>\n","protected":false},"excerpt":{"rendered":"<p>ACTIONNEUR LIN\u00c9AIRE DE REMPLACEMENT  Cette pi\u00e8ce de remplacement convient aux bains et tables de toilettage.  Pri\u00e8re de sp\u00e9cifier l&#8217;ann\u00e9e de l&#8217;achat du produit pur recevoir le bon mod\u00e8le.<\/p>\n","protected":false},"featured_media":0,"template":"","meta":[],"product_brand":[],"product_cat":[347,346,345],"product_tag":[],"class_list":{"0":"post-33437","1":"product","2":"type-product","3":"status-publish","5":"product_cat-accessoires","6":"product_cat-bain-douches-et-accessoires","7":"product_cat-toilettage","9":"first","10":"outofstock","11":"taxable","12":"shipping-taxable","13":"purchasable","14":"product-type-simple"},"aioseo_notices":[],"_links":{"self":[{"href":"https:\/\/hunterproboutique.com\/fr\/wp-json\/wp\/v2\/product\/33437","targetHints":{"allow":["GET"]}}],"collection":[{"href":"https:\/\/hunterproboutique.com\/fr\/wp-json\/wp\/v2\/product"}],"about":[{"href":"https:\/\/hunterproboutique.com\/fr\/wp-json\/wp\/v2\/types\/product"}],"wp:attachment":[{"href":"https:\/\/hunterproboutique.com\/fr\/wp-json\/wp\/v2\/media?parent=33437"}],"wp:term":[{"taxonomy":"product_brand","embeddable":true,"href":"https:\/\/hunterproboutique.com\/fr\/wp-json\/wp\/v2\/product_brand?post=33437"},{"taxonomy":"product_cat","embeddable":true,"href":"https:\/\/hunterproboutique.com\/fr\/wp-json\/wp\/v2\/product_cat?post=33437"},{"taxonomy":"product_tag","embeddable":true,"href":"https:\/\/hunterproboutique.com\/fr\/wp-json\/wp\/v2\/product_tag?post=33437"}],"curies":[{"name":"wp","href":"https:\/\/api.w.org\/{rel}","templated":true}]}}