{"id":33439,"date":"2026-04-16T01:02:38","date_gmt":"2026-04-16T05:02:38","guid":{"rendered":"https:\/\/hunterproboutique.com\/product\/transformeur-de-remplacementbains-et-tables\/"},"modified":"2026-04-16T03:16:04","modified_gmt":"2026-04-16T07:16:04","slug":"transformeur-de-remplacementbains-et-tables","status":"publish","type":"product","link":"https:\/\/hunterproboutique.com\/fr\/produit\/transformeur-de-remplacementbains-et-tables\/","title":{"rendered":"TRANSFORMEUR DE REMPLACEMENT,BAINS ET TABLES"},"content":{"rendered":"<p>TRASNFORMEUR DE REMPLACEMENT  Cette pi\u00e8ce de remplacement convient aux bains et tables de toilettage.  Pri\u00e8re de sp\u00e9cifier l&#8217;ann\u00e9e de l&#8217;achat du produit pur recevoir le bon mod\u00e8le<\/p>\n","protected":false},"excerpt":{"rendered":"<p>TRASNFORMEUR DE REMPLACEMENT  Cette pi\u00e8ce de remplacement convient aux bains et tables de toilettage.  Pri\u00e8re de sp\u00e9cifier l&#8217;ann\u00e9e de l&#8217;achat du produit pur recevoir le bon mod\u00e8le<\/p>\n","protected":false},"featured_media":0,"template":"","meta":[],"product_brand":[],"product_cat":[347,346,345],"product_tag":[],"class_list":{"0":"post-33439","1":"product","2":"type-product","3":"status-publish","5":"product_cat-accessoires","6":"product_cat-bain-douches-et-accessoires","7":"product_cat-toilettage","9":"first","10":"outofstock","11":"taxable","12":"shipping-taxable","13":"purchasable","14":"product-type-simple"},"aioseo_notices":[],"_links":{"self":[{"href":"https:\/\/hunterproboutique.com\/fr\/wp-json\/wp\/v2\/product\/33439","targetHints":{"allow":["GET"]}}],"collection":[{"href":"https:\/\/hunterproboutique.com\/fr\/wp-json\/wp\/v2\/product"}],"about":[{"href":"https:\/\/hunterproboutique.com\/fr\/wp-json\/wp\/v2\/types\/product"}],"wp:attachment":[{"href":"https:\/\/hunterproboutique.com\/fr\/wp-json\/wp\/v2\/media?parent=33439"}],"wp:term":[{"taxonomy":"product_brand","embeddable":true,"href":"https:\/\/hunterproboutique.com\/fr\/wp-json\/wp\/v2\/product_brand?post=33439"},{"taxonomy":"product_cat","embeddable":true,"href":"https:\/\/hunterproboutique.com\/fr\/wp-json\/wp\/v2\/product_cat?post=33439"},{"taxonomy":"product_tag","embeddable":true,"href":"https:\/\/hunterproboutique.com\/fr\/wp-json\/wp\/v2\/product_tag?post=33439"}],"curies":[{"name":"wp","href":"https:\/\/api.w.org\/{rel}","templated":true}]}}