{"id":40093,"date":"2026-05-08T01:02:30","date_gmt":"2026-05-08T05:02:30","guid":{"rendered":"https:\/\/hunterproboutique.com\/product\/caoutchouc-pour-ciseaux-hunter-2\/"},"modified":"2026-05-08T03:15:44","modified_gmt":"2026-05-08T07:15:44","slug":"caoutchouc-pour-ciseaux-hunter-2","status":"publish","type":"product","link":"https:\/\/hunterproboutique.com\/fr\/produit\/caoutchouc-pour-ciseaux-hunter-2\/","title":{"rendered":"CAOUTCHOUC POUR CISEAUX HUNTER"},"content":{"rendered":"<p>ANNEAU DE CAOUTCHOUC NOIR POUR CISEAUX DE TOILETTAGE  Cet anneau de caoutchouc permet un ajustement personnalis\u00e9.  **Pri\u00e8re de commander selon le mod\u00e8le qui correspond \u00e0 votre ciseau *Celui-ci est idntifi\u00e9 comme &#8216;B&#8217; dans la photo du catalogue HUNTER<\/p>\n","protected":false},"excerpt":{"rendered":"<p>ANNEAU DE CAOUTCHOUC NOIR POUR CISEAUX DE TOILETTAGE  Cet anneau de caoutchouc permet un ajustement personnalis\u00e9.  **Pri\u00e8re de commander selon le mod\u00e8le qui correspond \u00e0 votre ciseau *Celui-ci est idntifi\u00e9 comme &#8216;B&#8217; dans la photo du catalogue HUNTER<\/p>\n","protected":false},"featured_media":0,"template":"","meta":[],"product_brand":[],"product_cat":[373,374,345],"product_tag":[],"class_list":{"0":"post-40093","1":"product","2":"type-product","3":"status-publish","5":"product_cat-ciseaux","6":"product_cat-hunter-et-accessoires","7":"product_cat-toilettage","9":"first","10":"instock","11":"taxable","12":"shipping-taxable","13":"purchasable","14":"product-type-simple"},"aioseo_notices":[],"_links":{"self":[{"href":"https:\/\/hunterproboutique.com\/fr\/wp-json\/wp\/v2\/product\/40093","targetHints":{"allow":["GET"]}}],"collection":[{"href":"https:\/\/hunterproboutique.com\/fr\/wp-json\/wp\/v2\/product"}],"about":[{"href":"https:\/\/hunterproboutique.com\/fr\/wp-json\/wp\/v2\/types\/product"}],"wp:attachment":[{"href":"https:\/\/hunterproboutique.com\/fr\/wp-json\/wp\/v2\/media?parent=40093"}],"wp:term":[{"taxonomy":"product_brand","embeddable":true,"href":"https:\/\/hunterproboutique.com\/fr\/wp-json\/wp\/v2\/product_brand?post=40093"},{"taxonomy":"product_cat","embeddable":true,"href":"https:\/\/hunterproboutique.com\/fr\/wp-json\/wp\/v2\/product_cat?post=40093"},{"taxonomy":"product_tag","embeddable":true,"href":"https:\/\/hunterproboutique.com\/fr\/wp-json\/wp\/v2\/product_tag?post=40093"}],"curies":[{"name":"wp","href":"https:\/\/api.w.org\/{rel}","templated":true}]}}