{"id":42103,"date":"2026-04-16T01:02:07","date_gmt":"2026-04-16T05:02:07","guid":{"rendered":"https:\/\/hunterproboutique.com\/product\/shampooing-pate-beurre-de-karite-460g\/"},"modified":"2026-04-15T03:15:09","modified_gmt":"2026-04-15T07:15:09","slug":"shampooing-pate-beurre-de-karite-460g","status":"publish","type":"product","link":"https:\/\/hunterproboutique.com\/fr\/produit\/shampooing-pate-beurre-de-karite-460g\/","title":{"rendered":"SHAMPOOING PATE BEURRE DE KARITE 460g"},"content":{"rendered":"<p>SHAMPOOING EN P\u00c2TE, AVEC BEURRE DE KARIT\u00c9 460G  Le Beurre de Karit\u00e9 est particuli\u00e8rement riche en acides gras insatur\u00e9s. Il contient les vitamines A,D et E qui permettent de nourrir la peau et d&#8217;acc\u00e9l\u00e9rer la cicatrisation. Il s&#8217;av\u00e8re le shampooing id\u00e9al pour le toilettage. Laisse le poil brillant de propret\u00e9 tout en prot\u00e9geant la peau.   *Sa texture riche et onctueuse lui procure des propri\u00e9t\u00e9s tr\u00e8s int\u00e9ressantes:  anti-inflammatoires, apaisantes, assouplissantes et protectrices *Solution naturelle largement recommend\u00e9e pour une hydratation de le peau en profondeur *Aussi disponible en 3,25 kg<\/p>\n","protected":false},"excerpt":{"rendered":"<p>SHAMPOOING EN P\u00c2TE, AVEC BEURRE DE KARIT\u00c9 460G  Le Beurre de Karit\u00e9 est particuli\u00e8rement riche en acides gras insatur\u00e9s. Il contient les vitamines A,D et E qui permettent de nourrir la peau et d&#8217;acc\u00e9l\u00e9rer la cicatrisation. Il s&#8217;av\u00e8re le shampooing id\u00e9al pour le toilettage. Laisse le poil brillant de propret\u00e9 tout en prot\u00e9geant la peau.   *Sa texture riche et onctueuse lui procure des propri\u00e9t\u00e9s tr\u00e8s int\u00e9ressantes:  anti-inflammatoires, apaisantes, assouplissantes et protectrices *Solution naturelle largement recommend\u00e9e pour une hydratation de le peau en profondeur *Aussi disponible en 3,25 kg<\/p>\n","protected":false},"featured_media":0,"template":"","meta":[],"product_brand":[],"product_cat":[360,345],"product_tag":[],"class_list":{"0":"post-42103","1":"product","2":"type-product","3":"status-publish","5":"product_cat-hygiene-et-soins-chien","6":"product_cat-toilettage","8":"first","9":"instock","10":"taxable","11":"shipping-taxable","12":"purchasable","13":"product-type-simple"},"aioseo_notices":[],"_links":{"self":[{"href":"https:\/\/hunterproboutique.com\/fr\/wp-json\/wp\/v2\/product\/42103","targetHints":{"allow":["GET"]}}],"collection":[{"href":"https:\/\/hunterproboutique.com\/fr\/wp-json\/wp\/v2\/product"}],"about":[{"href":"https:\/\/hunterproboutique.com\/fr\/wp-json\/wp\/v2\/types\/product"}],"wp:attachment":[{"href":"https:\/\/hunterproboutique.com\/fr\/wp-json\/wp\/v2\/media?parent=42103"}],"wp:term":[{"taxonomy":"product_brand","embeddable":true,"href":"https:\/\/hunterproboutique.com\/fr\/wp-json\/wp\/v2\/product_brand?post=42103"},{"taxonomy":"product_cat","embeddable":true,"href":"https:\/\/hunterproboutique.com\/fr\/wp-json\/wp\/v2\/product_cat?post=42103"},{"taxonomy":"product_tag","embeddable":true,"href":"https:\/\/hunterproboutique.com\/fr\/wp-json\/wp\/v2\/product_tag?post=42103"}],"curies":[{"name":"wp","href":"https:\/\/api.w.org\/{rel}","templated":true}]}}