{"id":42473,"date":"2026-05-07T01:02:04","date_gmt":"2026-05-07T05:02:04","guid":{"rendered":"https:\/\/hunterproboutique.com\/product\/89ml-protect-maison-animal-lavande\/"},"modified":"2026-05-07T03:15:15","modified_gmt":"2026-05-07T07:15:15","slug":"89ml-protect-maison-animal-lavande","status":"publish","type":"product","link":"https:\/\/hunterproboutique.com\/fr\/produit\/89ml-protect-maison-animal-lavande\/","title":{"rendered":"89ML  PROTECT. MAISON\/ANIMAL LAVANDE"},"content":{"rendered":"<p>PROT\u00c8CTEUR MAISON &#038; ANIMAUX &#8211; PARFUM DE LAVANDE 89mL  La formule Protecteur Maison &#038; animaux Eco-Spaw optimis\u00e9e par la Nanotechnologie \u00e9mulsifie les huiles pr\u00e9sentes dans l&#8217;exosquelette des insectes et les s\u00e8che.  *Naturel et Biod\u00e9gradable \/ Sans larmes, Anti-odeurs \/ Hypoallerg\u00e8ne\t *Parfum de lavande *Sain pour n&#8217;importe quel animal, pour la peau sensible et toutes les surfaces *Non toxique, non m\u00e9dicamenteux et sans pesticide *Fabriqu\u00e9 au Canada<\/p>\n","protected":false},"excerpt":{"rendered":"<p>PROT\u00c8CTEUR MAISON &#038; ANIMAUX &#8211; PARFUM DE LAVANDE 89mL  La formule Protecteur Maison &#038; animaux Eco-Spaw optimis\u00e9e par la Nanotechnologie \u00e9mulsifie les huiles pr\u00e9sentes dans l&#8217;exosquelette des insectes et les s\u00e8che.  *Naturel et Biod\u00e9gradable \/ Sans larmes, Anti-odeurs \/ Hypoallerg\u00e8ne\t *Parfum de lavande *Sain pour n&#8217;importe quel animal, pour la peau sensible et toutes les surfaces *Non toxique, non m\u00e9dicamenteux et sans pesticide *Fabriqu\u00e9 au Canada<\/p>\n","protected":false},"featured_media":56401,"template":"","meta":[],"product_brand":[],"product_cat":[360,345],"product_tag":[],"class_list":{"0":"post-42473","1":"product","2":"type-product","3":"status-publish","4":"has-post-thumbnail","6":"product_cat-hygiene-et-soins-chien","7":"product_cat-toilettage","9":"first","10":"instock","11":"taxable","12":"shipping-taxable","13":"purchasable","14":"product-type-simple"},"aioseo_notices":[],"_links":{"self":[{"href":"https:\/\/hunterproboutique.com\/fr\/wp-json\/wp\/v2\/product\/42473","targetHints":{"allow":["GET"]}}],"collection":[{"href":"https:\/\/hunterproboutique.com\/fr\/wp-json\/wp\/v2\/product"}],"about":[{"href":"https:\/\/hunterproboutique.com\/fr\/wp-json\/wp\/v2\/types\/product"}],"wp:featuredmedia":[{"embeddable":true,"href":"https:\/\/hunterproboutique.com\/fr\/wp-json\/wp\/v2\/media\/56401"}],"wp:attachment":[{"href":"https:\/\/hunterproboutique.com\/fr\/wp-json\/wp\/v2\/media?parent=42473"}],"wp:term":[{"taxonomy":"product_brand","embeddable":true,"href":"https:\/\/hunterproboutique.com\/fr\/wp-json\/wp\/v2\/product_brand?post=42473"},{"taxonomy":"product_cat","embeddable":true,"href":"https:\/\/hunterproboutique.com\/fr\/wp-json\/wp\/v2\/product_cat?post=42473"},{"taxonomy":"product_tag","embeddable":true,"href":"https:\/\/hunterproboutique.com\/fr\/wp-json\/wp\/v2\/product_tag?post=42473"}],"curies":[{"name":"wp","href":"https:\/\/api.w.org\/{rel}","templated":true}]}}