{"id":42489,"date":"2026-04-16T01:02:07","date_gmt":"2026-04-16T05:02:07","guid":{"rendered":"https:\/\/hunterproboutique.com\/product\/89ml-tache-et-odeurscitron\/"},"modified":"2026-04-16T03:15:11","modified_gmt":"2026-04-16T07:15:11","slug":"89ml-tache-et-odeurscitron","status":"publish","type":"product","link":"https:\/\/hunterproboutique.com\/fr\/produit\/89ml-tache-et-odeurscitron\/","title":{"rendered":"89ML  TACHE ET ODEURS,CITRON"},"content":{"rendered":"<p>TACHES &#038; ODEURS &#8211; PARFUM CITRON NATUREL &#8211; 89mL  La formule Taches &#038; Odeurs Eco-Spaw optimis\u00e9e par la Nanotechnologie, enl\u00e8ve n&#8217;importe quelle tache et d\u00e9truit m\u00eame les mol\u00e9cules d&#8217;odeur au lieu de les masquer.   *Naturel et Biod\u00e9gradable \/ Sans larmes, Anti-odeurs \/ Hypoallerg\u00e8ne *Parfum citron naturel *S\u00e9curitaire pour les animaux *S\u00e9curitaire pour toutes les surfaces *Enl\u00e8ve toutes les taches *Fabriqu\u00e9 au Canada\t .<\/p>\n","protected":false},"excerpt":{"rendered":"<p>TACHES &#038; ODEURS &#8211; PARFUM CITRON NATUREL &#8211; 89mL  La formule Taches &#038; Odeurs Eco-Spaw optimis\u00e9e par la Nanotechnologie, enl\u00e8ve n&#8217;importe quelle tache et d\u00e9truit m\u00eame les mol\u00e9cules d&#8217;odeur au lieu de les masquer.   *Naturel et Biod\u00e9gradable \/ Sans larmes, Anti-odeurs \/ Hypoallerg\u00e8ne *Parfum citron naturel *S\u00e9curitaire pour les animaux *S\u00e9curitaire pour toutes les surfaces *Enl\u00e8ve toutes les taches *Fabriqu\u00e9 au Canada\t .<\/p>\n","protected":false},"featured_media":56395,"template":"","meta":[],"product_brand":[],"product_cat":[360,364,345],"product_tag":[],"class_list":{"0":"post-42489","1":"product","2":"type-product","3":"status-publish","4":"has-post-thumbnail","6":"product_cat-hygiene-et-soins-chien","7":"product_cat-soin-des-yeux-oreille-et-buccale-et-instruments","8":"product_cat-toilettage","10":"first","11":"instock","12":"taxable","13":"shipping-taxable","14":"purchasable","15":"product-type-simple"},"aioseo_notices":[],"_links":{"self":[{"href":"https:\/\/hunterproboutique.com\/fr\/wp-json\/wp\/v2\/product\/42489","targetHints":{"allow":["GET"]}}],"collection":[{"href":"https:\/\/hunterproboutique.com\/fr\/wp-json\/wp\/v2\/product"}],"about":[{"href":"https:\/\/hunterproboutique.com\/fr\/wp-json\/wp\/v2\/types\/product"}],"wp:featuredmedia":[{"embeddable":true,"href":"https:\/\/hunterproboutique.com\/fr\/wp-json\/wp\/v2\/media\/56395"}],"wp:attachment":[{"href":"https:\/\/hunterproboutique.com\/fr\/wp-json\/wp\/v2\/media?parent=42489"}],"wp:term":[{"taxonomy":"product_brand","embeddable":true,"href":"https:\/\/hunterproboutique.com\/fr\/wp-json\/wp\/v2\/product_brand?post=42489"},{"taxonomy":"product_cat","embeddable":true,"href":"https:\/\/hunterproboutique.com\/fr\/wp-json\/wp\/v2\/product_cat?post=42489"},{"taxonomy":"product_tag","embeddable":true,"href":"https:\/\/hunterproboutique.com\/fr\/wp-json\/wp\/v2\/product_tag?post=42489"}],"curies":[{"name":"wp","href":"https:\/\/api.w.org\/{rel}","templated":true}]}}