{"id":42497,"date":"2026-05-07T01:02:04","date_gmt":"2026-05-07T05:02:04","guid":{"rendered":"https:\/\/hunterproboutique.com\/product\/207ml-shampooing-bio-lavande\/"},"modified":"2026-05-07T03:15:15","modified_gmt":"2026-05-07T07:15:15","slug":"207ml-shampooing-bio-lavande","status":"publish","type":"product","link":"https:\/\/hunterproboutique.com\/fr\/produit\/207ml-shampooing-bio-lavande\/","title":{"rendered":"207ML SHAMPOOING BIO LAVANDE"},"content":{"rendered":"<p>SHAMPOOING BIO &#8211; &#8211; PARFUM DE LAVANDE207 mL  Le Shampooing  Eco-Spaw optimis\u00e9 par la Nanotechnologie, nettoie en profondeur en enlevant les huiles, salet\u00e9s et odeurs tout en gardant un pelage sain.   *Parfum de lavande. *Naturel et Biod\u00e9gradable \/ Sans larmes \/ Anti-odeurs \/ Hypoallerg\u00e8ne *Soulage les points chauds (hot spots) *Soulage la peau s\u00e8che et les d\u00e9mangeaisons *\u00c9limine les pellicules  *Produit canadien<\/p>\n","protected":false},"excerpt":{"rendered":"<p>SHAMPOOING BIO &#8211; &#8211; PARFUM DE LAVANDE207 mL  Le Shampooing  Eco-Spaw optimis\u00e9 par la Nanotechnologie, nettoie en profondeur en enlevant les huiles, salet\u00e9s et odeurs tout en gardant un pelage sain.   *Parfum de lavande. *Naturel et Biod\u00e9gradable \/ Sans larmes \/ Anti-odeurs \/ Hypoallerg\u00e8ne *Soulage les points chauds (hot spots) *Soulage la peau s\u00e8che et les d\u00e9mangeaisons *\u00c9limine les pellicules  *Produit canadien<\/p>\n","protected":false},"featured_media":56385,"template":"","meta":[],"product_brand":[],"product_cat":[360,345],"product_tag":[],"class_list":{"0":"post-42497","1":"product","2":"type-product","3":"status-publish","4":"has-post-thumbnail","6":"product_cat-hygiene-et-soins-chien","7":"product_cat-toilettage","9":"first","10":"instock","11":"taxable","12":"shipping-taxable","13":"purchasable","14":"product-type-simple"},"aioseo_notices":[],"_links":{"self":[{"href":"https:\/\/hunterproboutique.com\/fr\/wp-json\/wp\/v2\/product\/42497","targetHints":{"allow":["GET"]}}],"collection":[{"href":"https:\/\/hunterproboutique.com\/fr\/wp-json\/wp\/v2\/product"}],"about":[{"href":"https:\/\/hunterproboutique.com\/fr\/wp-json\/wp\/v2\/types\/product"}],"wp:featuredmedia":[{"embeddable":true,"href":"https:\/\/hunterproboutique.com\/fr\/wp-json\/wp\/v2\/media\/56385"}],"wp:attachment":[{"href":"https:\/\/hunterproboutique.com\/fr\/wp-json\/wp\/v2\/media?parent=42497"}],"wp:term":[{"taxonomy":"product_brand","embeddable":true,"href":"https:\/\/hunterproboutique.com\/fr\/wp-json\/wp\/v2\/product_brand?post=42497"},{"taxonomy":"product_cat","embeddable":true,"href":"https:\/\/hunterproboutique.com\/fr\/wp-json\/wp\/v2\/product_cat?post=42497"},{"taxonomy":"product_tag","embeddable":true,"href":"https:\/\/hunterproboutique.com\/fr\/wp-json\/wp\/v2\/product_tag?post=42497"}],"curies":[{"name":"wp","href":"https:\/\/api.w.org\/{rel}","templated":true}]}}