{"id":42522,"date":"2026-04-16T01:02:50","date_gmt":"2026-04-16T05:02:50","guid":{"rendered":"https:\/\/hunterproboutique.com\/product\/clix-target-stick\/"},"modified":"2026-04-16T03:16:24","modified_gmt":"2026-04-16T07:16:24","slug":"clix-target-stick","status":"publish","type":"product","link":"https:\/\/hunterproboutique.com\/fr\/produit\/clix-target-stick\/","title":{"rendered":"CLIX TARGET STICK"},"content":{"rendered":"<p>B\u00c2TON DE DRESSAGE CLIX TARGET STICK  Le b\u00e2ton t\u00e9lescopique CLIX Target Stick est un accessoire id\u00e9al pour l&#8217;entra\u00eenement au clicker. Il s&#8217;allonge jusqu&#8217;\u00e0 70cm et comprend un embout en caoutchouc. Un guide de dressage d\u00e9taill\u00e9 est inclus.<\/p>\n","protected":false},"excerpt":{"rendered":"<p>B\u00c2TON DE DRESSAGE CLIX TARGET STICK  Le b\u00e2ton t\u00e9lescopique CLIX Target Stick est un accessoire id\u00e9al pour l&#8217;entra\u00eenement au clicker. Il s&#8217;allonge jusqu&#8217;\u00e0 70cm et comprend un embout en caoutchouc. Un guide de dressage d\u00e9taill\u00e9 est inclus.<\/p>\n","protected":false},"featured_media":9096,"template":"","meta":[],"product_brand":[],"product_cat":[372,345],"product_tag":[],"class_list":{"0":"post-42522","1":"product","2":"type-product","3":"status-publish","4":"has-post-thumbnail","6":"product_cat-divers","7":"product_cat-toilettage","9":"first","10":"outofstock","11":"taxable","12":"shipping-taxable","13":"purchasable","14":"product-type-simple"},"aioseo_notices":[],"_links":{"self":[{"href":"https:\/\/hunterproboutique.com\/fr\/wp-json\/wp\/v2\/product\/42522","targetHints":{"allow":["GET"]}}],"collection":[{"href":"https:\/\/hunterproboutique.com\/fr\/wp-json\/wp\/v2\/product"}],"about":[{"href":"https:\/\/hunterproboutique.com\/fr\/wp-json\/wp\/v2\/types\/product"}],"wp:featuredmedia":[{"embeddable":true,"href":"https:\/\/hunterproboutique.com\/fr\/wp-json\/wp\/v2\/media\/9096"}],"wp:attachment":[{"href":"https:\/\/hunterproboutique.com\/fr\/wp-json\/wp\/v2\/media?parent=42522"}],"wp:term":[{"taxonomy":"product_brand","embeddable":true,"href":"https:\/\/hunterproboutique.com\/fr\/wp-json\/wp\/v2\/product_brand?post=42522"},{"taxonomy":"product_cat","embeddable":true,"href":"https:\/\/hunterproboutique.com\/fr\/wp-json\/wp\/v2\/product_cat?post=42522"},{"taxonomy":"product_tag","embeddable":true,"href":"https:\/\/hunterproboutique.com\/fr\/wp-json\/wp\/v2\/product_tag?post=42522"}],"curies":[{"name":"wp","href":"https:\/\/api.w.org\/{rel}","templated":true}]}}