{"id":42549,"date":"2026-04-16T01:02:54","date_gmt":"2026-04-16T05:02:54","guid":{"rendered":"https:\/\/hunterproboutique.com\/product\/porte-clefs-etain-doberman\/"},"modified":"2026-04-15T03:16:12","modified_gmt":"2026-04-15T07:16:12","slug":"porte-clefs-etain-doberman","status":"publish","type":"product","link":"https:\/\/hunterproboutique.com\/fr\/produit\/porte-clefs-etain-doberman\/","title":{"rendered":"PORTE-CLEFS ETAIN DOBERMAN"},"content":{"rendered":"<p>PORTE-CL\u00c9S EN \u00c9TAIN &#8211; DOBERMAN  Hunter Brand offre une s\u00e9lection de porte-cl\u00e9s en \u00e9tain \u00e0 l&#8217;effigie de diff\u00e9rentes races de chiens. Si seulement ils pouvaient retrouver et rapporter nos cl\u00e9s Ces items mesurent environ 1&#8217;x1 1\/4&#8242; chacun.<\/p>\n","protected":false},"excerpt":{"rendered":"<p>PORTE-CL\u00c9S EN \u00c9TAIN &#8211; DOBERMAN  Hunter Brand offre une s\u00e9lection de porte-cl\u00e9s en \u00e9tain \u00e0 l&#8217;effigie de diff\u00e9rentes races de chiens. Si seulement ils pouvaient retrouver et rapporter nos cl\u00e9s Ces items mesurent environ 1&#8217;x1 1\/4&#8242; chacun.<\/p>\n","protected":false},"featured_media":56285,"template":"","meta":[],"product_brand":[],"product_cat":[372,345],"product_tag":[],"class_list":{"0":"post-42549","1":"product","2":"type-product","3":"status-publish","4":"has-post-thumbnail","6":"product_cat-divers","7":"product_cat-toilettage","9":"first","10":"instock","11":"taxable","12":"shipping-taxable","13":"purchasable","14":"product-type-simple"},"aioseo_notices":[],"_links":{"self":[{"href":"https:\/\/hunterproboutique.com\/fr\/wp-json\/wp\/v2\/product\/42549","targetHints":{"allow":["GET"]}}],"collection":[{"href":"https:\/\/hunterproboutique.com\/fr\/wp-json\/wp\/v2\/product"}],"about":[{"href":"https:\/\/hunterproboutique.com\/fr\/wp-json\/wp\/v2\/types\/product"}],"wp:featuredmedia":[{"embeddable":true,"href":"https:\/\/hunterproboutique.com\/fr\/wp-json\/wp\/v2\/media\/56285"}],"wp:attachment":[{"href":"https:\/\/hunterproboutique.com\/fr\/wp-json\/wp\/v2\/media?parent=42549"}],"wp:term":[{"taxonomy":"product_brand","embeddable":true,"href":"https:\/\/hunterproboutique.com\/fr\/wp-json\/wp\/v2\/product_brand?post=42549"},{"taxonomy":"product_cat","embeddable":true,"href":"https:\/\/hunterproboutique.com\/fr\/wp-json\/wp\/v2\/product_cat?post=42549"},{"taxonomy":"product_tag","embeddable":true,"href":"https:\/\/hunterproboutique.com\/fr\/wp-json\/wp\/v2\/product_tag?post=42549"}],"curies":[{"name":"wp","href":"https:\/\/api.w.org\/{rel}","templated":true}]}}