{"id":42700,"date":"2026-04-16T01:02:10","date_gmt":"2026-04-16T05:02:10","guid":{"rendered":"https:\/\/hunterproboutique.com\/product\/shampooing-animaux-citrobug-1l\/"},"modified":"2026-04-15T03:15:13","modified_gmt":"2026-04-15T07:15:13","slug":"shampooing-animaux-citrobug-1l","status":"publish","type":"product","link":"https:\/\/hunterproboutique.com\/fr\/produit\/shampooing-animaux-citrobug-1l\/","title":{"rendered":"SHAMPOOING  ANIMAUX CITROBUG 1L"},"content":{"rendered":"<p>SHAMPOOING POUR ANIMAUX CITROBUG &#8211; 1L  Les produits parfum\u00e9s ont tendance \u00e0 attirer les moustiques. Malgr\u00e9 sa fragrance agr\u00e9able, le shampooing Citrobug est une solution efficace qui prot\u00e8ge les animaux contre ces insectes emb\u00eatants.  *Produit qu\u00e9becois \u00e0 base d&#8217;huiles essentielles dans une base moussante non-irritante *Sa formule donne de l&#8217;\u00e9clat et de la souplesse aux fourrures *Biod\u00e9gradable, hypoallerg\u00e9nique, sans phosphate ou agents de conservation et poss\u00e8de un pH neutre<\/p>\n","protected":false},"excerpt":{"rendered":"<p>SHAMPOOING POUR ANIMAUX CITROBUG &#8211; 1L  Les produits parfum\u00e9s ont tendance \u00e0 attirer les moustiques. Malgr\u00e9 sa fragrance agr\u00e9able, le shampooing Citrobug est une solution efficace qui prot\u00e8ge les animaux contre ces insectes emb\u00eatants.  *Produit qu\u00e9becois \u00e0 base d&#8217;huiles essentielles dans une base moussante non-irritante *Sa formule donne de l&#8217;\u00e9clat et de la souplesse aux fourrures *Biod\u00e9gradable, hypoallerg\u00e9nique, sans phosphate ou agents de conservation et poss\u00e8de un pH neutre<\/p>\n","protected":false},"featured_media":56420,"template":"","meta":[],"product_brand":[],"product_cat":[360,365,345],"product_tag":[],"class_list":{"0":"post-42700","1":"product","2":"type-product","3":"status-publish","4":"has-post-thumbnail","6":"product_cat-hygiene-et-soins-chien","7":"product_cat-insecticide-et-produit-puces","8":"product_cat-toilettage","10":"first","11":"instock","12":"taxable","13":"shipping-taxable","14":"purchasable","15":"product-type-simple"},"aioseo_notices":[],"_links":{"self":[{"href":"https:\/\/hunterproboutique.com\/fr\/wp-json\/wp\/v2\/product\/42700","targetHints":{"allow":["GET"]}}],"collection":[{"href":"https:\/\/hunterproboutique.com\/fr\/wp-json\/wp\/v2\/product"}],"about":[{"href":"https:\/\/hunterproboutique.com\/fr\/wp-json\/wp\/v2\/types\/product"}],"wp:featuredmedia":[{"embeddable":true,"href":"https:\/\/hunterproboutique.com\/fr\/wp-json\/wp\/v2\/media\/56420"}],"wp:attachment":[{"href":"https:\/\/hunterproboutique.com\/fr\/wp-json\/wp\/v2\/media?parent=42700"}],"wp:term":[{"taxonomy":"product_brand","embeddable":true,"href":"https:\/\/hunterproboutique.com\/fr\/wp-json\/wp\/v2\/product_brand?post=42700"},{"taxonomy":"product_cat","embeddable":true,"href":"https:\/\/hunterproboutique.com\/fr\/wp-json\/wp\/v2\/product_cat?post=42700"},{"taxonomy":"product_tag","embeddable":true,"href":"https:\/\/hunterproboutique.com\/fr\/wp-json\/wp\/v2\/product_tag?post=42700"}],"curies":[{"name":"wp","href":"https:\/\/api.w.org\/{rel}","templated":true}]}}