{"id":43358,"date":"2026-04-16T01:02:05","date_gmt":"2026-04-16T05:02:05","guid":{"rendered":"https:\/\/hunterproboutique.com\/product\/sac-a-dos-harnais-2-en-1-explorer-wahl\/"},"modified":"2026-04-15T03:15:05","modified_gmt":"2026-04-15T07:15:05","slug":"sac-a-dos-harnais-2-en-1-explorer-wahl","status":"publish","type":"product","link":"https:\/\/hunterproboutique.com\/fr\/produit\/sac-a-dos-harnais-2-en-1-explorer-wahl\/","title":{"rendered":"SAC A DOS\/HARNAIS 2-EN-1 EXPLORER WAHL"},"content":{"rendered":"<p>SAC A DOS\/HARNAIS 2-EN-1 EXPLORER WAHL  Id\u00e9al pur la randonn\u00e9e, l&#8217;entra\u00eenement et les activit\u00e9s de plein air. Maintenant, vous pouvez partager la charrge avec votre compagnon \u00e0 quatre pattes durant vos aventures en plein air. Que vous vous lanciez sur les sentiers ou vous promeniez dans la jungle urbaine, votre chien sera fier de porter ses propres jouets et friandises ainsi que certaines des v\u00f4tres.  Attachez simplement une laisse et c&#8217;est parti  *Conception profil\u00e9e avec harnais int\u00e9gr\u00e9 *5 points d&#8217;ajustement sur mesure *Doublure matelass\u00e9e pour un confort accru *Bordure r\u00e9fl\u00e9chissante pour haute visibilit\u00e9  *Poign\u00e9e large pour contr\u00f4ler ou aider au besoin *Anneau d&#8217;attache pour la laisse *Tissu en maille respirante *Boucles \u00e0 dgagement rapide *Convient aux chiens de taille moyenne \u00e0 grande *Cou: 22-27&#8242; &#8211; 55-68 cm       Poitrail: 30-32&#8242; &#8211;  76-81cm<\/p>\n","protected":false},"excerpt":{"rendered":"<p>SAC A DOS\/HARNAIS 2-EN-1 EXPLORER WAHL  Id\u00e9al pur la randonn\u00e9e, l&#8217;entra\u00eenement et les activit\u00e9s de plein air. Maintenant, vous pouvez partager la charrge avec votre compagnon \u00e0 quatre pattes durant vos aventures en plein air. Que vous vous lanciez sur les sentiers ou vous promeniez dans la jungle urbaine, votre chien sera fier de porter ses propres jouets et friandises ainsi que certaines des v\u00f4tres.  Attachez simplement une laisse et c&#8217;est parti  *Conception profil\u00e9e avec harnais int\u00e9gr\u00e9 *5 points d&#8217;ajustement sur mesure *Doublure matelass\u00e9e pour un confort accru *Bordure r\u00e9fl\u00e9chissante pour haute visibilit\u00e9  *Poign\u00e9e large pour contr\u00f4ler ou aider au besoin *Anneau d&#8217;attache pour la laisse *Tissu en maille respirante *Boucles \u00e0 dgagement rapide *Convient aux chiens de taille moyenne \u00e0 grande *Cou: 22-27&#8242; &#8211; 55-68 cm       Poitrail: 30-32&#8242; &#8211;  76-81cm<\/p>\n","protected":false},"featured_media":56279,"template":"","meta":[],"product_brand":[],"product_cat":[356,359,345],"product_tag":[],"class_list":{"0":"post-43358","1":"product","2":"type-product","3":"status-publish","4":"has-post-thumbnail","6":"product_cat-rasoir-et-trimmeur","7":"product_cat-rasoir-et-trimmeur-wahl","8":"product_cat-toilettage","10":"first","11":"instock","12":"taxable","13":"shipping-taxable","14":"purchasable","15":"product-type-simple"},"aioseo_notices":[],"_links":{"self":[{"href":"https:\/\/hunterproboutique.com\/fr\/wp-json\/wp\/v2\/product\/43358","targetHints":{"allow":["GET"]}}],"collection":[{"href":"https:\/\/hunterproboutique.com\/fr\/wp-json\/wp\/v2\/product"}],"about":[{"href":"https:\/\/hunterproboutique.com\/fr\/wp-json\/wp\/v2\/types\/product"}],"wp:featuredmedia":[{"embeddable":true,"href":"https:\/\/hunterproboutique.com\/fr\/wp-json\/wp\/v2\/media\/56279"}],"wp:attachment":[{"href":"https:\/\/hunterproboutique.com\/fr\/wp-json\/wp\/v2\/media?parent=43358"}],"wp:term":[{"taxonomy":"product_brand","embeddable":true,"href":"https:\/\/hunterproboutique.com\/fr\/wp-json\/wp\/v2\/product_brand?post=43358"},{"taxonomy":"product_cat","embeddable":true,"href":"https:\/\/hunterproboutique.com\/fr\/wp-json\/wp\/v2\/product_cat?post=43358"},{"taxonomy":"product_tag","embeddable":true,"href":"https:\/\/hunterproboutique.com\/fr\/wp-json\/wp\/v2\/product_tag?post=43358"}],"curies":[{"name":"wp","href":"https:\/\/api.w.org\/{rel}","templated":true}]}}