{"id":43658,"date":"2026-05-12T01:02:21","date_gmt":"2026-05-12T05:02:21","guid":{"rendered":"https:\/\/hunterproboutique.com\/product\/loupe-de-toilettage-biothane-1-2x20\/"},"modified":"2026-05-12T03:15:25","modified_gmt":"2026-05-12T07:15:25","slug":"loupe-de-toilettage-biothane-1-2x20","status":"publish","type":"product","link":"https:\/\/hunterproboutique.com\/fr\/produit\/loupe-de-toilettage-biothane-1-2x20\/","title":{"rendered":"LOUPE DE TOILETTAGE BIOTHANE 1\/2&#8217;X20&#8242;"},"content":{"rendered":"<p>LOUPE DE TOILETTAGE BIOTHANE AVEC ANNEAU ET MOUSQUETON S.I.   Ce mat\u00e9riel de tr\u00e8s haute qualit\u00e9 r\u00e9siste aux coupures, abrasions et produits chimiques. Compar\u00e9 au cuir, il est plus r\u00e9sistant, durable, et impermeable et son nettoyage, rarement n\u00e9cessaire, est tres facile. 1\/2&#8242; x 20&#8242; Offert dans les couleurs suivantes: rouge &#8211; noir &#8211; rose &#8211; bleu<\/p>\n","protected":false},"excerpt":{"rendered":"<p>LOUPE DE TOILETTAGE BIOTHANE AVEC ANNEAU ET MOUSQUETON S.I.   Ce mat\u00e9riel de tr\u00e8s haute qualit\u00e9 r\u00e9siste aux coupures, abrasions et produits chimiques. Compar\u00e9 au cuir, il est plus r\u00e9sistant, durable, et impermeable et son nettoyage, rarement n\u00e9cessaire, est tres facile. 1\/2&#8242; x 20&#8242; Offert dans les couleurs suivantes: rouge &#8211; noir &#8211; rose &#8211; bleu<\/p>\n","protected":false},"featured_media":56258,"template":"","meta":[],"product_brand":[],"product_cat":[470,324,345],"product_tag":[],"class_list":{"0":"post-43658","1":"product","2":"type-product","3":"status-publish","4":"has-post-thumbnail","6":"product_cat-supports-fr","7":"product_cat-tables-grooming-arms","8":"product_cat-toilettage","10":"first","11":"instock","12":"taxable","13":"shipping-taxable","14":"purchasable","15":"product-type-simple"},"aioseo_notices":[],"_links":{"self":[{"href":"https:\/\/hunterproboutique.com\/fr\/wp-json\/wp\/v2\/product\/43658","targetHints":{"allow":["GET"]}}],"collection":[{"href":"https:\/\/hunterproboutique.com\/fr\/wp-json\/wp\/v2\/product"}],"about":[{"href":"https:\/\/hunterproboutique.com\/fr\/wp-json\/wp\/v2\/types\/product"}],"wp:featuredmedia":[{"embeddable":true,"href":"https:\/\/hunterproboutique.com\/fr\/wp-json\/wp\/v2\/media\/56258"}],"wp:attachment":[{"href":"https:\/\/hunterproboutique.com\/fr\/wp-json\/wp\/v2\/media?parent=43658"}],"wp:term":[{"taxonomy":"product_brand","embeddable":true,"href":"https:\/\/hunterproboutique.com\/fr\/wp-json\/wp\/v2\/product_brand?post=43658"},{"taxonomy":"product_cat","embeddable":true,"href":"https:\/\/hunterproboutique.com\/fr\/wp-json\/wp\/v2\/product_cat?post=43658"},{"taxonomy":"product_tag","embeddable":true,"href":"https:\/\/hunterproboutique.com\/fr\/wp-json\/wp\/v2\/product_tag?post=43658"}],"curies":[{"name":"wp","href":"https:\/\/api.w.org\/{rel}","templated":true}]}}