{"id":54631,"date":"2026-04-15T01:02:15","date_gmt":"2026-04-15T05:02:15","guid":{"rendered":"https:\/\/hunterproboutique.com\/product\/rasoir-kmc-sage-sans-fil\/"},"modified":"2026-04-15T03:15:18","modified_gmt":"2026-04-15T07:15:18","slug":"rasoir-kmc-sage-sans-fil","status":"publish","type":"product","link":"https:\/\/hunterproboutique.com\/fr\/produit\/rasoir-kmc-sage-sans-fil\/","title":{"rendered":"RASOIR KMC + SAGE , SANS FIL"},"content":{"rendered":"<p>RASOIR KMC + SAGE , SANS FIL  KMC am\u00e9lior\u00e9 avec toutes les caract\u00e9ristiques appr\u00e9ci\u00e9es Une conception am\u00e9lior\u00e9e pour plus de confort et de performance. Avec des vitesses accrues jusqu&#8217;\u00e0 4 500 SPM, la KMC+ est parfaite pour les toiletteurs professionnels, les toiletteurs \u00e9quins et les propri\u00e9taires d&#8217;animaux \u00e0 la recherche d&#8217;une tondeuse fiable.  Caract\u00e9ristiques : 2 vitesses \u00e9lev\u00e9es : 3 700 et 4 500 tours\/minute Autonomie de 2 heures sans fil pour un toilettage ininterrompu Conception l\u00e9g\u00e8re et ergonomique pour une utilisation facile sur les chats, les chiens, les porcs et les chevaux. Le bo\u00eetier textur\u00e9 brevet\u00e9 offre contr\u00f4le et confort pour une utilisation prolong\u00e9e. Le moteur sans balai am\u00e9lior\u00e9 fonctionne plus rapidement, plus froidement et dure plus longtemps. Compatible avec la s\u00e9rie Competition de Wahl et la plupart des lames et des peignes-guides de style A5<\/p>\n","protected":false},"excerpt":{"rendered":"<p>RASOIR KMC + SAGE , SANS FIL  KMC am\u00e9lior\u00e9 avec toutes les caract\u00e9ristiques appr\u00e9ci\u00e9es Une conception am\u00e9lior\u00e9e pour plus de confort et de performance. Avec des vitesses accrues jusqu&#8217;\u00e0 4 500 SPM, la KMC+ est parfaite pour les toiletteurs professionnels, les toiletteurs \u00e9quins et les propri\u00e9taires d&#8217;animaux \u00e0 la recherche d&#8217;une tondeuse fiable.  Caract\u00e9ristiques : 2 vitesses \u00e9lev\u00e9es : 3 700 et 4 500 tours\/minute Autonomie de 2 heures sans fil pour un toilettage ininterrompu Conception l\u00e9g\u00e8re et ergonomique pour une utilisation facile sur les chats, les chiens, les porcs et les chevaux. Le bo\u00eetier textur\u00e9 brevet\u00e9 offre contr\u00f4le et confort pour une utilisation prolong\u00e9e. Le moteur sans balai am\u00e9lior\u00e9 fonctionne plus rapidement, plus froidement et dure plus longtemps. Compatible avec la s\u00e9rie Competition de Wahl et la plupart des lames et des peignes-guides de style A5<\/p>\n","protected":false},"featured_media":56601,"template":"","meta":[],"product_brand":[],"product_cat":[356,359,345],"product_tag":[],"class_list":{"0":"post-54631","1":"product","2":"type-product","3":"status-publish","4":"has-post-thumbnail","6":"product_cat-rasoir-et-trimmeur","7":"product_cat-rasoir-et-trimmeur-wahl","8":"product_cat-toilettage","10":"first","11":"outofstock","12":"taxable","13":"shipping-taxable","14":"purchasable","15":"product-type-simple"},"aioseo_notices":[],"_links":{"self":[{"href":"https:\/\/hunterproboutique.com\/fr\/wp-json\/wp\/v2\/product\/54631","targetHints":{"allow":["GET"]}}],"collection":[{"href":"https:\/\/hunterproboutique.com\/fr\/wp-json\/wp\/v2\/product"}],"about":[{"href":"https:\/\/hunterproboutique.com\/fr\/wp-json\/wp\/v2\/types\/product"}],"wp:featuredmedia":[{"embeddable":true,"href":"https:\/\/hunterproboutique.com\/fr\/wp-json\/wp\/v2\/media\/56601"}],"wp:attachment":[{"href":"https:\/\/hunterproboutique.com\/fr\/wp-json\/wp\/v2\/media?parent=54631"}],"wp:term":[{"taxonomy":"product_brand","embeddable":true,"href":"https:\/\/hunterproboutique.com\/fr\/wp-json\/wp\/v2\/product_brand?post=54631"},{"taxonomy":"product_cat","embeddable":true,"href":"https:\/\/hunterproboutique.com\/fr\/wp-json\/wp\/v2\/product_cat?post=54631"},{"taxonomy":"product_tag","embeddable":true,"href":"https:\/\/hunterproboutique.com\/fr\/wp-json\/wp\/v2\/product_tag?post=54631"}],"curies":[{"name":"wp","href":"https:\/\/api.w.org\/{rel}","templated":true}]}}