{"id":55110,"date":"2026-04-15T01:02:15","date_gmt":"2026-04-15T05:02:15","guid":{"rendered":"https:\/\/hunterproboutique.com\/product\/rasoir-km10\/"},"modified":"2026-04-15T03:15:18","modified_gmt":"2026-04-15T07:15:18","slug":"rasoir-km10","status":"publish","type":"product","link":"https:\/\/hunterproboutique.com\/fr\/produit\/rasoir-km10\/","title":{"rendered":"RASOIR KM10 +"},"content":{"rendered":"<p>RASOIR WAHL KM +  Puissance, pr\u00e9cision et contr\u00f4le pour un toilettage sans effort.  La tondeuse KM10+ est \u00e9quip\u00e9e d&#8217;un moteur sans balais \u00e0 2 vitesses (3 000 et 3 700 tr\/min) et b\u00e9n\u00e9ficie de la technologie LOCKGUARD pour un changement de lame s\u00e9curis\u00e9, d&#8217;une poign\u00e9e ergonomique et d&#8217;un contr\u00f4le de vitesse constant pour les poils denses et emm\u00eal\u00e9s. La lame robuste de la s\u00e9rie Prime n\u00b0 10 reste froide pour une coupe pr\u00e9cise.  Principales caract\u00e9ristiques: Moteur sans balais \u00e0 2 vitesses (3 000 et 3 700 tr\/min) pour un toilettage puissant La technologie LOCKGUARD?garantit des changements de lame faciles sans fermeture accidentelle Le bo\u00eetier ergonomique et textur\u00e9 offre une prise en main s\u00fbre pour un contr\u00f4le maximal Le contr\u00f4le de vitesse constant ajuste la puissance pour les pelages denses et emm\u00eal\u00e9s La lame durable de la s\u00e9rie Prime n\u00b0 10 reste froide et coupe avec pr\u00e9cision<\/p>\n","protected":false},"excerpt":{"rendered":"<p>RASOIR WAHL KM +  Puissance, pr\u00e9cision et contr\u00f4le pour un toilettage sans effort.  La tondeuse KM10+ est \u00e9quip\u00e9e d&#8217;un moteur sans balais \u00e0 2 vitesses (3 000 et 3 700 tr\/min) et b\u00e9n\u00e9ficie de la technologie LOCKGUARD pour un changement de lame s\u00e9curis\u00e9, d&#8217;une poign\u00e9e ergonomique et d&#8217;un contr\u00f4le de vitesse constant pour les poils denses et emm\u00eal\u00e9s. La lame robuste de la s\u00e9rie Prime n\u00b0 10 reste froide pour une coupe pr\u00e9cise.  Principales caract\u00e9ristiques: Moteur sans balais \u00e0 2 vitesses (3 000 et 3 700 tr\/min) pour un toilettage puissant La technologie LOCKGUARD?garantit des changements de lame faciles sans fermeture accidentelle Le bo\u00eetier ergonomique et textur\u00e9 offre une prise en main s\u00fbre pour un contr\u00f4le maximal Le contr\u00f4le de vitesse constant ajuste la puissance pour les pelages denses et emm\u00eal\u00e9s La lame durable de la s\u00e9rie Prime n\u00b0 10 reste froide et coupe avec pr\u00e9cision<\/p>\n","protected":false},"featured_media":56875,"template":"","meta":[],"product_brand":[],"product_cat":[356,359,345],"product_tag":[],"class_list":{"0":"post-55110","1":"product","2":"type-product","3":"status-publish","4":"has-post-thumbnail","6":"product_cat-rasoir-et-trimmeur","7":"product_cat-rasoir-et-trimmeur-wahl","8":"product_cat-toilettage","10":"first","11":"outofstock","12":"taxable","13":"shipping-taxable","14":"purchasable","15":"product-type-simple"},"aioseo_notices":[],"_links":{"self":[{"href":"https:\/\/hunterproboutique.com\/fr\/wp-json\/wp\/v2\/product\/55110","targetHints":{"allow":["GET"]}}],"collection":[{"href":"https:\/\/hunterproboutique.com\/fr\/wp-json\/wp\/v2\/product"}],"about":[{"href":"https:\/\/hunterproboutique.com\/fr\/wp-json\/wp\/v2\/types\/product"}],"wp:featuredmedia":[{"embeddable":true,"href":"https:\/\/hunterproboutique.com\/fr\/wp-json\/wp\/v2\/media\/56875"}],"wp:attachment":[{"href":"https:\/\/hunterproboutique.com\/fr\/wp-json\/wp\/v2\/media?parent=55110"}],"wp:term":[{"taxonomy":"product_brand","embeddable":true,"href":"https:\/\/hunterproboutique.com\/fr\/wp-json\/wp\/v2\/product_brand?post=55110"},{"taxonomy":"product_cat","embeddable":true,"href":"https:\/\/hunterproboutique.com\/fr\/wp-json\/wp\/v2\/product_cat?post=55110"},{"taxonomy":"product_tag","embeddable":true,"href":"https:\/\/hunterproboutique.com\/fr\/wp-json\/wp\/v2\/product_tag?post=55110"}],"curies":[{"name":"wp","href":"https:\/\/api.w.org\/{rel}","templated":true}]}}