{"id":55805,"date":"2026-04-16T01:02:52","date_gmt":"2026-04-16T05:02:52","guid":{"rendered":"https:\/\/hunterproboutique.com\/product\/ppsm01mb-51-arbre-condo-lit-perchoir\/"},"modified":"2026-04-15T03:16:09","modified_gmt":"2026-04-15T07:16:09","slug":"ppsm01mb-51-arbre-condo-lit-perchoir","status":"publish","type":"product","link":"https:\/\/hunterproboutique.com\/fr\/produit\/ppsm01mb-51-arbre-condo-lit-perchoir\/","title":{"rendered":"51&#8242; ARBRE CONDO &#038; LIT PERCHOIR"},"content":{"rendered":"<p>#49033 &#8211; ARBRE \u00c0 CHAT MULTI-NIVEAUX AVEC CONDO &#8211; 52&#8221;   Hunter propose plusieurs alternatives \u00e0 la destruction des divans. Cet arbre \u00e0 chat est compos\u00e9 de cinq poteau grattoirs en sisal et plusieurs plateformes en jute. Le rez-de-chauss\u00e9e comporte un condo pour permettre aux chats de se sentir en s\u00e9curit\u00e9 tout en observant les environs. Il mesure 52&#8221; de haut, 22&#8221; de large et 15&#8221; de diam\u00e8tre. Il p\u00e8se 38 lbs.<\/p>\n","protected":false},"excerpt":{"rendered":"<p>#49033 &#8211; ARBRE \u00c0 CHAT MULTI-NIVEAUX AVEC CONDO &#8211; 52&#8221;   Hunter propose plusieurs alternatives \u00e0 la destruction des divans. Cet arbre \u00e0 chat est compos\u00e9 de cinq poteau grattoirs en sisal et plusieurs plateformes en jute. Le rez-de-chauss\u00e9e comporte un condo pour permettre aux chats de se sentir en s\u00e9curit\u00e9 tout en observant les environs. Il mesure 52&#8221; de haut, 22&#8221; de large et 15&#8221; de diam\u00e8tre. Il p\u00e8se 38 lbs.<\/p>\n","protected":false},"featured_media":12614,"template":"","meta":[],"product_brand":[],"product_cat":[347,323,346,372,345],"product_tag":[],"class_list":{"0":"post-55805","1":"product","2":"type-product","3":"status-publish","4":"has-post-thumbnail","6":"product_cat-accessoires","7":"product_cat-accessories","8":"product_cat-bain-douches-et-accessoires","9":"product_cat-divers","10":"product_cat-toilettage","12":"first","13":"instock","14":"taxable","15":"shipping-taxable","16":"purchasable","17":"product-type-simple"},"aioseo_notices":[],"_links":{"self":[{"href":"https:\/\/hunterproboutique.com\/fr\/wp-json\/wp\/v2\/product\/55805","targetHints":{"allow":["GET"]}}],"collection":[{"href":"https:\/\/hunterproboutique.com\/fr\/wp-json\/wp\/v2\/product"}],"about":[{"href":"https:\/\/hunterproboutique.com\/fr\/wp-json\/wp\/v2\/types\/product"}],"wp:featuredmedia":[{"embeddable":true,"href":"https:\/\/hunterproboutique.com\/fr\/wp-json\/wp\/v2\/media\/12614"}],"wp:attachment":[{"href":"https:\/\/hunterproboutique.com\/fr\/wp-json\/wp\/v2\/media?parent=55805"}],"wp:term":[{"taxonomy":"product_brand","embeddable":true,"href":"https:\/\/hunterproboutique.com\/fr\/wp-json\/wp\/v2\/product_brand?post=55805"},{"taxonomy":"product_cat","embeddable":true,"href":"https:\/\/hunterproboutique.com\/fr\/wp-json\/wp\/v2\/product_cat?post=55805"},{"taxonomy":"product_tag","embeddable":true,"href":"https:\/\/hunterproboutique.com\/fr\/wp-json\/wp\/v2\/product_tag?post=55805"}],"curies":[{"name":"wp","href":"https:\/\/api.w.org\/{rel}","templated":true}]}}