{"id":55884,"date":"2026-04-15T01:02:16","date_gmt":"2026-04-15T05:02:16","guid":{"rendered":"https:\/\/hunterproboutique.com\/product\/wahl-lames-prime-40-025mm\/"},"modified":"2026-04-15T03:15:19","modified_gmt":"2026-04-15T07:15:19","slug":"wahl-lames-prime-40-025mm","status":"publish","type":"product","link":"https:\/\/hunterproboutique.com\/fr\/produit\/wahl-lames-prime-40-025mm\/","title":{"rendered":"WAHL &#8211; LAMES  PRIME #40F &#8211;0,25mm"},"content":{"rendered":"<p>WAHL &#8211; LAMES  PRIME #40F &#8211; 0, 25 mm  La pr\u00e9cision rencontre la perormance avec les lames WAHL, S\u00e9rie PRIME. Fabriqu\u00e9es en Allemagne en acier \u00e0 haute teneur de carbone, ces lames \u00e0 dents fines offrent un tranchant longue dur\u00e9e et une durabilit\u00e9 exceptionnelle  #40F -0, 25 mm Finition ultra-rapproch\u00e9e pour usage m\u00e9dical ou des lignes de pr\u00e9sentation pr\u00e9cises.  * Toiletteurs professionnels et experts en soins animaliers l&#8217;utilisent pour des coupes nettes et   pr\u00e9cises \u00e0 chaque fois. *Tondre les pattes d&#8217;un cheval, mdeler le pelage d&#8217;un chien ou nettoyer les pattes d&#8217;un chat, PRIME   garantit un nettoyage en douceur du d\u00e9but \u00e0 la fin. *Dot\u00e9ees de dents finement aiguis\u00e9es, ces lames amoviibles glissent sur le pelage avec une               accumulation de chaleur minimale et une traction r\u00e9duite, pour un confort optimal. *La rapidit\u00e9 du syst\u00e8me de changementde lame permet le changement de longueur rapide et   sans tracas.<\/p>\n","protected":false},"excerpt":{"rendered":"<p>WAHL &#8211; LAMES  PRIME #40F &#8211; 0, 25 mm  La pr\u00e9cision rencontre la perormance avec les lames WAHL, S\u00e9rie PRIME. Fabriqu\u00e9es en Allemagne en acier \u00e0 haute teneur de carbone, ces lames \u00e0 dents fines offrent un tranchant longue dur\u00e9e et une durabilit\u00e9 exceptionnelle  #40F -0, 25 mm Finition ultra-rapproch\u00e9e pour usage m\u00e9dical ou des lignes de pr\u00e9sentation pr\u00e9cises.  * Toiletteurs professionnels et experts en soins animaliers l&#8217;utilisent pour des coupes nettes et   pr\u00e9cises \u00e0 chaque fois. *Tondre les pattes d&#8217;un cheval, mdeler le pelage d&#8217;un chien ou nettoyer les pattes d&#8217;un chat, PRIME   garantit un nettoyage en douceur du d\u00e9but \u00e0 la fin. *Dot\u00e9ees de dents finement aiguis\u00e9es, ces lames amoviibles glissent sur le pelage avec une               accumulation de chaleur minimale et une traction r\u00e9duite, pour un confort optimal. *La rapidit\u00e9 du syst\u00e8me de changementde lame permet le changement de longueur rapide et   sans tracas.<\/p>\n","protected":false},"featured_media":0,"template":"","meta":[],"product_brand":[],"product_cat":[350,354,345],"product_tag":[],"class_list":{"0":"post-55884","1":"product","2":"type-product","3":"status-publish","5":"product_cat-lames","6":"product_cat-lames-wahl","7":"product_cat-toilettage","9":"first","10":"instock","11":"taxable","12":"shipping-taxable","13":"purchasable","14":"product-type-simple"},"aioseo_notices":[],"_links":{"self":[{"href":"https:\/\/hunterproboutique.com\/fr\/wp-json\/wp\/v2\/product\/55884","targetHints":{"allow":["GET"]}}],"collection":[{"href":"https:\/\/hunterproboutique.com\/fr\/wp-json\/wp\/v2\/product"}],"about":[{"href":"https:\/\/hunterproboutique.com\/fr\/wp-json\/wp\/v2\/types\/product"}],"wp:attachment":[{"href":"https:\/\/hunterproboutique.com\/fr\/wp-json\/wp\/v2\/media?parent=55884"}],"wp:term":[{"taxonomy":"product_brand","embeddable":true,"href":"https:\/\/hunterproboutique.com\/fr\/wp-json\/wp\/v2\/product_brand?post=55884"},{"taxonomy":"product_cat","embeddable":true,"href":"https:\/\/hunterproboutique.com\/fr\/wp-json\/wp\/v2\/product_cat?post=55884"},{"taxonomy":"product_tag","embeddable":true,"href":"https:\/\/hunterproboutique.com\/fr\/wp-json\/wp\/v2\/product_tag?post=55884"}],"curies":[{"name":"wp","href":"https:\/\/api.w.org\/{rel}","templated":true}]}}