{"id":56067,"date":"2026-05-07T01:02:02","date_gmt":"2026-05-07T05:02:02","guid":{"rendered":"https:\/\/hunterproboutique.com\/product\/x-petite-veste-de-flottaison-orange\/"},"modified":"2026-05-07T03:15:12","modified_gmt":"2026-05-07T07:15:12","slug":"x-petite-veste-de-flottaison-orange","status":"publish","type":"product","link":"https:\/\/hunterproboutique.com\/fr\/produit\/x-petite-veste-de-flottaison-orange\/","title":{"rendered":"X-PETITE VESTE DE FLOTTAISON ORANGE"},"content":{"rendered":"<p>OUTWARD HOUND &#8211; VESTE DE FLOTTAISON &#8211; X-PETITE  Ces vestes de flottaison orang\u00e9es hautement visibles comportent des bandes r\u00e9fl\u00e9chissantes, assurant la visibilit\u00e9 des chiens en toutes conditions. Elles maintiennent les t\u00eates au-dessus de l&#8217;eau gr\u00e2ce au flotteur frontal. Des poign\u00e9es sup\u00e9rieures permettent d&#8217;attraper facilement l&#8217;animal en cas d&#8217;urgence. Les rabats sur la poitrine et le cou sont enti\u00e8rement ajustable, en plus de ses boucles \u00e0 d\u00e9gagement rapide.  Au niveau du ventre, une courroie en n\u00e9opr\u00e8ne redouble le confort et la durabilit\u00e9.   XS(5-15lbs) longueur: 9-12&#8221;, cou: 6-8&#8221;, largeur: 11-15&#8221;.  S(15-30lbs) longueur: 12-14&#8221;, cou: 8-10&#8221;, largeur: 16-20&#8221;.  M(30-55lbs) longueur: 14-16&#8221;, cou: 10-14&#8221;, largeur: 21-27&#8221;.  L(55-85 lbs) longueur 16-19.5&#8221;, cou: 14-18&#8221;, largeur:28-32&#8221; . XL(85-100lbs) longeur: 19.5&#8221;+, cou: 13.5+, largeur: 33-40&#8221;. Les chiens sont uniques, et les grandeurs recommand\u00e9es peuvent varier.<\/p>\n","protected":false},"excerpt":{"rendered":"<p>OUTWARD HOUND &#8211; VESTE DE FLOTTAISON &#8211; X-PETITE  Ces vestes de flottaison orang\u00e9es hautement visibles comportent des bandes r\u00e9fl\u00e9chissantes, assurant la visibilit\u00e9 des chiens en toutes conditions. Elles maintiennent les t\u00eates au-dessus de l&#8217;eau gr\u00e2ce au flotteur frontal. Des poign\u00e9es sup\u00e9rieures permettent d&#8217;attraper facilement l&#8217;animal en cas d&#8217;urgence. Les rabats sur la poitrine et le cou sont enti\u00e8rement ajustable, en plus de ses boucles \u00e0 d\u00e9gagement rapide.  Au niveau du ventre, une courroie en n\u00e9opr\u00e8ne redouble le confort et la durabilit\u00e9.   XS(5-15lbs) longueur: 9-12&#8221;, cou: 6-8&#8221;, largeur: 11-15&#8221;.  S(15-30lbs) longueur: 12-14&#8221;, cou: 8-10&#8221;, largeur: 16-20&#8221;.  M(30-55lbs) longueur: 14-16&#8221;, cou: 10-14&#8221;, largeur: 21-27&#8221;.  L(55-85 lbs) longueur 16-19.5&#8221;, cou: 14-18&#8221;, largeur:28-32&#8221; . XL(85-100lbs) longeur: 19.5&#8221;+, cou: 13.5+, largeur: 33-40&#8221;. Les chiens sont uniques, et les grandeurs recommand\u00e9es peuvent varier.<\/p>\n","protected":false},"featured_media":56455,"template":"","meta":[],"product_brand":[],"product_cat":[372,345],"product_tag":[],"class_list":{"0":"post-56067","1":"product","2":"type-product","3":"status-publish","4":"has-post-thumbnail","6":"product_cat-divers","7":"product_cat-toilettage","9":"first","10":"outofstock","11":"taxable","12":"shipping-taxable","13":"purchasable","14":"product-type-simple"},"aioseo_notices":[],"_links":{"self":[{"href":"https:\/\/hunterproboutique.com\/fr\/wp-json\/wp\/v2\/product\/56067","targetHints":{"allow":["GET"]}}],"collection":[{"href":"https:\/\/hunterproboutique.com\/fr\/wp-json\/wp\/v2\/product"}],"about":[{"href":"https:\/\/hunterproboutique.com\/fr\/wp-json\/wp\/v2\/types\/product"}],"wp:featuredmedia":[{"embeddable":true,"href":"https:\/\/hunterproboutique.com\/fr\/wp-json\/wp\/v2\/media\/56455"}],"wp:attachment":[{"href":"https:\/\/hunterproboutique.com\/fr\/wp-json\/wp\/v2\/media?parent=56067"}],"wp:term":[{"taxonomy":"product_brand","embeddable":true,"href":"https:\/\/hunterproboutique.com\/fr\/wp-json\/wp\/v2\/product_brand?post=56067"},{"taxonomy":"product_cat","embeddable":true,"href":"https:\/\/hunterproboutique.com\/fr\/wp-json\/wp\/v2\/product_cat?post=56067"},{"taxonomy":"product_tag","embeddable":true,"href":"https:\/\/hunterproboutique.com\/fr\/wp-json\/wp\/v2\/product_tag?post=56067"}],"curies":[{"name":"wp","href":"https:\/\/api.w.org\/{rel}","templated":true}]}}