{"id":56097,"date":"2026-04-16T01:02:52","date_gmt":"2026-04-16T05:02:52","guid":{"rendered":"https:\/\/hunterproboutique.com\/product\/hy18052-arbre-a-chat-6040111cm\/"},"modified":"2026-04-16T03:16:28","modified_gmt":"2026-04-16T07:16:28","slug":"hy18052-arbre-a-chat-6040111cm","status":"publish","type":"product","link":"https:\/\/hunterproboutique.com\/fr\/produit\/hy18052-arbre-a-chat-6040111cm\/","title":{"rendered":"ARBRE A CHAT 60*40*111CM"},"content":{"rendered":"<p>#49048 &#8211; ARBRE GRIFFOIR POUR CHATS, TUNNEL 60x40x111cm  Cet arbre \u00e0 chat bien con\u00e7u avec des fonctions multijoueurs offre \u00e0 votre chaton un endroit id\u00e9al pour jouer et se reposer.   *Il dispose de 4 styles de perchoirs diff\u00e9rents avec des plates-formes plates et un lit pour chat sup\u00e9rieur pour que vos chats puissent grimper, jouer ou se reposer *Con\u00e7u avec des poteaux de corde en papier et des mat\u00e9riaux en tissu matelass\u00e9 pour garder votre chat confortable. *La base inf\u00e9rieure est lest\u00e9e pour emp\u00eacher l&#8217;arbre de basculer pendant les moments les plus\u00e9nergiques de votre chat. *L&#8217;id\u00e9e du tunnel est d&#8217;aider votre chat \u00e0 affiner ses sens dans un environnement familier.  *Parfait aussi pour plusieurs chats jouant \u00e0 cache-cache   60x40x111cm &#8211; 24x16x44&#8242;.<\/p>\n","protected":false},"excerpt":{"rendered":"<p>#49048 &#8211; ARBRE GRIFFOIR POUR CHATS, TUNNEL 60x40x111cm  Cet arbre \u00e0 chat bien con\u00e7u avec des fonctions multijoueurs offre \u00e0 votre chaton un endroit id\u00e9al pour jouer et se reposer.   *Il dispose de 4 styles de perchoirs diff\u00e9rents avec des plates-formes plates et un lit pour chat sup\u00e9rieur pour que vos chats puissent grimper, jouer ou se reposer *Con\u00e7u avec des poteaux de corde en papier et des mat\u00e9riaux en tissu matelass\u00e9 pour garder votre chat confortable. *La base inf\u00e9rieure est lest\u00e9e pour emp\u00eacher l&#8217;arbre de basculer pendant les moments les plus\u00e9nergiques de votre chat. *L&#8217;id\u00e9e du tunnel est d&#8217;aider votre chat \u00e0 affiner ses sens dans un environnement familier.  *Parfait aussi pour plusieurs chats jouant \u00e0 cache-cache   60x40x111cm &#8211; 24x16x44&#8242;.<\/p>\n","protected":false},"featured_media":6984,"template":"","meta":[],"product_brand":[],"product_cat":[347,323,346,372,345],"product_tag":[],"class_list":{"0":"post-56097","1":"product","2":"type-product","3":"status-publish","4":"has-post-thumbnail","6":"product_cat-accessoires","7":"product_cat-accessories","8":"product_cat-bain-douches-et-accessoires","9":"product_cat-divers","10":"product_cat-toilettage","12":"first","13":"instock","14":"taxable","15":"shipping-taxable","16":"purchasable","17":"product-type-simple"},"aioseo_notices":[],"_links":{"self":[{"href":"https:\/\/hunterproboutique.com\/fr\/wp-json\/wp\/v2\/product\/56097","targetHints":{"allow":["GET"]}}],"collection":[{"href":"https:\/\/hunterproboutique.com\/fr\/wp-json\/wp\/v2\/product"}],"about":[{"href":"https:\/\/hunterproboutique.com\/fr\/wp-json\/wp\/v2\/types\/product"}],"wp:featuredmedia":[{"embeddable":true,"href":"https:\/\/hunterproboutique.com\/fr\/wp-json\/wp\/v2\/media\/6984"}],"wp:attachment":[{"href":"https:\/\/hunterproboutique.com\/fr\/wp-json\/wp\/v2\/media?parent=56097"}],"wp:term":[{"taxonomy":"product_brand","embeddable":true,"href":"https:\/\/hunterproboutique.com\/fr\/wp-json\/wp\/v2\/product_brand?post=56097"},{"taxonomy":"product_cat","embeddable":true,"href":"https:\/\/hunterproboutique.com\/fr\/wp-json\/wp\/v2\/product_cat?post=56097"},{"taxonomy":"product_tag","embeddable":true,"href":"https:\/\/hunterproboutique.com\/fr\/wp-json\/wp\/v2\/product_tag?post=56097"}],"curies":[{"name":"wp","href":"https:\/\/api.w.org\/{rel}","templated":true}]}}