{"id":56099,"date":"2026-04-16T01:02:53","date_gmt":"2026-04-16T05:02:53","guid":{"rendered":"https:\/\/hunterproboutique.com\/product\/hy18051-arbre-a-chat-483174cm\/"},"modified":"2026-04-15T03:16:10","modified_gmt":"2026-04-15T07:16:10","slug":"hy18051-arbre-a-chat-483174cm","status":"publish","type":"product","link":"https:\/\/hunterproboutique.com\/fr\/produit\/hy18051-arbre-a-chat-483174cm\/","title":{"rendered":"ARBRE A CHAT 48*31*74CM"},"content":{"rendered":"<p>#49049 &#8211; ARBRE A CHAT 48x31x74  Cet arbre \u00e0 chat de dimension  constitue un espace id\u00e9al pour votre minou pour jouer, dormir, et se cacher.  Fait de mat\u00e9riel de tapis de haute qualit\u00e9 tr\u00e8s doux, cet arbre comprend : trois piquets en sisal,qui assurent sa solidit\u00e9, un lit, et une plate-forme qui offre la possibilit\u00e9 \u00e0 votre chat de sauter, et de bondir, une cachette en dessous de la plate-forme d&#8217; o\u00f9 minet se cacher. peu encombrant cette tour est l&#8217;endroit parfait pour le repos et le plaisir de votre chat.<\/p>\n","protected":false},"excerpt":{"rendered":"<p>#49049 &#8211; ARBRE A CHAT 48x31x74  Cet arbre \u00e0 chat de dimension  constitue un espace id\u00e9al pour votre minou pour jouer, dormir, et se cacher.  Fait de mat\u00e9riel de tapis de haute qualit\u00e9 tr\u00e8s doux, cet arbre comprend : trois piquets en sisal,qui assurent sa solidit\u00e9, un lit, et une plate-forme qui offre la possibilit\u00e9 \u00e0 votre chat de sauter, et de bondir, une cachette en dessous de la plate-forme d&#8217; o\u00f9 minet se cacher. peu encombrant cette tour est l&#8217;endroit parfait pour le repos et le plaisir de votre chat.<\/p>\n","protected":false},"featured_media":8258,"template":"","meta":[],"product_brand":[],"product_cat":[347,323,346,372,345],"product_tag":[],"class_list":{"0":"post-56099","1":"product","2":"type-product","3":"status-publish","4":"has-post-thumbnail","6":"product_cat-accessoires","7":"product_cat-accessories","8":"product_cat-bain-douches-et-accessoires","9":"product_cat-divers","10":"product_cat-toilettage","12":"first","13":"instock","14":"taxable","15":"shipping-taxable","16":"purchasable","17":"product-type-simple"},"aioseo_notices":[],"_links":{"self":[{"href":"https:\/\/hunterproboutique.com\/fr\/wp-json\/wp\/v2\/product\/56099","targetHints":{"allow":["GET"]}}],"collection":[{"href":"https:\/\/hunterproboutique.com\/fr\/wp-json\/wp\/v2\/product"}],"about":[{"href":"https:\/\/hunterproboutique.com\/fr\/wp-json\/wp\/v2\/types\/product"}],"wp:featuredmedia":[{"embeddable":true,"href":"https:\/\/hunterproboutique.com\/fr\/wp-json\/wp\/v2\/media\/8258"}],"wp:attachment":[{"href":"https:\/\/hunterproboutique.com\/fr\/wp-json\/wp\/v2\/media?parent=56099"}],"wp:term":[{"taxonomy":"product_brand","embeddable":true,"href":"https:\/\/hunterproboutique.com\/fr\/wp-json\/wp\/v2\/product_brand?post=56099"},{"taxonomy":"product_cat","embeddable":true,"href":"https:\/\/hunterproboutique.com\/fr\/wp-json\/wp\/v2\/product_cat?post=56099"},{"taxonomy":"product_tag","embeddable":true,"href":"https:\/\/hunterproboutique.com\/fr\/wp-json\/wp\/v2\/product_tag?post=56099"}],"curies":[{"name":"wp","href":"https:\/\/api.w.org\/{rel}","templated":true}]}}