{"id":56101,"date":"2026-04-16T01:02:53","date_gmt":"2026-04-16T05:02:53","guid":{"rendered":"https:\/\/hunterproboutique.com\/product\/pp19235-35x35x1035cm-griffoir-3-etages2-reposoirs\/"},"modified":"2026-04-16T03:16:28","modified_gmt":"2026-04-16T07:16:28","slug":"pp19235-35x35x1035cm-griffoir-3-etages2-reposoirs","status":"publish","type":"product","link":"https:\/\/hunterproboutique.com\/fr\/produit\/pp19235-35x35x1035cm-griffoir-3-etages2-reposoirs\/","title":{"rendered":"35x35x103,5cm GRIFFOIR 3 \u00e9tages,2 reposoirs"},"content":{"rendered":"<p>#49051 &#8211; ARBRE GRIFFOIR EN PELUCHE, 3 \u00c9TAGES, 2 REPOSOIRS GRIS ET BLANC  Cet arbre \u00e0 chat bien con\u00e7u, avec ses fonctions multi-joueurs, offre \u00e0 votre chaton un endroit id\u00e9al pour jouer et se reposer.   *3 styles de perchoirs diff\u00e9rents avec des plateformes souples et un tunnel en forme d&#8217;anneau au milieu pour grimper, jouer ou se reposer.  *Con\u00e7u avec des poteaux en corde en papier et des mat\u00e9riaux en tissu en peluche pour garder votre chat confortable.  *Une base inf\u00e9rieure lest\u00e9e est incluse pour emp\u00eacher l&#8217;arbre de basculer pendant les moments les plus \u00e9nergiques de votre f\u00e9lin.  *L&#8217;id\u00e9e du tunnel est d&#8217;aider \u00e0 affiner les sens de votre chat dans un habitat familier et il est \u00e9galement parfait pour plusieurs chats jouant \u00e0 cache-cache   35x35x103.5 cm &#8211; 14x14x41.4 &#8216;<\/p>\n","protected":false},"excerpt":{"rendered":"<p>#49051 &#8211; ARBRE GRIFFOIR EN PELUCHE, 3 \u00c9TAGES, 2 REPOSOIRS GRIS ET BLANC  Cet arbre \u00e0 chat bien con\u00e7u, avec ses fonctions multi-joueurs, offre \u00e0 votre chaton un endroit id\u00e9al pour jouer et se reposer.   *3 styles de perchoirs diff\u00e9rents avec des plateformes souples et un tunnel en forme d&#8217;anneau au milieu pour grimper, jouer ou se reposer.  *Con\u00e7u avec des poteaux en corde en papier et des mat\u00e9riaux en tissu en peluche pour garder votre chat confortable.  *Une base inf\u00e9rieure lest\u00e9e est incluse pour emp\u00eacher l&#8217;arbre de basculer pendant les moments les plus \u00e9nergiques de votre f\u00e9lin.  *L&#8217;id\u00e9e du tunnel est d&#8217;aider \u00e0 affiner les sens de votre chat dans un habitat familier et il est \u00e9galement parfait pour plusieurs chats jouant \u00e0 cache-cache   35x35x103.5 cm &#8211; 14x14x41.4 &#8216;<\/p>\n","protected":false},"featured_media":56433,"template":"","meta":[],"product_brand":[],"product_cat":[347,323,346,372,345],"product_tag":[],"class_list":{"0":"post-56101","1":"product","2":"type-product","3":"status-publish","4":"has-post-thumbnail","6":"product_cat-accessoires","7":"product_cat-accessories","8":"product_cat-bain-douches-et-accessoires","9":"product_cat-divers","10":"product_cat-toilettage","12":"first","13":"outofstock","14":"taxable","15":"shipping-taxable","16":"purchasable","17":"product-type-simple"},"aioseo_notices":[],"_links":{"self":[{"href":"https:\/\/hunterproboutique.com\/fr\/wp-json\/wp\/v2\/product\/56101","targetHints":{"allow":["GET"]}}],"collection":[{"href":"https:\/\/hunterproboutique.com\/fr\/wp-json\/wp\/v2\/product"}],"about":[{"href":"https:\/\/hunterproboutique.com\/fr\/wp-json\/wp\/v2\/types\/product"}],"wp:featuredmedia":[{"embeddable":true,"href":"https:\/\/hunterproboutique.com\/fr\/wp-json\/wp\/v2\/media\/56433"}],"wp:attachment":[{"href":"https:\/\/hunterproboutique.com\/fr\/wp-json\/wp\/v2\/media?parent=56101"}],"wp:term":[{"taxonomy":"product_brand","embeddable":true,"href":"https:\/\/hunterproboutique.com\/fr\/wp-json\/wp\/v2\/product_brand?post=56101"},{"taxonomy":"product_cat","embeddable":true,"href":"https:\/\/hunterproboutique.com\/fr\/wp-json\/wp\/v2\/product_cat?post=56101"},{"taxonomy":"product_tag","embeddable":true,"href":"https:\/\/hunterproboutique.com\/fr\/wp-json\/wp\/v2\/product_tag?post=56101"}],"curies":[{"name":"wp","href":"https:\/\/api.w.org\/{rel}","templated":true}]}}