{"id":56107,"date":"2026-04-16T01:02:53","date_gmt":"2026-04-16T05:02:53","guid":{"rendered":"https:\/\/hunterproboutique.com\/product\/k81004-petit-bottes-4-blaze-cross-2-5\/"},"modified":"2026-04-16T03:16:29","modified_gmt":"2026-04-16T07:16:29","slug":"k81004-petit-bottes-4-blaze-cross-2-5","status":"publish","type":"product","link":"https:\/\/hunterproboutique.com\/fr\/produit\/k81004-petit-bottes-4-blaze-cross-2-5\/","title":{"rendered":"K81004 PETIT BOTTES (4) BLAZE CROSS 2.5&#8242;"},"content":{"rendered":"<p>KURGO &#8211; K81004 PETIT BOTTES (4) BLAZE CROSS 2.5&#8242;\t  Les chiens ont deux fois plus de pieds. Ils ont donc besoin de deux fois plus de chaussures. Les chiens ont deux fois plus de pieds. Ils ont donc besoin de deux fois plus de chaussures. Avec une double fixation au niveau de la cheville, la chaussure Blaze Cross est l?objet indispensable pour commencer une nouvelle aventure. Peu importe o\u00f9 il ira, ces chaussures resteront en place. Les semelles sont con\u00e7ues pour reproduire la structure de ses coussinets et la maille en nylon \u00e9troite est \u00e9tanche et dot\u00e9e d?un rev\u00eatement sup\u00e9rieur en cuir synth\u00e9tique respirant. Et pour les sorties nocturnes, elles sont dot\u00e9es d?une garniture r\u00e9fl\u00e9chissante. Un syst\u00e8me de fermeture double ajustable garantit confort et stabilit\u00e9.<\/p>\n","protected":false},"excerpt":{"rendered":"<p>KURGO &#8211; K81004 PETIT BOTTES (4) BLAZE CROSS 2.5&#8242;\t  Les chiens ont deux fois plus de pieds. Ils ont donc besoin de deux fois plus de chaussures. Les chiens ont deux fois plus de pieds. Ils ont donc besoin de deux fois plus de chaussures. Avec une double fixation au niveau de la cheville, la chaussure Blaze Cross est l?objet indispensable pour commencer une nouvelle aventure. Peu importe o\u00f9 il ira, ces chaussures resteront en place. Les semelles sont con\u00e7ues pour reproduire la structure de ses coussinets et la maille en nylon \u00e9troite est \u00e9tanche et dot\u00e9e d?un rev\u00eatement sup\u00e9rieur en cuir synth\u00e9tique respirant. Et pour les sorties nocturnes, elles sont dot\u00e9es d?une garniture r\u00e9fl\u00e9chissante. Un syst\u00e8me de fermeture double ajustable garantit confort et stabilit\u00e9.<\/p>\n","protected":false},"featured_media":56410,"template":"","meta":[],"product_brand":[],"product_cat":[360,364,345],"product_tag":[],"class_list":{"0":"post-56107","1":"product","2":"type-product","3":"status-publish","4":"has-post-thumbnail","6":"product_cat-hygiene-et-soins-chien","7":"product_cat-soin-des-yeux-oreille-et-buccale-et-instruments","8":"product_cat-toilettage","10":"first","11":"instock","12":"taxable","13":"shipping-taxable","14":"purchasable","15":"product-type-simple"},"aioseo_notices":[],"_links":{"self":[{"href":"https:\/\/hunterproboutique.com\/fr\/wp-json\/wp\/v2\/product\/56107","targetHints":{"allow":["GET"]}}],"collection":[{"href":"https:\/\/hunterproboutique.com\/fr\/wp-json\/wp\/v2\/product"}],"about":[{"href":"https:\/\/hunterproboutique.com\/fr\/wp-json\/wp\/v2\/types\/product"}],"wp:featuredmedia":[{"embeddable":true,"href":"https:\/\/hunterproboutique.com\/fr\/wp-json\/wp\/v2\/media\/56410"}],"wp:attachment":[{"href":"https:\/\/hunterproboutique.com\/fr\/wp-json\/wp\/v2\/media?parent=56107"}],"wp:term":[{"taxonomy":"product_brand","embeddable":true,"href":"https:\/\/hunterproboutique.com\/fr\/wp-json\/wp\/v2\/product_brand?post=56107"},{"taxonomy":"product_cat","embeddable":true,"href":"https:\/\/hunterproboutique.com\/fr\/wp-json\/wp\/v2\/product_cat?post=56107"},{"taxonomy":"product_tag","embeddable":true,"href":"https:\/\/hunterproboutique.com\/fr\/wp-json\/wp\/v2\/product_tag?post=56107"}],"curies":[{"name":"wp","href":"https:\/\/api.w.org\/{rel}","templated":true}]}}