{"id":56129,"date":"2026-04-15T01:03:03","date_gmt":"2026-04-15T05:03:03","guid":{"rendered":"https:\/\/hunterproboutique.com\/product\/k01544-petit-manteau-north-country-noir\/"},"modified":"2026-04-15T03:16:11","modified_gmt":"2026-04-15T07:16:11","slug":"k01544-petit-manteau-north-country-noir","status":"publish","type":"product","link":"https:\/\/hunterproboutique.com\/fr\/produit\/k01544-petit-manteau-north-country-noir\/","title":{"rendered":"K01544 PETIT MANTEAU NORTH COUNTRY NOIR"},"content":{"rendered":"<p>KURGO &#8211; K01544 PETIT MANTEAU NORTH COUNTRY NOIR\t  Si vous \u00e9tiez couvert de fourrure absorbante, ne voudriez-vous pas une protection? Faites de votre chien un solide. Le manteau North Country est fabriqu\u00e9 \u00e0 partir d&#8217;un mat\u00e9riau ripstop doubl\u00e9 de polaire r\u00e9sistant \u00e0 l&#8217;eau qui rit sournoisement face \u00e0 la pluie et au froid. L&#8217;ouverture \u00e0 glissi\u00e8re permet \u00e0 la laisse de se connecter \u00e0 un collier ou \u00e0 un harnais, et le design pr\u00e9sente des pinces \u00e0 l&#8217;arri\u00e8re, pour un ajustement conique confortable. Et m\u00eame lorsqu&#8217;il commence \u00e0 faire sombre, cette veste continue de fonctionner avec un passepoil r\u00e9fl\u00e9chissant suppl\u00e9mentaire et une bande LED clignotante. Temps humide et froid? Ne nous faites pas rire.<\/p>\n","protected":false},"excerpt":{"rendered":"<p>KURGO &#8211; K01544 PETIT MANTEAU NORTH COUNTRY NOIR\t  Si vous \u00e9tiez couvert de fourrure absorbante, ne voudriez-vous pas une protection? Faites de votre chien un solide. Le manteau North Country est fabriqu\u00e9 \u00e0 partir d&#8217;un mat\u00e9riau ripstop doubl\u00e9 de polaire r\u00e9sistant \u00e0 l&#8217;eau qui rit sournoisement face \u00e0 la pluie et au froid. L&#8217;ouverture \u00e0 glissi\u00e8re permet \u00e0 la laisse de se connecter \u00e0 un collier ou \u00e0 un harnais, et le design pr\u00e9sente des pinces \u00e0 l&#8217;arri\u00e8re, pour un ajustement conique confortable. Et m\u00eame lorsqu&#8217;il commence \u00e0 faire sombre, cette veste continue de fonctionner avec un passepoil r\u00e9fl\u00e9chissant suppl\u00e9mentaire et une bande LED clignotante. Temps humide et froid? Ne nous faites pas rire.<\/p>\n","protected":false},"featured_media":56357,"template":"","meta":[],"product_brand":[],"product_cat":[372,345],"product_tag":[],"class_list":{"0":"post-56129","1":"product","2":"type-product","3":"status-publish","4":"has-post-thumbnail","6":"product_cat-divers","7":"product_cat-toilettage","9":"first","10":"outofstock","11":"taxable","12":"shipping-taxable","13":"purchasable","14":"product-type-simple"},"aioseo_notices":[],"_links":{"self":[{"href":"https:\/\/hunterproboutique.com\/fr\/wp-json\/wp\/v2\/product\/56129","targetHints":{"allow":["GET"]}}],"collection":[{"href":"https:\/\/hunterproboutique.com\/fr\/wp-json\/wp\/v2\/product"}],"about":[{"href":"https:\/\/hunterproboutique.com\/fr\/wp-json\/wp\/v2\/types\/product"}],"wp:featuredmedia":[{"embeddable":true,"href":"https:\/\/hunterproboutique.com\/fr\/wp-json\/wp\/v2\/media\/56357"}],"wp:attachment":[{"href":"https:\/\/hunterproboutique.com\/fr\/wp-json\/wp\/v2\/media?parent=56129"}],"wp:term":[{"taxonomy":"product_brand","embeddable":true,"href":"https:\/\/hunterproboutique.com\/fr\/wp-json\/wp\/v2\/product_brand?post=56129"},{"taxonomy":"product_cat","embeddable":true,"href":"https:\/\/hunterproboutique.com\/fr\/wp-json\/wp\/v2\/product_cat?post=56129"},{"taxonomy":"product_tag","embeddable":true,"href":"https:\/\/hunterproboutique.com\/fr\/wp-json\/wp\/v2\/product_tag?post=56129"}],"curies":[{"name":"wp","href":"https:\/\/api.w.org\/{rel}","templated":true}]}}