{"id":57141,"date":"2026-04-16T01:02:53","date_gmt":"2026-04-16T05:02:53","guid":{"rendered":"https:\/\/hunterproboutique.com\/product\/485-cage-furet-31x-20-1-2\/"},"modified":"2026-04-15T03:16:10","modified_gmt":"2026-04-15T07:16:10","slug":"485-cage-furet-31x-20-1-2","status":"publish","type":"product","link":"https:\/\/hunterproboutique.com\/fr\/produit\/485-cage-furet-31x-20-1-2\/","title":{"rendered":"485 CAGE FURET 31&#8217;x 20 1\/2&#8242;"},"content":{"rendered":"<p>CAGE \u00c0 FURET FEISTY FERRET  Cette cage Pet Prevue 485 est con\u00e7ue pour accommoder les furets \u00e9nerg\u00e9tiques alors qu&#8217;ils courent, sauter et jouent. Elle comprends trois plate-formes et trois \u00e9chelles, en plus d&#8217;un hamac. Deux grandes portes, \u00e0 l&#8217;\u00e9preuve des fuites, facilitent l&#8217;acc\u00e8s \u00e0 l&#8217;animal. La grille et le plateau du bas sont amovibles pour faciliter le nettoyage. Un support sur roulettes permet de d\u00e9placer cette maison sans probl\u00e8mes. Une \u00e9tag\u00e8re du bas offre un espace de rangement suppl\u00e9mentaire. Le grillage a un espacement de 7\/8&#8221;. Elle mesure 31&#8221; de long, 20&#8221; de large et 41 1\/2&#8221; de haut (54&#8221; sur le support).<\/p>\n","protected":false},"excerpt":{"rendered":"<p>CAGE \u00c0 FURET FEISTY FERRET  Cette cage Pet Prevue 485 est con\u00e7ue pour accommoder les furets \u00e9nerg\u00e9tiques alors qu&#8217;ils courent, sauter et jouent. Elle comprends trois plate-formes et trois \u00e9chelles, en plus d&#8217;un hamac. Deux grandes portes, \u00e0 l&#8217;\u00e9preuve des fuites, facilitent l&#8217;acc\u00e8s \u00e0 l&#8217;animal. La grille et le plateau du bas sont amovibles pour faciliter le nettoyage. Un support sur roulettes permet de d\u00e9placer cette maison sans probl\u00e8mes. Une \u00e9tag\u00e8re du bas offre un espace de rangement suppl\u00e9mentaire. Le grillage a un espacement de 7\/8&#8221;. Elle mesure 31&#8221; de long, 20&#8221; de large et 41 1\/2&#8221; de haut (54&#8221; sur le support).<\/p>\n","protected":false},"featured_media":0,"template":"","meta":[],"product_brand":[],"product_cat":[347,346,345],"product_tag":[],"class_list":{"0":"post-57141","1":"product","2":"type-product","3":"status-publish","5":"product_cat-accessoires","6":"product_cat-bain-douches-et-accessoires","7":"product_cat-toilettage","9":"first","10":"instock","11":"taxable","12":"shipping-taxable","13":"purchasable","14":"product-type-simple"},"aioseo_notices":[],"_links":{"self":[{"href":"https:\/\/hunterproboutique.com\/fr\/wp-json\/wp\/v2\/product\/57141","targetHints":{"allow":["GET"]}}],"collection":[{"href":"https:\/\/hunterproboutique.com\/fr\/wp-json\/wp\/v2\/product"}],"about":[{"href":"https:\/\/hunterproboutique.com\/fr\/wp-json\/wp\/v2\/types\/product"}],"wp:attachment":[{"href":"https:\/\/hunterproboutique.com\/fr\/wp-json\/wp\/v2\/media?parent=57141"}],"wp:term":[{"taxonomy":"product_brand","embeddable":true,"href":"https:\/\/hunterproboutique.com\/fr\/wp-json\/wp\/v2\/product_brand?post=57141"},{"taxonomy":"product_cat","embeddable":true,"href":"https:\/\/hunterproboutique.com\/fr\/wp-json\/wp\/v2\/product_cat?post=57141"},{"taxonomy":"product_tag","embeddable":true,"href":"https:\/\/hunterproboutique.com\/fr\/wp-json\/wp\/v2\/product_tag?post=57141"}],"curies":[{"name":"wp","href":"https:\/\/api.w.org\/{rel}","templated":true}]}}